{"id":24951,"date":"2020-12-24T10:16:27","date_gmt":"2020-12-24T09:16:27","guid":{"rendered":"https:\/\/www.interbusinesschamber.com\/produit\/argan-pure-creme-mains-et-pieds-75ml\/"},"modified":"2020-12-25T11:31:38","modified_gmt":"2020-12-25T10:31:38","slug":"argan-pure-creme-mains-et-pieds-75ml","status":"publish","type":"product","link":"https:\/\/www.sopha-sahara.com\/en\/product\/argan-pure-creme-mains-et-pieds-75ml\/","title":{"rendered":"Argan Pure &#8211; Cr\u00e8me Mains et Pieds 75ml"},"content":{"rendered":"<div><strong>ARGAN PURE - CR\u00c8ME MAINS ET PIEDS<\/strong><\/div>\n<div>\u00a0<\/div>\n<div>Soin cosm\u00e9tique multifonctionnel riche en actifs \u00e9mollients et en huiles hydratantes.<br \/>Nourrit et prot\u00e8ge la peau des agressions ext\u00e9rieures, la laissant douce, lisse et d\u00e9licatement parfum\u00e9e.<br \/>Il est rapidement absorb\u00e9 sans graisse. Convient aux v\u00e9g\u00e9taliens. Test\u00e9 au nickel. Test\u00e9 dermatologiquement.<\/p>\n<p>M\u00c9THODE D'UTILISATION : Appliquer sur les zones concern\u00e9es et masser jusqu'\u00e0 absorption compl\u00e8te.<\/p>\n<p>INGR\u00c9DIENTS : Aqua, glyc\u00e9rine, huile de noyau d'argania spinosa, isonononyl isononanoate, diol\u00e9ate de glyc\u00e9ryle, palmitate d'isopropyle, trip\u00e9largonine, polyglyc\u00e9ryl-3 \u00e9ther c\u00e9tylique, triol\u00e9ine, c10-18 triglyc\u00e9rides, alcool c\u00e9t\u00e9arylique, ph\u00e9noxy\u00e9thanol, ac\u00e9tate de tocoph\u00e9rol, parfum, carbom\u00e8re, acide benzo\u00efque, diac\u00e9tate de glutamate t\u00e9trasodique, acide d\u00e9shydroac\u00e9tique, l\u00e9cithine, tocoph\u00e9rol, benzoate de benzyle, \u00e9thylhexylglyc\u00e9rine, palmitate ascorbylique, coumarine, alcool cinnamyl. Sans parab\u00e8nes, sans silicones, sans SLES, sans OGM et sans alcool.<\/p><\/div>","protected":false},"excerpt":{"rendered":"<p>Pharmalife Argan Pure &#8211; Cr\u00e8me Mains et Pieds 75ml. Soin cosm\u00e9tique multifonctionnel riche en actifs \u00e9mollients et en huiles hydratantes.<\/p>","protected":false},"featured_media":25185,"template":"","meta":{"arc_restricted_post":false},"product_cat":[49,347],"product_tag":[],"_links":{"self":[{"href":"https:\/\/www.sopha-sahara.com\/en\/wp-json\/wp\/v2\/product\/24951"}],"collection":[{"href":"https:\/\/www.sopha-sahara.com\/en\/wp-json\/wp\/v2\/product"}],"about":[{"href":"https:\/\/www.sopha-sahara.com\/en\/wp-json\/wp\/v2\/types\/product"}],"wp:featuredmedia":[{"embeddable":true,"href":"https:\/\/www.sopha-sahara.com\/en\/wp-json\/wp\/v2\/media\/25185"}],"wp:attachment":[{"href":"https:\/\/www.sopha-sahara.com\/en\/wp-json\/wp\/v2\/media?parent=24951"}],"wp:term":[{"taxonomy":"product_cat","embeddable":true,"href":"https:\/\/www.sopha-sahara.com\/en\/wp-json\/wp\/v2\/product_cat?post=24951"},{"taxonomy":"product_tag","embeddable":true,"href":"https:\/\/www.sopha-sahara.com\/en\/wp-json\/wp\/v2\/product_tag?post=24951"}],"curies":[{"name":"wp","href":"https:\/\/api.w.org\/{rel}","templated":true}]}}