{"id":24950,"date":"2020-12-24T10:16:26","date_gmt":"2020-12-24T09:16:26","guid":{"rendered":"https:\/\/www.interbusinesschamber.com\/produit\/creme-de-reglisse-bacopa-75ml\/"},"modified":"2020-12-25T12:56:39","modified_gmt":"2020-12-25T11:56:39","slug":"creme-de-reglisse-bacopa-75ml","status":"publish","type":"product","link":"https:\/\/www.sopha-sahara.com\/en\/product\/creme-de-reglisse-bacopa-75ml\/","title":{"rendered":"Cr\u00e8me de R\u00e9glisse &#038; Bacopa 75ml"},"content":{"rendered":"<div><strong>CR\u00c8ME R\u00c9GLISSE ET BACOPA<\/strong><\/div>\n<div>\u00a0<\/div>\n<div>Cr\u00e8me \u00e0 haute concentration de substances fonctionnelles v\u00e9g\u00e9tales, c'est un produit innovant caract\u00e9ris\u00e9 par l'importante activit\u00e9 de l'extrait de racine de R\u00e9glisse dont on obtient l'acide 18 b-glycyrrh\u00e9ique, utilis\u00e9 dans cette formule, et l'extrait de Bacopa monnieri qui, en synergie avec l'huile de riz, le bisabolol et l'allantoine, assure une intense action anti-irritante, antirougeur et calmante. Il est \u00e9galement id\u00e9al pour les peaux probl\u00e9matiques endommag\u00e9es par des agents externes tels que le vent, le soleil et la pollution, ou irrit\u00e9es par des agents chimiques. Apaise et apaise la peau m\u00eame des plus petits.<\/p>\n<p>La cr\u00e8me \u00e0 la r\u00e9glisse et \u00e0 la pommade de Bacopa est utile dans les cas de :<\/p>\n<ul>\n<li>\u00a0\u00a0\u00a0 Peau s\u00e8che, craquel\u00e9e, rougie et sensible<\/li>\n<li>\u00a0\u00a0\u00a0 Dermatite atopique<\/li>\n<li>\u00a0\u00a0\u00a0 Et aussi d'agents chimiques.<\/li>\n<li>\u00a0\u00a0\u00a0 R\u00c9DUCTIONS<\/li>\n<li>\u00a0\u00a0\u00a0 Dermatite de contact<\/li>\n<li>\u00a0\u00a0\u00a0 Dermatose par irradiation<\/li>\n<li>\u00a0\u00a0\u00a0 Irritation par des agents externes<\/li>\n<\/ul>\n<p>M\u00c9THODE D'EMPLOI : Appliquer sur les parties concern\u00e9es et masser doucement jusqu'\u00e0 absorption compl\u00e8te.<\/p>\n<p>INGR\u00c9DIENTS : AQUA[EAU], GLYC\u00c9RINE, TRIGLYC\u00c9RIDE CAPRYLIQUE\/CAPRYLIQUE, ALCOOL C\u00c9TYLIQUE, ALLANTO\u00cfNE, ACIDE GLYCYRRH\u00c9TINIQUE, HUILE DE SON ORYZA SATIVA[ORYZA SATIVA (HUILE DE SON DE RIZ)], ST\u00c9ARATE DE GLYC\u00c9RYLE, ALCOOL, BISABOLOL, PARFUM[PARFUM], ST\u00c9ARATE PEG-75, CYCLOPENTASILOXANE, DIM\u00c9THYLONE, PEG-8, CETETH-20, STEARETH-20, EXTRAIT DE BACOPA MONNIERA, EXTRAIT DE SACCHARIDE ISOM\u00c8RE, EXTRAIT D'ONOPORDUM ACANTHIUM[EXTRAIT DE FLEUR\/FEUILLE\/TIGE D'ONOPORDUM ACANTHIUM], TOCOPH\u00c9ROL, CITRATE DE TRI\u00c9THYLE, HYDROXY\u00c9THYLCELLULOSE, D\u00c9SHYDROAC\u00c9TATE DE SODIUM, IMIDAZOLIDINYLUR\u00c9E, EDTA, ACIDE CITRIQUE, CITRATE DE SODIUM.<\/p><\/div>\n","protected":false},"excerpt":{"rendered":"<p>Pharmalife Cr\u00e8me de R\u00e9glisse &amp; Bacopa 75ml. Id\u00e9al pour les peaux \u00e0 probl\u00e8mes endommag\u00e9es par des agents externes tels que le vent, le soleil et la pollution ou irrit\u00e9es par des agents chimiques.<\/p>","protected":false},"featured_media":25261,"template":"","meta":{"arc_restricted_post":false},"product_cat":[49,347],"product_tag":[],"_links":{"self":[{"href":"https:\/\/www.sopha-sahara.com\/en\/wp-json\/wp\/v2\/product\/24950"}],"collection":[{"href":"https:\/\/www.sopha-sahara.com\/en\/wp-json\/wp\/v2\/product"}],"about":[{"href":"https:\/\/www.sopha-sahara.com\/en\/wp-json\/wp\/v2\/types\/product"}],"wp:featuredmedia":[{"embeddable":true,"href":"https:\/\/www.sopha-sahara.com\/en\/wp-json\/wp\/v2\/media\/25261"}],"wp:attachment":[{"href":"https:\/\/www.sopha-sahara.com\/en\/wp-json\/wp\/v2\/media?parent=24950"}],"wp:term":[{"taxonomy":"product_cat","embeddable":true,"href":"https:\/\/www.sopha-sahara.com\/en\/wp-json\/wp\/v2\/product_cat?post=24950"},{"taxonomy":"product_tag","embeddable":true,"href":"https:\/\/www.sopha-sahara.com\/en\/wp-json\/wp\/v2\/product_tag?post=24950"}],"curies":[{"name":"wp","href":"https:\/\/api.w.org\/{rel}","templated":true}]}}