{"id":24948,"date":"2020-12-24T10:16:24","date_gmt":"2020-12-24T09:16:24","guid":{"rendered":"https:\/\/www.interbusinesschamber.com\/produit\/riducell-mantenimento-attivo-15-flacons-de-15ml\/"},"modified":"2020-12-25T15:39:06","modified_gmt":"2020-12-25T14:39:06","slug":"riducell-mantenimento-attivo-15-flacons-de-15ml","status":"publish","type":"product","link":"https:\/\/www.sopha-sahara.com\/en\/product\/riducell-mantenimento-attivo-15-flacons-de-15ml\/","title":{"rendered":"Riducell Mantenimento Attivo 15 flacons de 15ml"},"content":{"rendered":"<div class=\"prodsch_txt\">\n<div>\n<div><strong>RIDUCELL MANTENIMENTO ATTIVO<\/strong><\/div>\n<div>\u00a0<\/div>\n<div>Il stimule le m\u00e9tabolisme des lipides et a une action amincissante et purifiante, avec des ananas pour lutter contre les imperfections de la cellulite et du mate pour stimuler le m\u00e9tabolisme des lipides, du sureau et du bouleau pour drainer les fluides corporels.<\/p>\n<p>COMMENT UTILISER: il est recommand\u00e9 de prendre 2 flacons par jour: 1 le matin et 1 l'apr\u00e8s-midi, diluer le flacon dans environ un demi-litre d'eau.<\/p>\n<p>INGR\u00c9DIENTS: sureau, ananas, citron, mat\u00e9, bouleau, cerise et pissenlit.<\/p><\/div>\n<\/div>\n<\/div>\n<div class=\"prodsch_avvert\">D\u00e9conseill\u00e9 aux personnes souffrant d'allergie aux d\u00e9riv\u00e9s salicyl\u00e9s.<\/p>\n<div>Lisez attentivement l\u2019\u00e9tiquette et les informations concernant le produit ainsi que le mode d\u2019emploi.<br \/>Ne pas d\u00e9passer la dose journali\u00e8re indiqu\u00e9e.<br \/>Tenir hors de port\u00e9e des jeunes enfants.<br \/>Les compl\u00e9ments alimentaires ne soient utilis\u00e9s comme substituts d'un r\u00e9gime alimentaire vari\u00e9.<\/div>\n<div>IAF network vous rappelled l\u2019importance d\u2019une alimentation vari\u00e9e et \u00e9quilibr\u00e9e et \u00e0 un mode de vie sain.<\/div>\n<\/div>","protected":false},"excerpt":{"rendered":"<p>Pharmalife Riducell Mantenimento Attivo. Il stimule le m\u00e9tabolisme des lipides et a une action amincissante et purifiante, avec des ananas pour lutter contre les imperfections de la cellulite et du mate pour stimuler le m\u00e9tabolisme des lipides, du sureau et du bouleau pour drainer les fluides corporels.<\/p>","protected":false},"featured_media":25362,"template":"","meta":{"arc_restricted_post":false},"product_cat":[49,347],"product_tag":[],"_links":{"self":[{"href":"https:\/\/www.sopha-sahara.com\/en\/wp-json\/wp\/v2\/product\/24948"}],"collection":[{"href":"https:\/\/www.sopha-sahara.com\/en\/wp-json\/wp\/v2\/product"}],"about":[{"href":"https:\/\/www.sopha-sahara.com\/en\/wp-json\/wp\/v2\/types\/product"}],"wp:featuredmedia":[{"embeddable":true,"href":"https:\/\/www.sopha-sahara.com\/en\/wp-json\/wp\/v2\/media\/25362"}],"wp:attachment":[{"href":"https:\/\/www.sopha-sahara.com\/en\/wp-json\/wp\/v2\/media?parent=24948"}],"wp:term":[{"taxonomy":"product_cat","embeddable":true,"href":"https:\/\/www.sopha-sahara.com\/en\/wp-json\/wp\/v2\/product_cat?post=24948"},{"taxonomy":"product_tag","embeddable":true,"href":"https:\/\/www.sopha-sahara.com\/en\/wp-json\/wp\/v2\/product_tag?post=24948"}],"curies":[{"name":"wp","href":"https:\/\/api.w.org\/{rel}","templated":true}]}}