{"id":24947,"date":"2020-12-24T10:16:23","date_gmt":"2020-12-24T09:16:23","guid":{"rendered":"https:\/\/www.interbusinesschamber.com\/produit\/digerstim-effervescente-100-grammes\/"},"modified":"2020-12-25T14:09:24","modified_gmt":"2020-12-25T13:09:24","slug":"digerstim-effervescente-100-grammes","status":"publish","type":"product","link":"https:\/\/www.sopha-sahara.com\/en\/product\/digerstim-effervescente-100-grammes\/","title":{"rendered":"Digerstim Effervescente 100 grammes"},"content":{"rendered":"<div class=\"prodsch_txt\">\n<div>\n<div><strong>EFFERVESCENT DIGERSTIM<\/strong><br \/>Compl\u00e9ment alimentaire aux huiles essentielles<\/div>\n<div>\u00a0<\/div>\n<div>Digerstim Effervescente est une pr\u00e9paration granulaire de solubilit\u00e9 rapide, de bon go\u00fbt et d'effervescence rapide.<br \/>Il est enrichi en huiles essentielles de menthe et de fenouil dont les propri\u00e9t\u00e9s sont largement connues. En effet, les huiles essentielles de Menthe et Fenouil, associ\u00e9es au bicarbonate de sodium, exercent une intense activit\u00e9 rafra\u00eechissante et digestive, contrecarrant les ballonnements gastriques.<br \/>Pris apr\u00e8s les repas ou en cas de besoin, il procure imm\u00e9diatement une sensation de bien-\u00eatre \u00e0 l'estomac, favorisant la digestion et \u00e9liminant la sensation de gonflement r\u00e9sultant d'une digestion lente ou lourde.<\/div>\n<div><\/p>\n<p>Mode d'emploi: apr\u00e8s les repas principaux ou, si n\u00e9cessaire, versez deux cuill\u00e8res \u00e0 caf\u00e9 dans un verre d'eau et buvez pendant l'effervescence ou prenez le produit tel quel en le dissolvant lentement dans la bouche.<\/p>\n<p>Contenu net: 100 g<\/p>\n<p>Stockage: garder herm\u00e9tiquement ferm\u00e9 dans un endroit frais et sec. \u00c9vitez l'exposition aux sources de chaleur.<\/p>\n<\/div>\n<div>\u00a0<\/div>\n<div>\n<div>\n<h4 class=\"tabnut_tit\">INFORMATION NUTRITIONNELLE<\/h4>\n<div class=\"tabnut_table\">\n<table class=\"iaftable\" cellspacing=\"0\">\n<tbody>\n<tr>\n<td class=\"tabnut_medsep-top\"><strong>Information nutritionnelle<\/strong><\/td>\n<td class=\"tabnut_medsep-top\"><strong>Par 100 g<\/strong><\/td>\n<td class=\"tabnut_medsep-top\"><strong>Par 2 cuill\u00e8res \u00e0 caf\u00e9<\/strong><\/td>\n<\/tr>\n<tr>\n<td class=\"tabnut_medsep-btm\">Feuilles de menthe oe<\/td>\n<td class=\"tabnut_medsep-btm\">310 mg<\/td>\n<td class=\"tabnut_medsep-btm\">18,6 mg<\/td>\n<\/tr>\n<tr>\n<td class=\"tabnut_medsep-top\">Graines de fenouil oe<\/td>\n<td class=\"tabnut_medsep-top\">170 mg<\/td>\n<td class=\"tabnut_medsep-top\">10,2 mg<\/td>\n<\/tr>\n<tr>\n<td class=\"tabnut_medsep-btm\" colspan=\"3\">\n<div><strong>Ingr\u00e9dients:<\/strong>\u00a0sucre, acidifiants: acide citrique, bicarbonate de sodium; glucose, huile essentielle de feuille de menthe (\u00a0<em>Mentha piperita<\/em>\u00a0), huile essentielle de graines de fenouil (\u00a0<em>Foeniculum vulgare<\/em>\u00a0).<\/div>\n<\/td>\n<\/tr>\n<\/tbody>\n<\/table>\n<\/div>\n<\/div>\n<\/div>\n<div>\n<p><\/div>\n<\/div>\n<\/div>\n<div class=\"prodsch_avvert\">La portion journali\u00e8re recommand\u00e9e ne doit pas conduire \u00e0 une ingestion d'estragole sup\u00e9rieure \u00e0 0.05 mg\/kg de poids corporel pour les enfants de moins de 12 ans.<\/p>\n<div>Lisez attentivement l\u2019\u00e9tiquette et les informations concernant le produit ainsi que le mode d\u2019emploi.<br \/>Ne pas d\u00e9passer la dose journali\u00e8re indiqu\u00e9e.<br \/>Tenir hors de port\u00e9e des jeunes enfants.<br \/>Les compl\u00e9ments alimentaires ne soient utilis\u00e9s comme substituts d'un r\u00e9gime alimentaire vari\u00e9.<\/div>\n<div>IAF network vous rappelled l\u2019importance d\u2019une alimentation vari\u00e9e et \u00e9quilibr\u00e9e et \u00e0 un mode de vie sain.<\/div>\n<\/div>","protected":false},"excerpt":{"rendered":"<p>Pharmalife Digerstim Effervescente 100 grammes. Digerstim Effervescente est une pr\u00e9paration granulaire de solubilit\u00e9 rapide, de bon go\u00fbt et d\u2019effervescence rapide.<\/p>","protected":false},"featured_media":25430,"template":"","meta":{"arc_restricted_post":false},"product_cat":[49,347],"product_tag":[],"_links":{"self":[{"href":"https:\/\/www.sopha-sahara.com\/en\/wp-json\/wp\/v2\/product\/24947"}],"collection":[{"href":"https:\/\/www.sopha-sahara.com\/en\/wp-json\/wp\/v2\/product"}],"about":[{"href":"https:\/\/www.sopha-sahara.com\/en\/wp-json\/wp\/v2\/types\/product"}],"wp:featuredmedia":[{"embeddable":true,"href":"https:\/\/www.sopha-sahara.com\/en\/wp-json\/wp\/v2\/media\/25430"}],"wp:attachment":[{"href":"https:\/\/www.sopha-sahara.com\/en\/wp-json\/wp\/v2\/media?parent=24947"}],"wp:term":[{"taxonomy":"product_cat","embeddable":true,"href":"https:\/\/www.sopha-sahara.com\/en\/wp-json\/wp\/v2\/product_cat?post=24947"},{"taxonomy":"product_tag","embeddable":true,"href":"https:\/\/www.sopha-sahara.com\/en\/wp-json\/wp\/v2\/product_tag?post=24947"}],"curies":[{"name":"wp","href":"https:\/\/api.w.org\/{rel}","templated":true}]}}