{"id":24938,"date":"2020-12-24T10:16:16","date_gmt":"2020-12-24T09:16:16","guid":{"rendered":"https:\/\/www.interbusinesschamber.com\/produit\/phytodol-thermo-100ml\/"},"modified":"2020-12-25T15:26:24","modified_gmt":"2020-12-25T14:26:24","slug":"phytodol-thermo-100ml","status":"publish","type":"product","link":"https:\/\/www.sopha-sahara.com\/en\/product\/phytodol-thermo-100ml\/","title":{"rendered":"Phytodol &#8211; Thermo 100ml"},"content":{"rendered":"<p><strong>PHARMALIFE PHYTODOL - THERM<\/strong><strong>O<\/strong><\/p>\n<p>Dispositif m\u00e9dical<\/p>\n<p>Dispositif m\u00e9dical topique compos\u00e9 d'une formulation sp\u00e9cifique \u00e0 base de glucosamine, de sulfate de chondro\u00eftine et d'acide hyaluronique, indiqu\u00e9 pour le traitement des tensions musculaires et articulaires.<br \/>Gr\u00e2ce \u00e0 la pr\u00e9sence d'ingr\u00e9dients rub\u00e9fiants, il donne un \"effet thermique\" agr\u00e9able indiqu\u00e9 dans le traitement topique des douleurs musculaires, des zones soumises \u00e0 des contraintes m\u00e9caniques, en cas de tension musculaire et de probl\u00e8mes localis\u00e9s dans le cou, les \u00e9paules et le dos et pour ceux qui pratiquent l'activit\u00e9 physique.<br \/>Assure un soulagement imm\u00e9diat et une sensation rapide de bien-\u00eatre.<\/p>\n<p>&nbsp;<\/p>\n<p>Mode d'emploi: il est recommand\u00e9 d'appliquer le produit deux fois par jour sur les parties affect\u00e9es et de masser lentement par mouvements circulaires jusqu'\u00e0 absorption compl\u00e8te.<br \/>Apr\u00e8s avoir utilis\u00e9 le produit, lavez-vous soigneusement les mains pour \u00e9viter tout contact avec les yeux et les muqueuses.<br \/>Fermer herm\u00e9tiquement le contenant apr\u00e8s chaque application.<\/p>\n<p>&nbsp;<\/p>\n<p>Contenu net: 100 ml<\/p>\n<p>&nbsp;<\/p>\n<div>\n<div class=\"tabnut_table\">\n<table class=\"iaftable\" cellspacing=\"0\">\n<tbody>\n<tr>\n<td colspan=\"3\"><strong>Ingr\u00e9dients:<\/strong>\u00a0salicylate de m\u00e9thyle, m\u00e9thyl sulfonyl m\u00e9thane, glucosamine solfat, griffe du diable, capsicum, sodium ialuronat, sulfate de chondro\u00eftine, calendula, huile essentielle de camphre, huile essentielle de cajeput, huile essentielle de cannelle.<\/td>\n<\/tr>\n<\/tbody>\n<\/table>\n<\/div>\n<\/div>","protected":false},"excerpt":{"rendered":"<p>Pharmalife Phytodol &#8211; Thermo 100ml. Dispositif m\u00e9dical topique compos\u00e9 d&rsquo;une formulation sp\u00e9cifique \u00e0 base de glucosamine, de sulfate de chondro\u00eftine et d&rsquo;acide hyaluronique, indiqu\u00e9 pour le traitement des tensions musculaires et articulaires.<\/p>","protected":false},"featured_media":25429,"template":"","meta":{"arc_restricted_post":false},"product_cat":[49,347],"product_tag":[],"_links":{"self":[{"href":"https:\/\/www.sopha-sahara.com\/en\/wp-json\/wp\/v2\/product\/24938"}],"collection":[{"href":"https:\/\/www.sopha-sahara.com\/en\/wp-json\/wp\/v2\/product"}],"about":[{"href":"https:\/\/www.sopha-sahara.com\/en\/wp-json\/wp\/v2\/types\/product"}],"wp:featuredmedia":[{"embeddable":true,"href":"https:\/\/www.sopha-sahara.com\/en\/wp-json\/wp\/v2\/media\/25429"}],"wp:attachment":[{"href":"https:\/\/www.sopha-sahara.com\/en\/wp-json\/wp\/v2\/media?parent=24938"}],"wp:term":[{"taxonomy":"product_cat","embeddable":true,"href":"https:\/\/www.sopha-sahara.com\/en\/wp-json\/wp\/v2\/product_cat?post=24938"},{"taxonomy":"product_tag","embeddable":true,"href":"https:\/\/www.sopha-sahara.com\/en\/wp-json\/wp\/v2\/product_tag?post=24938"}],"curies":[{"name":"wp","href":"https:\/\/api.w.org\/{rel}","templated":true}]}}