{"id":24936,"date":"2020-12-24T10:16:14","date_gmt":"2020-12-24T09:16:14","guid":{"rendered":"https:\/\/www.interbusinesschamber.com\/produit\/phytodol-creme-eudermique-relaxante-active-100ml\/"},"modified":"2020-12-25T15:25:46","modified_gmt":"2020-12-25T14:25:46","slug":"phytodol-creme-eudermique-relaxante-active-100ml","status":"publish","type":"product","link":"https:\/\/www.sopha-sahara.com\/en\/product\/phytodol-creme-eudermique-relaxante-active-100ml\/","title":{"rendered":"Phytodol &#8211; Cr\u00e8me eudermique relaxante active 100ml"},"content":{"rendered":"<div>\n<p><strong>PHARMALIFE PHYTODOL - CR\u00c8ME EUDERMALE DISTENSIVE ACTIVE<\/strong><strong><br \/><\/strong><\/p>\n<p>Produit cosm\u00e9tique<\/p>\n<\/div>\n<div>Pharmalife Phytodol Active CREAM est une pr\u00e9paration de massage eudermique phytocosm\u00e9tique qui garantit un effet relaxant.<\/p>\n<p>Produit avec de l'acide hyaluronique, du MSM, de la glucosamine, de la chondro\u00eftine, de l'arnica de montagne, de la griffe du diable et des huiles essentielles de gingembre, sedoaria, gaultheria et cannelle est utile pour apporter un soulagement imm\u00e9diat en cas de besoin. Il absorbe facilement sans laisser de r\u00e9sidus graisseux g\u00eanants.<\/p><\/div>\n<div>\u00a0<\/div>\n<div>Mode d'emploi: appliquer le produit sur les parties int\u00e9ress\u00e9es et favoriser leur absorption par un l\u00e9ger massage. \u00c9vitez tout contact avec les yeux et les muqueuses. Ne pas appliquer sur une peau ab\u00eem\u00e9e<\/div>\n<div>\u00a0<\/div>\n<div>\n<p>Contenu net: 100 ml<\/p>\n<\/div>\n<div>\n<div class=\"tabnut_table\">\n<table class=\"iaftable\" cellspacing=\"0\">\n<tbody>\n<tr>\n<td colspan=\"3\">\n<div><strong>INCI:<\/strong>\u00a0AQUA, GLYCERIN, CETEARYL ALCOHOL, ISONONYL ISONONANOATE, ISOPROPYL PALMITATE, POLYGLYCERYL-3 STEARATE, SUNFLOWER SEED OIL POLYGLYCERYL-4 ESTERS, PRUNUS AMYGDALUS DULCIS OIL, DIMETH<\/div>\n<\/td>\n<\/tr>\n<\/tbody>\n<\/table>\n<\/div>\n<\/div>","protected":false},"excerpt":{"rendered":"<p class=\"productabstract\">Pharmalife Phytodol &#8211; Cr\u00e8me Eudermique Relaxante Active 100 ml. Pharmalife Phytodol Active CREAM est une pr\u00e9paration de massage eudermique phytocosm\u00e9tique qui garantit un effet relaxant.<\/p>","protected":false},"featured_media":25428,"template":"","meta":{"arc_restricted_post":false},"product_cat":[49,347],"product_tag":[],"_links":{"self":[{"href":"https:\/\/www.sopha-sahara.com\/en\/wp-json\/wp\/v2\/product\/24936"}],"collection":[{"href":"https:\/\/www.sopha-sahara.com\/en\/wp-json\/wp\/v2\/product"}],"about":[{"href":"https:\/\/www.sopha-sahara.com\/en\/wp-json\/wp\/v2\/types\/product"}],"wp:featuredmedia":[{"embeddable":true,"href":"https:\/\/www.sopha-sahara.com\/en\/wp-json\/wp\/v2\/media\/25428"}],"wp:attachment":[{"href":"https:\/\/www.sopha-sahara.com\/en\/wp-json\/wp\/v2\/media?parent=24936"}],"wp:term":[{"taxonomy":"product_cat","embeddable":true,"href":"https:\/\/www.sopha-sahara.com\/en\/wp-json\/wp\/v2\/product_cat?post=24936"},{"taxonomy":"product_tag","embeddable":true,"href":"https:\/\/www.sopha-sahara.com\/en\/wp-json\/wp\/v2\/product_tag?post=24936"}],"curies":[{"name":"wp","href":"https:\/\/api.w.org\/{rel}","templated":true}]}}