{"id":24921,"date":"2020-12-24T10:01:59","date_gmt":"2020-12-24T09:01:59","guid":{"rendered":"https:\/\/www.interbusinesschamber.com\/produit\/superform-multivitamines-orange\/"},"modified":"2020-12-25T16:43:55","modified_gmt":"2020-12-25T15:43:55","slug":"superform-multivitamines-orange","status":"publish","type":"product","link":"https:\/\/www.sopha-sahara.com\/en\/product\/superform-multivitamines-orange\/","title":{"rendered":"Superform Multivitamines\u00ae Orange"},"content":{"rendered":"<p><b>Produit :<\/b>\u00a0Superform Multivitamines\u00ae Orange<\/p>\n<p><b>Forme :<\/b>\u00a0-<\/p>\n<p><b>Constituant :<\/b>\u00a0Multivitamines<\/p>\n<p><b>Pr\u00e9sentation :<\/b>\u00a010 et 20 comprim\u00e9s effervescent au gout Orange<\/p>\n<p><b>Indications :<\/b><\/p>\n<p>Un principe g\u00e9n\u00e9ral veut que plus l\u2019alimentation est d\u00e9s\u00e9quilibr\u00e9e et l\u2019environnement agressif, plus il est difficile d\u2019apporter \u00e0 l\u2019organisme une quantit\u00e9 suffisante en vitamines, min\u00e9raux et oligo-\u00e9l\u00e9ments. Sont concern\u00e9s en premier lieu les adolescents et les femmes enceintes, les sportifs, les fumeurs et les personnes \u00e2g\u00e9es.<\/p>\n<p><strong>Superform<\/strong>\u00a0comprim\u00e9s effervescent\u00a0<strong>Multivitamines + Min\u00e9raux + Oligo-\u00e9l\u00e9ments<\/strong>\u00a0contiennent des vitamines, des min\u00e9raux et des oligo-\u00e9l\u00e9ments combin\u00e9s avec soin, lesquels assurent un apport quotidien suffisant.<\/p>\n<p>Un seul comprim\u00e9 par jour apporte \u00e0 votre organisme le compl\u00e9ment n\u00e9cessaire.<\/p>\n<p><strong><em>Pour un compl\u00e9ment d'informations, t\u00e9l\u00e9chargez notre fiche posologique.<\/em><\/strong><\/p>","protected":false},"excerpt":{"rendered":"<p>Superform comprim\u00e9s effervescents Multivitamines + Min\u00e9raux + Oligo-\u00e9l\u00e9ments est un compl\u00e9ment alimentaire pr\u00e9cieux, constitu\u00e9 essentiellement de vitamines, de min\u00e9raux et d\u2019oligo-\u00e9l\u00e9ments. Ces substances nutritives essentielles participent au fonctionnement de l\u2019organisme humain.<\/p>\n<p>En raison d\u2019une alimentation d\u00e9s\u00e9quilibr\u00e9e, de grand stress au travail et \u00e0 la maison, de r\u00e9gimes ou d\u2019un effort sportif important, un apport optimal en vitamines, min\u00e9raux et oligo-\u00e9l\u00e9ments n\u2019est souvent plus assur\u00e9 par l\u2019alimentation \u00e0 l\u2019heure actuelle. Sont concern\u00e9s en premier lieu les adolescents, les femmes enceintes, les sportifs, les fumeurs et les personnes \u00e2g\u00e9es.<\/p>","protected":false},"featured_media":24928,"template":"","meta":{"arc_restricted_post":false},"product_cat":[49,346],"product_tag":[],"_links":{"self":[{"href":"https:\/\/www.sopha-sahara.com\/en\/wp-json\/wp\/v2\/product\/24921"}],"collection":[{"href":"https:\/\/www.sopha-sahara.com\/en\/wp-json\/wp\/v2\/product"}],"about":[{"href":"https:\/\/www.sopha-sahara.com\/en\/wp-json\/wp\/v2\/types\/product"}],"wp:featuredmedia":[{"embeddable":true,"href":"https:\/\/www.sopha-sahara.com\/en\/wp-json\/wp\/v2\/media\/24928"}],"wp:attachment":[{"href":"https:\/\/www.sopha-sahara.com\/en\/wp-json\/wp\/v2\/media?parent=24921"}],"wp:term":[{"taxonomy":"product_cat","embeddable":true,"href":"https:\/\/www.sopha-sahara.com\/en\/wp-json\/wp\/v2\/product_cat?post=24921"},{"taxonomy":"product_tag","embeddable":true,"href":"https:\/\/www.sopha-sahara.com\/en\/wp-json\/wp\/v2\/product_tag?post=24921"}],"curies":[{"name":"wp","href":"https:\/\/api.w.org\/{rel}","templated":true}]}}