{"id":24918,"date":"2020-12-24T10:01:57","date_gmt":"2020-12-24T09:01:57","guid":{"rendered":"https:\/\/www.interbusinesschamber.com\/produit\/vitamag-magnesium-150-mg\/"},"modified":"2020-12-25T16:44:47","modified_gmt":"2020-12-25T15:44:47","slug":"vitamag-magnesium-150-mg","status":"publish","type":"product","link":"https:\/\/www.sopha-sahara.com\/en\/product\/vitamag-magnesium-150-mg\/","title":{"rendered":"Vitamag Magn\u00e9sium\u00ae 150 mg"},"content":{"rendered":"<p><b>Produit :<\/b>\u00a0Vitamag Magn\u00e9sium\u00ae 150 mg<\/p>\n<p><b>Forme :<\/b>\u00a0-<\/p>\n<p><b>Constituant :<\/b>\u00a0Magn\u00e9sium &amp; Vitamines B1, B2, B6 et B12<\/p>\n<p><b>Pr\u00e9sentation :<\/b><\/p>\n<p>Le magn\u00e9sium et les vitamines B1, B2, B6 et B12 jouent un r\u00f4le important dans l\u2019organisme humain : ils entretiennent le m\u00e9tabolisme ainsi que le bon fonctionnement des cellules nerveuses et musculaires.<\/p>\n<p>Une mauvaise alimentation, des r\u00e9gimes pauvres, des cures d\u2019amaigrissement, trop d\u2019alcool et des efforts trop importants entra\u00eenent parfois une carence en magn\u00e9sium et en vitamines du groupe B.<\/p>\n<p>La cons\u00e9quence peut se traduire par des troubles nerveux , des faiblesses musculaires, des crampes, de la fatigue, ce qu\u2019on appelle commun\u00e9ment le stress.<\/p>\n<p>Pour accro\u00eetre l'activit\u00e9 \u00e0 court terme, chaque comprim\u00e9 contient un apport compl\u00e9mentaire d'\u00e9nergie sous forme de 3g de dextrose.<\/p>\n<p>&nbsp;<\/p>\n<p><b>Indications :<\/b><\/p>\n<p>Les personnes actives, les jeunes et les personnes plus \u00e2g\u00e9es qui ne b\u00e9n\u00e9ficient pas couramment d\u2019une alimentation equilibr\u00e9e ont besoin d\u2019un apport particulier en magn\u00e9sium et en vitamines du groupe B.<\/p>\n<p>L\u2019AJR indiqu\u00e9 ne devrait pas \u00eatre d\u00e9pass\u00e9.<\/p>\n<p>Vitamag est pr\u00e9conis\u00e9 dans les cas suivants :<\/p>\n<ul>\n<li>Difficult\u00e9s d'endormissement et\/ou r\u00e9veils nocturnes fr\u00e9quents,<\/li>\n<li>Crampes \/ Courbatures chez les sportifs et les femmes enceintes,<\/li>\n<li>Pour renforcer l'ossature des personnes \u00e2g\u00e9es,<\/li>\n<li>Alcoolisme chronique &amp; r\u00e9gimes minceurs,<\/li>\n<li>Palpitations, troubles du rythme et tachycardie,<\/li>\n<li>Paresth\u00e9sies et douleurs neuromusculaires.<\/li>\n<\/ul>","protected":false},"excerpt":{"rendered":"<p>Vitamag Magn\u00e9sium 150mg &amp; vitamines B1, B2, B6 et B12 est un compl\u00e9ment alimentaire effervescent.<\/p>\n<p>Une fois dissous, une boisson rafraichissante est obtenues pour un apport quotidien en magn\u00e9sium et en vitamines du groupe B.<\/p>","protected":false},"featured_media":24930,"template":"","meta":{"arc_restricted_post":false},"product_cat":[49,346],"product_tag":[],"_links":{"self":[{"href":"https:\/\/www.sopha-sahara.com\/en\/wp-json\/wp\/v2\/product\/24918"}],"collection":[{"href":"https:\/\/www.sopha-sahara.com\/en\/wp-json\/wp\/v2\/product"}],"about":[{"href":"https:\/\/www.sopha-sahara.com\/en\/wp-json\/wp\/v2\/types\/product"}],"wp:featuredmedia":[{"embeddable":true,"href":"https:\/\/www.sopha-sahara.com\/en\/wp-json\/wp\/v2\/media\/24930"}],"wp:attachment":[{"href":"https:\/\/www.sopha-sahara.com\/en\/wp-json\/wp\/v2\/media?parent=24918"}],"wp:term":[{"taxonomy":"product_cat","embeddable":true,"href":"https:\/\/www.sopha-sahara.com\/en\/wp-json\/wp\/v2\/product_cat?post=24918"},{"taxonomy":"product_tag","embeddable":true,"href":"https:\/\/www.sopha-sahara.com\/en\/wp-json\/wp\/v2\/product_tag?post=24918"}],"curies":[{"name":"wp","href":"https:\/\/api.w.org\/{rel}","templated":true}]}}