{"id":24917,"date":"2020-12-24T10:01:56","date_gmt":"2020-12-24T09:01:56","guid":{"rendered":"https:\/\/www.interbusinesschamber.com\/produit\/carboflore\/"},"modified":"2021-02-22T10:20:32","modified_gmt":"2021-02-22T09:20:32","slug":"carboflore","status":"publish","type":"product","link":"https:\/\/www.sopha-sahara.com\/en\/product\/carboflore\/","title":{"rendered":"Carboflore \u00ae"},"content":{"rendered":"<p><b>Produit :<\/b>\u00a0Carboflore \u00ae<\/p>\n<p><b>Forme :<\/b>\u00a0G\u00e9lules<\/p>\n<p><b>Constituant :<\/b><\/p>\n<p>Charbon v\u00e9g\u00e9tal Levure de bi\u00e8re.<\/p>\n<p>Carboflore est un complexe de deux ingr\u00e9dients d\u2019origine naturelle : le charbon v\u00e9g\u00e9tal et la levure reconnu pour leurs propri\u00e9t\u00e9s digestives.<\/p>\n<p>&nbsp;<\/p>\n<p><b>Pr\u00e9sentation :<\/b>\u00a01 \u00e9tui de 30 g\u00e9lules de 415 mg. Poids net : 12.45 g<\/p>\n<p><b>Indications :<\/b>\u00a0Gaz intestinaux<\/p>","protected":false},"excerpt":{"rendered":"<p>L\u2019association du charbon, le plus puissant des absorbants des gaz intestinaux et de la levure de bi\u00e8re, aux vertus r\u00e9g\u00e9n\u00e9rantes de la flore intestinale font de CARBOFLORE un compl\u00e9ment alimentaire complet pour lutter contre les gaz intestinaux.<\/p>","protected":false},"featured_media":30498,"template":"","meta":{"arc_restricted_post":false},"product_cat":[49,346],"product_tag":[],"_links":{"self":[{"href":"https:\/\/www.sopha-sahara.com\/en\/wp-json\/wp\/v2\/product\/24917"}],"collection":[{"href":"https:\/\/www.sopha-sahara.com\/en\/wp-json\/wp\/v2\/product"}],"about":[{"href":"https:\/\/www.sopha-sahara.com\/en\/wp-json\/wp\/v2\/types\/product"}],"wp:featuredmedia":[{"embeddable":true,"href":"https:\/\/www.sopha-sahara.com\/en\/wp-json\/wp\/v2\/media\/30498"}],"wp:attachment":[{"href":"https:\/\/www.sopha-sahara.com\/en\/wp-json\/wp\/v2\/media?parent=24917"}],"wp:term":[{"taxonomy":"product_cat","embeddable":true,"href":"https:\/\/www.sopha-sahara.com\/en\/wp-json\/wp\/v2\/product_cat?post=24917"},{"taxonomy":"product_tag","embeddable":true,"href":"https:\/\/www.sopha-sahara.com\/en\/wp-json\/wp\/v2\/product_tag?post=24917"}],"curies":[{"name":"wp","href":"https:\/\/api.w.org\/{rel}","templated":true}]}}