{"id":24916,"date":"2020-12-24T10:01:56","date_gmt":"2020-12-24T09:01:56","guid":{"rendered":"https:\/\/www.interbusinesschamber.com\/produit\/propolis-spray-nasal\/"},"modified":"2020-12-25T16:47:34","modified_gmt":"2020-12-25T15:47:34","slug":"propolis-spray-nasal","status":"publish","type":"product","link":"https:\/\/www.sopha-sahara.com\/en\/product\/propolis-spray-nasal\/","title":{"rendered":"Propolis SPRAY NASAL\u00ae"},"content":{"rendered":"<p><b>Produit :<\/b>\u00a0Propolis SPRAY NASAL\u00ae<\/p>\n<p><b>Forme :<\/b>\u00a0-<\/p>\n<p><b>Constituant :<\/b><\/p>\n<p>\u00c0 base d'eau purifi\u00e9e ; eau de mer physiologique filtr\u00e9e, 100 % naturelle et sans conservateur, contenant des extraits de propolis, sels min\u00e9raux et oligo-\u00e9l\u00e9ments marins (magn\u00e9sium, cuivre, zinc..)<\/p>\n<p>&nbsp;<\/p>\n<p><b>Pr\u00e9sentation :<\/b><\/p>\n<p>Spray Nasale avec embout Adulte &amp; Nourrisson<\/p>\n<p>&nbsp;<\/p>\n<p><b>Indications :<\/b><\/p>\n<p><strong>Propolis SPRAY NASAL\u00ae<\/strong>\u00a0est recommand\u00e9 chez le nourrisson, l'enfant et l'adulte. Gr\u00e2ce \u00e0 sa microdiffusion,\u00a0<strong>Propolis SPRAY NASAL\u00ae<\/strong>assure un lavage en douceur afin de vous aider \u00e0 mieux respirer<\/p>\n<p><u>Conseils d'utilisation :<\/u><\/p>\n<p><u><\/u>1 utilisation quotidienne est pr\u00e9conis\u00e9e \u00e0 raison de 2 \u00e0 6 pulv\u00e9risations par jour dans chaque narine.<\/p>\n<p><strong>Propolis SPRAY NASAL\u00ae<\/strong>\u00a0est recommand\u00e9 chez le nourrisson, l'enfant et l'adulte :<\/p>\n<ul>\n<li>En hygi\u00e8ne nasale quotidienne :\n<ul>\n<li>Restaure l'humidit\u00e9 naturelle du nez (climatisation, pollution, tabac\u2026)<\/li>\n<li>Permet de moucher delicatement votre nourrisson<\/li>\n<\/ul>\n<\/li>\n<li>En pr\u00e9vention des troubles de la sph\u00e8re ORL\n<ul>\n<li>En cas de sinusites et autres troubles n\u00e9cessitant un nettoyage d\u00e9licat.<\/li>\n<\/ul>\n<\/li>\n<\/ul>","protected":false},"excerpt":{"rendered":"<table>\n<tbody>\n<tr>\n<td valign=\"top\">\n<p>Propolis SPRAY NASAL\u00ae a une action 100% Naturelle ! Gr\u00e2ce \u00e0 sa microdiffusion, Propolis SPRAY NASAL\u00ae assure un lavage en douceur afin de vous aider \u00e0 mieux respirer.<\/p>\n<p>Ses sels min\u00e9raux et oligo-\u00e9l\u00e9ments marins (magn\u00e9sium, cuivre, zinc) permettent avec les extraits de propolis de prot\u00e9ger et de restaurer l&rsquo;humidit\u00e9 naturelle du nez.<\/p>\n<\/td>\n<\/tr>\n<\/tbody>\n<\/table>","protected":false},"featured_media":24925,"template":"","meta":{"arc_restricted_post":false},"product_cat":[49,346],"product_tag":[],"_links":{"self":[{"href":"https:\/\/www.sopha-sahara.com\/en\/wp-json\/wp\/v2\/product\/24916"}],"collection":[{"href":"https:\/\/www.sopha-sahara.com\/en\/wp-json\/wp\/v2\/product"}],"about":[{"href":"https:\/\/www.sopha-sahara.com\/en\/wp-json\/wp\/v2\/types\/product"}],"wp:featuredmedia":[{"embeddable":true,"href":"https:\/\/www.sopha-sahara.com\/en\/wp-json\/wp\/v2\/media\/24925"}],"wp:attachment":[{"href":"https:\/\/www.sopha-sahara.com\/en\/wp-json\/wp\/v2\/media?parent=24916"}],"wp:term":[{"taxonomy":"product_cat","embeddable":true,"href":"https:\/\/www.sopha-sahara.com\/en\/wp-json\/wp\/v2\/product_cat?post=24916"},{"taxonomy":"product_tag","embeddable":true,"href":"https:\/\/www.sopha-sahara.com\/en\/wp-json\/wp\/v2\/product_tag?post=24916"}],"curies":[{"name":"wp","href":"https:\/\/api.w.org\/{rel}","templated":true}]}}