{"id":24915,"date":"2020-12-24T10:01:56","date_gmt":"2020-12-24T09:01:56","guid":{"rendered":"https:\/\/www.interbusinesschamber.com\/produit\/shen-qi\/"},"modified":"2020-12-25T16:48:10","modified_gmt":"2020-12-25T15:48:10","slug":"shen-qi","status":"publish","type":"product","link":"https:\/\/www.sopha-sahara.com\/en\/product\/shen-qi\/","title":{"rendered":"Shen-Qi\u00ae"},"content":{"rendered":"<p><b>Produit :<\/b>\u00a0Shen-Qi\u00ae<\/p>\n<p><b>Forme :<\/b>\u00a0-<\/p>\n<p><b>Constituant :<\/b><\/p>\n<ul>\n<li>Panax Ginseng 800 mg<\/li>\n<li>Gel\u00e9e royale 400 mg<\/li>\n<li>Miel 3 gr<\/li>\n<\/ul>\n<p>&nbsp;<\/p>\n<p><b>Pr\u00e9sentation :<\/b>\u00a010 ampoules buvables<\/p>\n<p><b>Indications :<\/b><\/p>\n<p>L\u2019organisation mondiale de la sant\u00e9 reconna\u00eet l\u2019usage du Panax Ginseng pour :<\/p>\n<ul>\n<li>Tonifier l\u2019organisme des personnes affaiblies<\/li>\n<li>R\u00e9tablir les capacit\u00e9s physiques et intellectuelles<\/li>\n<li>Aider les convalescents \u00e0 reprendre des forces<\/li>\n<\/ul>\n<p>Shen-Qi est conseill\u00e9 en cas de :<\/p>\n<ul>\n<li>Baisse des capacit\u00e9s de concentration et de m\u00e9morisation<\/li>\n<li>Baisse de la libido, troubles de l\u2019\u00e9rection, probl\u00e8mes de fertilit\u00e9<\/li>\n<li>Fatigue passage ou chronique<\/li>\n<li>Baisse des performances pour les sportifs<\/li>\n<\/ul>","protected":false},"excerpt":{"rendered":"<p>Shen-Qi\u00ae est un cocktail nutritif aux vertus \u00e9nergisantes et reconstituantes. Ses effets sont principalement dus \u00e0 sa forte concentration en panax ginseng et \u00e0 la pr\u00e9sence de gel\u00e9e royale. Afin d&rsquo;atteindre une teneur optimale en ging\u00e9nosides et autres vitamines, min\u00e9raux et oligo\u00e9l\u00e9ments n\u00e9cessaires \u00e0 l&rsquo;activit\u00e9 th\u00e9rapeutique, le Ginseng contenu dans Shen-Qi\u00ae a requis 7 ans d&rsquo;attention. Sa forme gal\u00e9nique (ampoule) le pr\u00e9serve contre l&rsquo;oxydation et permet une meilleure observance.<\/p>","protected":false},"featured_media":24926,"template":"","meta":{"arc_restricted_post":false},"product_cat":[49,346],"product_tag":[],"_links":{"self":[{"href":"https:\/\/www.sopha-sahara.com\/en\/wp-json\/wp\/v2\/product\/24915"}],"collection":[{"href":"https:\/\/www.sopha-sahara.com\/en\/wp-json\/wp\/v2\/product"}],"about":[{"href":"https:\/\/www.sopha-sahara.com\/en\/wp-json\/wp\/v2\/types\/product"}],"wp:featuredmedia":[{"embeddable":true,"href":"https:\/\/www.sopha-sahara.com\/en\/wp-json\/wp\/v2\/media\/24926"}],"wp:attachment":[{"href":"https:\/\/www.sopha-sahara.com\/en\/wp-json\/wp\/v2\/media?parent=24915"}],"wp:term":[{"taxonomy":"product_cat","embeddable":true,"href":"https:\/\/www.sopha-sahara.com\/en\/wp-json\/wp\/v2\/product_cat?post=24915"},{"taxonomy":"product_tag","embeddable":true,"href":"https:\/\/www.sopha-sahara.com\/en\/wp-json\/wp\/v2\/product_tag?post=24915"}],"curies":[{"name":"wp","href":"https:\/\/api.w.org\/{rel}","templated":true}]}}