{"id":24914,"date":"2020-12-24T10:01:55","date_gmt":"2020-12-24T09:01:55","guid":{"rendered":"https:\/\/www.interbusinesschamber.com\/produit\/menophyt\/"},"modified":"2020-12-25T16:49:11","modified_gmt":"2020-12-25T15:49:11","slug":"menophyt","status":"publish","type":"product","link":"https:\/\/www.sopha-sahara.com\/en\/product\/menophyt\/","title":{"rendered":"MENOPHYT"},"content":{"rendered":"<p><b>Produit :<\/b>\u00a0MENOPHYT<\/p>\n<p><b>Forme :<\/b>\u00a0Comprim\u00e9s<\/p>\n<p><b>Constituant :<\/b><\/p>\n<p><em>Reine des pr\u00e9s<\/em><br \/>La Reine des pr\u00e9s est traditionnellement reconnue pour ses propri\u00e9t\u00e9s anti-inflammatoires puissantes (d\u00e9riv\u00e9s salicyl\u00e9s). Dans les cures d'amaigrissement, son pouvoir diur\u00e9tique a pour effet de stimuler l'\u00e9limination r\u00e9nale, de r\u00e9sorber les \u0153d\u00e8mes, de d\u00e9sinfiltrer et drainer les zones cellulitiques.<\/p>\n<p><em>Bruy\u00e8re<\/em><br \/>Les sommit\u00e9s fleuries de bruy\u00e8re sont traditionnellement reconnues pour leurs propri\u00e9t\u00e9s antiseptiques et diur\u00e9tiques, d\u2019o\u00f9 leur utilisation pour favoriser l\u2019\u00e9limination r\u00e9nale de l\u2019eau.<\/p>\n<p><em>Yam<\/em><br \/>Une plante qui contient de la diosg\u00e9nine et qui favorise la production d'hormones sexuelles. Cela aiderait l'organisme \u00e0 contrer les bouleversements physiologiques survenant lors de la m\u00e9nopause et lui permettrait de trouver son \u00e9quilibre hormonal.<\/p>\n<p><em>L'Extrait de Yam<\/em><br \/>L'Extrait de Yam permet de s\u00e9cr\u00e9ter soit des oestrog\u00e8nes, soit de la progest\u00e9rone, selon le cas. V\u00e9ritable confort au f\u00e9minin lors des troubles du cycle menstruel. Par ailleurs, l'extrait de Yam contribue \u00e0 apaiser l'irritabilit\u00e9 chez la femme lors de la m\u00e9nopause.<\/p>\n<p><em>Tr\u00e8fle rouge<\/em><br \/>Le tr\u00e8fle rouge est traditionnellement utilis\u00e9 pour soulager les troubles li\u00e9s \u00e0 la m\u00e9nopause, tels que les bouff\u00e9es de chaleur, la nervosit\u00e9, le sommeil perturb\u00e9, la peau s\u00e8che, la d\u00e9prime.<\/p>\n<p>&nbsp;<\/p>\n<p><b>Pr\u00e9sentation :<\/b><\/p>\n<p>Etui de 30 comprim\u00e9s de 500 mg Poids net : 15g<\/p>\n<p>&nbsp;<\/p>\n<p><b>Indications :<\/b><\/p>\n<p>MENOPHYT, un compl\u00e9ment alimentaire n\u2019est pas m\u00e9dicament, est dot\u00e9 d'un fort pouvoir diur\u00e9tique gr\u00e2ce \u00e0 la bruy\u00e8re\u00a0qui\u00a0<strong><em>\u00e9vite les gonflements disgracieux de la silhouette qui surviennent en p\u00e9riode de m\u00e9nopause<\/em><\/strong>. Le tr\u00e8fle rouge contient des isoflavones, mol\u00e9cules qui contribuent \u00e0\u00a0<strong><em>att\u00e9nuer les d\u00e9sagr\u00e9ments de la m\u00e9nopause<\/em><\/strong>. Enfin, la reine des pr\u00e9s est reconnue pour ses propri\u00e9t\u00e9s anti-inflammatoires puissantes.<\/p>\n<ul>\n<li>Diminuer les bouff\u00e9es de chaleur<\/li>\n<li>Aide \u00e0 lutter contre la r\u00e9tention d\u2019eau<\/li>\n<\/ul>","protected":false},"excerpt":{"rendered":"<p>MENOPHYT, un compl\u00e9ment alimentaire issu de la phytoth\u00e9rapie. C&rsquo;est l&rsquo;association de plantes: Yam, Tr\u00e8fle rouge, Bruy\u00e8re et la reine des pr\u00e9s ;qui aide \u00e0 diminuer les bouff\u00e9es de chaleur et lutte contre la r\u00e9tention d&rsquo;eau.<\/p>","protected":false},"featured_media":24924,"template":"","meta":{"arc_restricted_post":false},"product_cat":[49,346],"product_tag":[],"_links":{"self":[{"href":"https:\/\/www.sopha-sahara.com\/en\/wp-json\/wp\/v2\/product\/24914"}],"collection":[{"href":"https:\/\/www.sopha-sahara.com\/en\/wp-json\/wp\/v2\/product"}],"about":[{"href":"https:\/\/www.sopha-sahara.com\/en\/wp-json\/wp\/v2\/types\/product"}],"wp:featuredmedia":[{"embeddable":true,"href":"https:\/\/www.sopha-sahara.com\/en\/wp-json\/wp\/v2\/media\/24924"}],"wp:attachment":[{"href":"https:\/\/www.sopha-sahara.com\/en\/wp-json\/wp\/v2\/media?parent=24914"}],"wp:term":[{"taxonomy":"product_cat","embeddable":true,"href":"https:\/\/www.sopha-sahara.com\/en\/wp-json\/wp\/v2\/product_cat?post=24914"},{"taxonomy":"product_tag","embeddable":true,"href":"https:\/\/www.sopha-sahara.com\/en\/wp-json\/wp\/v2\/product_tag?post=24914"}],"curies":[{"name":"wp","href":"https:\/\/api.w.org\/{rel}","templated":true}]}}