{"id":24913,"date":"2020-12-24T10:01:55","date_gmt":"2020-12-24T09:01:55","guid":{"rendered":"https:\/\/www.interbusinesschamber.com\/produit\/fortivision\/"},"modified":"2020-12-25T16:49:45","modified_gmt":"2020-12-25T15:49:45","slug":"fortivision","status":"publish","type":"product","link":"https:\/\/www.sopha-sahara.com\/en\/product\/fortivision\/","title":{"rendered":"FORTIVISION"},"content":{"rendered":"<p><b>Produit :<\/b>\u00a0FORTIVISION<\/p>\n<p><b>Forme :<\/b>\u00a0Comprim\u00e9s drag\u00e9ifi\u00e9s<\/p>\n<p><b>Constituant :<\/b><\/p>\n<p>Phosphate dicalcique, vitamine C, \u00e9paissossant\u00a0: cellulose microcristalline,<\/p>\n<p>vitamine E, extrait de th\u00e9 vert (3.4%), sulfate de zinc, \u00e9paississant : carboxy-m\u00e9thyl-cellulose,<\/p>\n<p>\u00e9paississant : hydroxy-propyl-m\u00e9thylcellulose, agent de charge : polyvinylpyrrolidone,<\/p>\n<p>\u00e9mulsifiant : sels de magn\u00e9sium d\u2019acides alimentaires gras, lut\u00e9ine (0.4%), sulfate de cuivre,\u00a0<\/p>\n<p>vitamine B2, antiagglom\u00e9rant : talc, inuline, huile v\u00e9g\u00e9tale, colorant E 171,<\/p>\n<p>vitamine A, colorant E 172, z\u00e9axanthine (16 mg :100g), s\u00e9l\u00e9nite de sodium.<\/p>\n<p>&nbsp;<\/p>\n<p><b>Pr\u00e9sentation :<\/b><\/p>\n<p>Fortivision est sous forme de comprim\u00e9s drag\u00e9ifi\u00e9s dos\u00e9s \u00e0 5.6 mg de lut\u00e9ine et 0.2 mg de z\u00e9axanthine.<\/p>\n<p>&nbsp;<\/p>\n<p><b>Indications :<\/b><\/p>\n<p>Fortivision est un compl\u00e9ment alimentaire,\u00a0<strong>important pour la protection de la vue et l\u2019acuit\u00e9 visuelle<\/strong>.<\/p>\n<p>Il est utilis\u00e9 dans le cas d\u2019une d\u00e9g\u00e9n\u00e9rescence maculaire li\u00e9e \u00e0 l\u2019\u00e2ge (DMLA) et du stress oxydatif.<\/p>\n<p><strong><em>Les sympt\u00f4mes<\/em><\/strong><\/p>\n<ul>\n<li>Difficult\u00e9s \u00e0 lire,<\/li>\n<li>Distorsion des lignes droites,<\/li>\n<li>Difficult\u00e9s \u00e0 distinguer clairement les visages,<\/li>\n<li>T\u00e2ches sombres\u00a0\/ Scotomes dans le centre de la vision,<\/li>\n<li>N\u00e9cessit\u00e9 \u00e0 l\u2019\u00e9blouissement,<\/li>\n<li>Diminution de la vision de nuit et des couleurs.<\/li>\n<\/ul>","protected":false},"excerpt":{"rendered":"<p>Dans la vie quotidienne, notre organisme peut \u00eatre expos\u00e9 \u00e0 un stress quotidien plus ou moins p\u00e9nible, \u00e0 la pollution de l\u2019environnement, \u00e0 la fum\u00e9e, aux rayons UV, etc.<\/p>\n<p>Ces facteurs favorisent le d\u00e9veloppement de radicaux libres qui attaquent les structures cellulaires dans tout notre corps.<\/p>\n<p>En ce qui concerne les yeux, ce sont surtout les rayons UV et la lumi\u00e8re bleue riche en \u00e9nergie qui atteignent la lentille et la r\u00e9tine et acc\u00e9l\u00e8rent leurs d\u00e9g\u00e9n\u00e9rescences.<\/p>\n<p>Fortivision est un compl\u00e9ment alimentaire,\u00a0<strong>important pour la protection de la vue et l\u2019acuit\u00e9 visuelle<\/strong>.<\/p>","protected":false},"featured_media":24923,"template":"","meta":{"arc_restricted_post":false},"product_cat":[49,346],"product_tag":[],"_links":{"self":[{"href":"https:\/\/www.sopha-sahara.com\/en\/wp-json\/wp\/v2\/product\/24913"}],"collection":[{"href":"https:\/\/www.sopha-sahara.com\/en\/wp-json\/wp\/v2\/product"}],"about":[{"href":"https:\/\/www.sopha-sahara.com\/en\/wp-json\/wp\/v2\/types\/product"}],"wp:featuredmedia":[{"embeddable":true,"href":"https:\/\/www.sopha-sahara.com\/en\/wp-json\/wp\/v2\/media\/24923"}],"wp:attachment":[{"href":"https:\/\/www.sopha-sahara.com\/en\/wp-json\/wp\/v2\/media?parent=24913"}],"wp:term":[{"taxonomy":"product_cat","embeddable":true,"href":"https:\/\/www.sopha-sahara.com\/en\/wp-json\/wp\/v2\/product_cat?post=24913"},{"taxonomy":"product_tag","embeddable":true,"href":"https:\/\/www.sopha-sahara.com\/en\/wp-json\/wp\/v2\/product_tag?post=24913"}],"curies":[{"name":"wp","href":"https:\/\/api.w.org\/{rel}","templated":true}]}}