{"id":24875,"date":"2020-12-24T09:27:56","date_gmt":"2020-12-24T08:27:56","guid":{"rendered":"https:\/\/www.interbusinesschamber.com\/produit\/pediakid-spray-nez-gorge\/"},"modified":"2020-12-25T17:43:23","modified_gmt":"2020-12-25T16:43:23","slug":"pediakid-spray-nez-gorge","status":"publish","type":"product","link":"https:\/\/www.sopha-sahara.com\/en\/product\/pediakid-spray-nez-gorge\/","title":{"rendered":"PEDIAKID SPRAY NEZ-GORGE"},"content":{"rendered":"<div id=\"short_description_block\" class=\"short_description\">\n<p>Dispositif M\u00e9dical de Classe 1 -\u00a0Ce dispositif M\u00e9dical est un produit de sant\u00e9 r\u00e9glement\u00e9 qui porte, au titre de cette r\u00e9glementation, le marquage CE\u00a0<\/p>\n<p><strong>PEDIAKID\u00ae Spray Nez-Gorge<\/strong>\u00a0associe une solution d\u2019eau de mer l\u00e9g\u00e8rement hypertonique qui attire m\u00e9caniquement le liquide des muqueuses vers l\u2019ext\u00e9rieur pour\u00a0<strong>nettoyer les voies a\u00e9riennes sup\u00e9rieures et faciliter l\u2019\u00e9vacuation des mucosit\u00e9s ainsi que des microbes.<\/strong>\u00a0L\u2019Aloe vera forme un film sur la muqueuse et la p<strong>rot\u00e8ge des irritations, pour apaiser les maux de gorge et limiter la progression des infections.\u00a0<\/strong><strong>Le Spray Nez-Gorge PEDIAKID\u00ae\u00a0<\/strong>contient \u00e9galement des extraits d\u2019Echinac\u00e9e, de Propolis et de Cuivre, \u00a0ainsi que des hydrolats d\u2019Eucalyptus et de Romarin.<\/p>\n<p><strong>Fourni avec 2 embouts (nasal et buccal) pour une action douce 2 en 1. Sans gaz propulseur.\u00a0<\/strong><strong>Flacon spray de 20 ml<\/strong><\/p>\n<\/div>\n<p>&nbsp;<\/p>\n<p><strong>Ingr\u00e9dients:<\/strong><\/p>\n<p>Eau distill\u00e9e d\u2019Eucalyptus (Eucalyptus globulus), eau de mer \u00e0 base de sel de la mer morte, eau purifi\u00e9e, eau distill\u00e9e de Romarin (Rosmarinus officinalis), extrait d\u2019Echinac\u00e9e (Echinacea angustifolia), extrait de Propolis, \u00e9paississant : gomme xanthane, conservateur : sorbate de potassium, extrait d\u2019Alo\u00e8s (Aloe vera barbadensis), gluconate de cuivre, correcteur d\u2019acidit\u00e9 : acide citrique.<\/p>\n<p>&nbsp;<\/p>\n<p><strong>Recommandations :<\/strong><\/p>\n<p>Lire attentivement les recommandations et conseils d\u2019utilisation avant emploi.\u00a0Ne pas utiliser en cas de sensibilit\u00e9 ou d\u2019allergie \u00e0 l\u2019un des composants, ou en cas de traitement m\u00e9dical pour le nez ou la gorge, sauf avis contraire d\u2019un professionnel de sant\u00e9. Il est conseill\u00e9 de prendre des pr\u00e9cautions pour l\u2019utilisation chez les nourrissons et les jeunes enfants en raison du format spray.<\/p>\n<p><strong>Conseils d\u2019utilisation :<\/strong><\/p>\n<ul>\n<li>Pour le Nez : 2 pulv\u00e9risations dans chaque narine 2 \u00e0 3 fois par jour pendant 5 jours. Convient aux nourrissons.<\/li>\n<li>Pour la Gorge : 2 pulv\u00e9risations au fond de la gorge d\u00e8s 30 mois, 3 \u00e0 4 fois par jour pendant 5 jours.<\/li>\n<\/ul>","protected":false},"excerpt":{"rendered":"<div class=\"slogan-reviews\"><span class=\"product-slogan\">Destin\u00e9 \u00e0 soulager les sympt\u00f4mes du rhume : d\u00e9gage le nez et apaise la gorge<\/span><span class=\"product-insidecontent\">Spray 20 ml &#8211; embout nasal et buccal<\/span><\/div>\n<div id=\"short_description_block\" class=\"short_description\">\n<div id=\"short_description_content\" class=\"rte\">\n<ul>\n<li>Facilite l\u2019\u00e9vacuation des mucosit\u00e9s<\/li>\n<li>Apaise les maux de gorge<\/li>\n<li>Limite la progression des infections virales et bact\u00e9riennes<\/li>\n<li>Aux extraits de Plantes, Eau de Mer, Propolis &amp; Cuivre<\/li>\n<\/ul>\n<p>&nbsp;<\/p>\n<p><strong>Le + produit :<\/strong><\/p>\n<p>Dispositif m\u00e9dical destin\u00e9 \u00e0 soulager les sympt\u00f4mes du rhume, conforme aux dispositions de la directive europ\u00e9enne 93\/42\/CE Classe I \u2013 Action Douce, sans gaz propulseur \u2013 2 embouts (1 nasal et 1 buccal).<\/p>\n<\/div>\n<\/div>","protected":false},"featured_media":24899,"template":"","meta":{"arc_restricted_post":false},"product_cat":[49,345],"product_tag":[],"_links":{"self":[{"href":"https:\/\/www.sopha-sahara.com\/en\/wp-json\/wp\/v2\/product\/24875"}],"collection":[{"href":"https:\/\/www.sopha-sahara.com\/en\/wp-json\/wp\/v2\/product"}],"about":[{"href":"https:\/\/www.sopha-sahara.com\/en\/wp-json\/wp\/v2\/types\/product"}],"wp:featuredmedia":[{"embeddable":true,"href":"https:\/\/www.sopha-sahara.com\/en\/wp-json\/wp\/v2\/media\/24899"}],"wp:attachment":[{"href":"https:\/\/www.sopha-sahara.com\/en\/wp-json\/wp\/v2\/media?parent=24875"}],"wp:term":[{"taxonomy":"product_cat","embeddable":true,"href":"https:\/\/www.sopha-sahara.com\/en\/wp-json\/wp\/v2\/product_cat?post=24875"},{"taxonomy":"product_tag","embeddable":true,"href":"https:\/\/www.sopha-sahara.com\/en\/wp-json\/wp\/v2\/product_tag?post=24875"}],"curies":[{"name":"wp","href":"https:\/\/api.w.org\/{rel}","templated":true}]}}