{"id":24874,"date":"2020-12-24T09:27:52","date_gmt":"2020-12-24T08:27:52","guid":{"rendered":"https:\/\/www.interbusinesschamber.com\/produit\/pediakid-toux-seche-grasse\/"},"modified":"2020-12-25T17:34:12","modified_gmt":"2020-12-25T16:34:12","slug":"pediakid-toux-seche-grasse","status":"publish","type":"product","link":"https:\/\/www.sopha-sahara.com\/en\/product\/pediakid-toux-seche-grasse\/","title":{"rendered":"PEDIAKID TOUX S\u00c8CHE &#038; GRASSE"},"content":{"rendered":"<p>Parfaitement adapt\u00e9 aux enfants d\u00e8s 6 mois,\u00a0<strong>PEDIAKID\u00ae Toux S\u00e8che &amp; Grasse<\/strong>est une formule exclusive \u00e9labor\u00e9e \u00e0 partir de fibres pr\u00e9biotiques d\u2019Acacia, de glyc\u00e9rine v\u00e9g\u00e9tale et d\u2019extraits de plantes, destin\u00e9e \u00e0 soulager la toux et calmer l\u2019irritation de la gorge. Les fibres d\u2019acacia forment un film sur la muqueuse pour en soulager l\u2019irritation et pour la prot\u00e9ger des agents ext\u00e9rieurs irritants. La glyc\u00e9rine v\u00e9g\u00e9tale, gr\u00e2ce \u00e0 ses propri\u00e9t\u00e9s lubrifiantes, humectantes et \u00e9mollientes, favorise l\u2019hydratation du mucus facilitant ainsi son expectoration physiologique, tout en apaisant la muqueuse irrit\u00e9e. Le sirop\u00a0<strong>PEDIAKID\u00ae Toux S\u00e8che &amp; Grasse<\/strong>\u00a0contient \u00e9galement des extraits de plantes traditionnellement utilis\u00e9es dans le traitement de la toux (Thym, Plantain, Lierre, H\u00e9lichryse et P\u00e9largonium). Au d\u00e9licieux ar\u00f4me naturel de citron.<\/p>\n<p>Dispositif M\u00e9dical de Classe I -\u00a0Ce dispositif M\u00e9dical est un produit de sant\u00e9 r\u00e9glement\u00e9 qui porte, au titre de cette r\u00e9glementation, le marquage CE\u00a0<\/p>\n<p><strong>D\u00e9licieusement aromatis\u00e9 au citron (ar\u00f4me naturel)<\/strong><em>.\u00a0<\/em><em>Flacon de 125 ml sous \u00e9tui, avec bouchon doseur inclus.<\/em><\/p>\n<p>&nbsp;<\/p>\n<p><strong>Ingr\u00e9dients\u00a0:<\/strong>\u00a0Eau, sirop d\u2019agave, glyc\u00e9rine v\u00e9g\u00e9tale, fibres pr\u00e9biotiques d\u2019acacia - Fibregum\u00ae, extrait hydroglyc\u00e9rin\u00e9 de plantes (Thym, Plantain, Lierre, P\u00e9largonium), acide citrique, gomme xanthane, ar\u00f4me naturel citron, extrait d\u2019H\u00e9lichryse.<\/p>\n<p><strong>Sans conservateur \u2013 Sans colorant - Sans excipient de synth\u00e8se \u2013 Sans gluten - Sans allerg\u00e8ne<\/strong><\/p>\n<p><strong>Composition\u00a0:<\/strong><\/p>\n<ul>\n<li>Nectar d\u2019agave issu de l\u2019agriculture biologique : 20%<\/li>\n<li>Fibres pr\u00e9biotiques d\u2019Acacia issues de l\u2019agriculture biologique : 10%<\/li>\n<li>Glyc\u00e9rine v\u00e9g\u00e9tale (ma\u00efs non OGM, tournesol, colza) : 10%<\/li>\n<li>Extraits de plantes, dont : 7.68%<\/li>\n<li>Thym (Thymus vulgaris), feuille : 2.5%<\/li>\n<li>Lierre (Hedera helix), feuille : 2.5%<\/li>\n<li>Helychrise ou Immortelle italienne (Helichrysum italicum), herbe fleurie : 0.18%<\/li>\n<li>G\u00e9ranium du Cap (Pelargonium sidoides), racine : 2.5%<\/li>\n<li>Gomme xanthane : 0.2%<\/li>\n<\/ul>\n<p>&nbsp;<\/p>\n<p><strong>Conseils d'utilisation :<\/strong>\u00a0Agiter avant usage.\u00a0<strong>De 6 mois \u00e0 5 ans<\/strong>\u00a0: 5 ml \u00e0 l\u2019aide du bouchon doseur gradu\u00e9, une \u00e0 quatre fois par jour.\u00a0<strong>Apr\u00e8s 5 ans<\/strong>\u00a0: 10 ml \u00e0 l\u2019aide du bouchon doseur gradu\u00e9, deux \u00e0 quatre fois par jour en effectuant la derni\u00e8re prise avant le coucher. Les prises peuvent \u00eatre rapproch\u00e9es. Laver soigneusement le bouchon doseur apr\u00e8s chaque utilisation. Ce produit peut convenir \u00e0 l'adulte de plus de 15 ans. Chaque dose de 5 ml contient moins de 1 g de sucre (majoritairement sous forme de fructose issu du sirop d\u2019agave).<\/p>\n<p><strong>Recommandations :<\/strong>\u00a0Si les sympt\u00f4mes persistent au-del\u00e0 de 5 jours ou en cas de fi\u00e8vre, consulter un m\u00e9decin. Ne pas utiliser en cas de sensibilit\u00e9 ou d\u2019allergie \u00e0 l\u2019un des composants, ou en cas de traitement m\u00e9dical pour la gorge, sauf avis contraire d\u2019un professionnel de sant\u00e9. R\u00e9serv\u00e9 aux enfants de plus de 6 mois. A conserver hors de la vue et de la port\u00e9e des enfants, \u00e0 l\u2019abri de la chaleur. A utiliser de pr\u00e9f\u00e9rence avant la date indiqu\u00e9e sur l\u2019emballage. A conserver au r\u00e9frig\u00e9rateur apr\u00e8s ouverture et consommer dans les 15 jours.<\/p>","protected":false},"excerpt":{"rendered":"<div class=\"slogan-reviews\"><span class=\"product-slogan\">Calme la toux et soulage l\u2019irritation de la gorge<\/span><span class=\"product-insidecontent\">Flacon de 125 ml<\/span><\/div>\n<div id=\"short_description_block\" class=\"short_description\">\n<div id=\"short_description_content\" class=\"rte\">\n<p><strong>Le + produit :<\/strong><\/p>\n<ul>\n<li>Dispositif m\u00e9dical destin\u00e9 \u00e0 soulager la toux (s\u00e8che et grasse)en particulier lorsque celle-ci est associ\u00e9e \u00e0 une infection des voies respiratoires sup\u00e9rieures, conforme aux dispositions de la directive europ\u00e9enne 93\/42\/CE Classe I<\/li>\n<li>Bouchon doseur gradu\u00e9 fourni<\/li>\n<li>Calme la toux (s\u00e8che ou grasse)<\/li>\n<li>Soulage l\u2019irritation de la gorge<\/li>\n<li>Aux extraits de plantes (Thym, Plantain, H\u00e9lichryse, Lierre et P\u00e9largonium)<\/li>\n<\/ul>\n<\/div>\n<\/div>","protected":false},"featured_media":24900,"template":"","meta":{"arc_restricted_post":false},"product_cat":[49,345],"product_tag":[],"_links":{"self":[{"href":"https:\/\/www.sopha-sahara.com\/en\/wp-json\/wp\/v2\/product\/24874"}],"collection":[{"href":"https:\/\/www.sopha-sahara.com\/en\/wp-json\/wp\/v2\/product"}],"about":[{"href":"https:\/\/www.sopha-sahara.com\/en\/wp-json\/wp\/v2\/types\/product"}],"wp:featuredmedia":[{"embeddable":true,"href":"https:\/\/www.sopha-sahara.com\/en\/wp-json\/wp\/v2\/media\/24900"}],"wp:attachment":[{"href":"https:\/\/www.sopha-sahara.com\/en\/wp-json\/wp\/v2\/media?parent=24874"}],"wp:term":[{"taxonomy":"product_cat","embeddable":true,"href":"https:\/\/www.sopha-sahara.com\/en\/wp-json\/wp\/v2\/product_cat?post=24874"},{"taxonomy":"product_tag","embeddable":true,"href":"https:\/\/www.sopha-sahara.com\/en\/wp-json\/wp\/v2\/product_tag?post=24874"}],"curies":[{"name":"wp","href":"https:\/\/api.w.org\/{rel}","templated":true}]}}