{"id":24873,"date":"2020-12-24T09:27:51","date_gmt":"2020-12-24T08:27:51","guid":{"rendered":"https:\/\/www.interbusinesschamber.com\/produit\/pediakid-gommes-probiotiques\/"},"modified":"2020-12-25T17:17:38","modified_gmt":"2020-12-25T16:17:38","slug":"pediakid-gommes-probiotiques","status":"publish","type":"product","link":"https:\/\/www.sopha-sahara.com\/en\/product\/pediakid-gommes-probiotiques\/","title":{"rendered":"PEDIAKID GOMMES PROBIOTIQUES"},"content":{"rendered":"<p>Compl\u00e9ment alimentaire sous forme de gommes \u00e0 base de ferments lactiques<\/p>\n<p><strong>Les Gommes Probiotiques PEDIAKID\u00ae\u00a0<\/strong>associent 4 souches de Probiotiques \u00e0 effet synergique\u00a0<em>(Lactobacillus acidophilus, Lactobacillus casei, Lactobacillus plantarum, Streptococcus thermophilus)\u00a0<\/em>rigoureusement s\u00e9lectionn\u00e9es pour leurs propri\u00e9t\u00e9s et faisant l\u2019objet d\u2019un traitement sp\u00e9cifique pour garantir une parfaite stabilit\u00e9. Deux gommes par jour apporte\u00a01 milliard\u00a0de Probiotiques. Con\u00e7ues pour les enfants, les\u00a0<strong>Gommes<\/strong>\u00a0<strong>Probiotiques PEDIAKID\u00ae<\/strong>offrent une formule pratique, ludique et naturelle. Ces gommes en forme d\u2019oursons sont sans g\u00e9latine, sans conservateurs, sans gluten, sans lactose, sans ar\u00f4me ni colorant artificiel.<\/p>\n<p><em>A base de pectine de pomme, au d\u00e9licieux ar\u00f4me naturel de Pomme.<\/em><em>Pilulier de 60 oursons<\/em><\/p>\n<p>&nbsp;<\/p>\n<p><strong>Ingr\u00e9dients :\u00a0<\/strong>Sirop de glucose, sucre de canne, g\u00e9lifiant : pectine, acidifiants : citrate de potassium, acide citrique ; ar\u00f4me naturel de pomme avec autres ar\u00f4mes naturels, ferments lactiques (<em>Lactobacillus casei, Lactobacillus acidophilus, Lactobacillus plantarum, Streptococcus thermophilus<\/em>) (<strong><em>lait*, soja<\/em><\/strong>), agent d\u2019enrobage : cire de carnauba (huiles de coco et de colza).<\/p>\n<p>*Contient des traces de lait qui n\u2019affectent pas les personnes intol\u00e9rantes au lactose.<\/p>\n<p><em>\u00a0<\/em><\/p>\n<p>Informations nutritionnelles moyennes\u00a0:<\/p>\n<p>Pour 2 gommes (4,6 g)<\/p>\n<ul>\n<li>Ferments lactiques\u00a0: Equivalent \u00e0\u00a01 milliard de ferments<\/li>\n<\/ul>\n<p>incluant :<\/p>\n<ul>\n<li><em>Lactobacillus casei 4<\/em>00 millions<\/li>\n<li><em>Lactobacillus acidophilus\u00a0<\/em>300 millions<\/li>\n<li><em>Lactobacillus plantarum\u00a0<\/em>200 millions<\/li>\n<li><em>Streptococcus thermophilus\u00a0<\/em>100 millions<\/li>\n<\/ul>\n<p><strong>Conseils\u00a0d\u2019utilisation<\/strong>: d\u00e8s 3 ans.\u00a02 gommes par jour. Peut \u00e9galement convenir \u00e0 l\u2019adulte de plus de 15 ans.<\/p>\n<p><strong>Recommandations :<\/strong>\u00a0A conserver hors de la port\u00e9e des enfants, \u00e0 l'abri de la chaleur et de l\u2019humidit\u00e9. A consommer dans le cadre d'une alimentation vari\u00e9e et \u00e9quilibr\u00e9e, et d\u2019un mode de vie sain. Il est recommand\u00e9 de ne pas d\u00e9passer le dosage conseill\u00e9. A consommer de pr\u00e9f\u00e9rence avant la date indiqu\u00e9e sur l\u2019emballage.<\/p>","protected":false},"excerpt":{"rendered":"<div class=\"slogan-reviews\"><span class=\"product-slogan\">Contribue \u00e0 soutenir la flore intestinale<\/span><span class=\"product-insidecontent\">Pilulier de 60 oursons<\/span><\/div>\n<div id=\"short_description_block\" class=\"short_description\">\n<div id=\"short_description_content\" class=\"rte\">\n<ul>\n<li>2 gommes \/ jour =\u00a01 milliard de Probiotiques<\/li>\n<li>4 souches de Probiotiques<\/li>\n<li>Une formule pratique, ludique, d\u00e9licieuse et naturelle<\/li>\n<\/ul>\n<p>&nbsp;<\/p>\n<p><strong>Le + produit\u00a0:\u00a0<\/strong><\/p>\n<p>PEDIAKID\u00ae Gommes Probiotiques ont \u00e9t\u00e9 \u00e9labor\u00e9es \u00e0 base de pectine de pomme. Elles sont sans g\u00e9latine, sans conservateurs, sans gluten, sans lactose, sans ar\u00f4me ni colorant artificiel.<\/p>\n<\/div>\n<\/div>","protected":false},"featured_media":24907,"template":"","meta":{"arc_restricted_post":false},"product_cat":[49,345],"product_tag":[],"_links":{"self":[{"href":"https:\/\/www.sopha-sahara.com\/en\/wp-json\/wp\/v2\/product\/24873"}],"collection":[{"href":"https:\/\/www.sopha-sahara.com\/en\/wp-json\/wp\/v2\/product"}],"about":[{"href":"https:\/\/www.sopha-sahara.com\/en\/wp-json\/wp\/v2\/types\/product"}],"wp:featuredmedia":[{"embeddable":true,"href":"https:\/\/www.sopha-sahara.com\/en\/wp-json\/wp\/v2\/media\/24907"}],"wp:attachment":[{"href":"https:\/\/www.sopha-sahara.com\/en\/wp-json\/wp\/v2\/media?parent=24873"}],"wp:term":[{"taxonomy":"product_cat","embeddable":true,"href":"https:\/\/www.sopha-sahara.com\/en\/wp-json\/wp\/v2\/product_cat?post=24873"},{"taxonomy":"product_tag","embeddable":true,"href":"https:\/\/www.sopha-sahara.com\/en\/wp-json\/wp\/v2\/product_tag?post=24873"}],"curies":[{"name":"wp","href":"https:\/\/api.w.org\/{rel}","templated":true}]}}