{"id":24872,"date":"2020-12-24T09:27:51","date_gmt":"2020-12-24T08:27:51","guid":{"rendered":"https:\/\/www.interbusinesschamber.com\/produit\/pediakid-gommes-immunite\/"},"modified":"2020-12-25T17:14:25","modified_gmt":"2020-12-25T16:14:25","slug":"pediakid-gommes-immunite","status":"publish","type":"product","link":"https:\/\/www.sopha-sahara.com\/en\/product\/pediakid-gommes-immunite\/","title":{"rendered":"PEDIAKID GOMMES IMMUNIT\u00c9"},"content":{"rendered":"<p>Compl\u00e9ment alimentaire sous forme de gommes \u00e0 base de Gel\u00e9e royale, extrait d\u2019Echinac\u00e9e, Propolis, Vitamines et Cuivre.<\/p>\n<p>Les\u00a0<strong>Gommes Immunit\u00e9<\/strong>\u00a0<strong>PEDIAKID\u00ae\u00a0<\/strong>r\u00e9unissent des actifs naturels rigoureusement s\u00e9lectionn\u00e9s pour leurs propri\u00e9t\u00e9s reconnues et leur action douce permettant de soutenir l\u2019ensemble des d\u00e9fenses de l\u2019organisme. Pr\u00e9conis\u00e9es aux changements de saison, p\u00e9riodes propices aux refroidissements, elles sont \u00e9labor\u00e9es \u00e0 partir d\u2019un complexe de Gel\u00e9e Royale, extrait d\u2019Echinac\u00e9e, extrait de Propolis, vitamines et min\u00e9raux pour, d\u2019une part contribuer au fonctionnement normal du syst\u00e8me immunitaire (extrait d\u2019Echinac\u00e9e, Vitamines C, B6, B12, Cuivre) et d\u2019autre part soutenir les d\u00e9fenses de l\u2019organisme (extrait d\u2019Echinac\u00e9e). Les\u00a0<strong>Gommes Immunit\u00e9<\/strong><strong>PEDIAKID\u00ae\u00a0<\/strong>sontsans g\u00e9latine, sans gluten, sans lactose, sans conservateurs et sans ar\u00f4me ni colorant artificiel. Une formule pratique, ludique et saine, id\u00e9ale pour les enfants\u00a0!<\/p>\n<p><em>A base de pectine de pomme, au d\u00e9licieux ar\u00f4me naturel de Framboise.<\/em><em>\u00a0Pilulier de 60 oursons<\/em><\/p>\n<p>&nbsp;<\/p>\n<p><strong>Ingr\u00e9dients :\u00a0<\/strong>Sirop de glucose, sucre de canne, g\u00e9lifiant : pectine, extrait d\u2019Echinac\u00e9e, Vitamine C, acidifiants : citrate de potassium, acide citrique\u00a0; Gel\u00e9e royale, ar\u00f4me naturel de framboise avec autres ar\u00f4mes naturels, jus de sureau concentr\u00e9, extrait de Propolis, agent d\u2019enrobage : cire de carnauba (huiles de coco et de colza), bisglycinate de Cuivre, Vitamine B6, Vitamine B12.<\/p>\n<p><strong>Informations nutritionnelles moyennes\u00a0:<\/strong><\/p>\n<p>Pour 2 gommes (4,6 g)<\/p>\n<ul>\n<li>Extrait d\u2019Echinac\u00e9e\u00a0<em>(Echinacea purpurea)\u00a0<\/em>\u00a0100 mg<\/li>\n<li>Gel\u00e9e royale 50 mg<\/li>\n<li>Extrait de Propolis 25 mg<\/li>\n<li>Vitamine B6 0.21 mg (15% AR)<\/li>\n<li>Vitamine B12 0.375 \u03bcg (15% AR)<\/li>\n<li>Vitamine C 80 mg (100% AR)<\/li>\n<li>Cuivre 0.15 mg (15% AR)<\/li>\n<\/ul>\n<p><strong>Conseils d\u2019utilisation:\u00a0<\/strong>d\u00e8s 3 ans. 2 gommes par jour. Peut \u00e9galement convenir \u00e0 l\u2019adulte de plus de 15 ans.<\/p>\n<p><strong>Recommandations :<\/strong>\u00a0A conserver hors de la port\u00e9e des enfants, \u00e0 l'abri de la chaleur et de l\u2019humidit\u00e9. A consommer dans le cadre d'une alimentation vari\u00e9e et \u00e9quilibr\u00e9e, et d\u2019un mode de vie sain. Il est recommand\u00e9 de ne pas d\u00e9passer le dosage conseill\u00e9. A consommer de pr\u00e9f\u00e9rence avant la date indiqu\u00e9e sur l\u2019emballage.<\/p>","protected":false},"excerpt":{"rendered":"<div class=\"slogan-reviews\"><span class=\"product-slogan\">Contribue au fonctionnement normal du syst\u00e8me immunitaire et soutient les d\u00e9fenses de l\u2019organisme<\/span><span class=\"product-insidecontent\">Pilulier de 60 oursons<\/span><\/div>\n<div id=\"short_description_block\" class=\"short_description\">\n<div id=\"short_description_content\" class=\"rte\">\n<ul>\n<li>Gel\u00e9e Royale, Propolis et Extrait d\u2019Echinac\u00e9e<\/li>\n<li>Vitamines C, B6, B12 &amp; Cuivre<\/li>\n<li>Une formule pratique, ludique, d\u00e9licieuse et naturelle<\/li>\n<\/ul>\n<p><strong>Le + produit\u00a0:\u00a0<\/strong><\/p>\n<p>PEDIAKID\u00ae Gommes Immunit\u00e9 ont \u00e9t\u00e9 \u00e9labor\u00e9es \u00e0 base de pectine de pomme. Elles sont sans g\u00e9latine, sans conservateurs, sans gluten, sans lactose, sans ar\u00f4me ni colorant artificiel.<\/p>\n<\/div>\n<\/div>","protected":false},"featured_media":24885,"template":"","meta":{"arc_restricted_post":false},"product_cat":[49,345],"product_tag":[],"_links":{"self":[{"href":"https:\/\/www.sopha-sahara.com\/en\/wp-json\/wp\/v2\/product\/24872"}],"collection":[{"href":"https:\/\/www.sopha-sahara.com\/en\/wp-json\/wp\/v2\/product"}],"about":[{"href":"https:\/\/www.sopha-sahara.com\/en\/wp-json\/wp\/v2\/types\/product"}],"wp:featuredmedia":[{"embeddable":true,"href":"https:\/\/www.sopha-sahara.com\/en\/wp-json\/wp\/v2\/media\/24885"}],"wp:attachment":[{"href":"https:\/\/www.sopha-sahara.com\/en\/wp-json\/wp\/v2\/media?parent=24872"}],"wp:term":[{"taxonomy":"product_cat","embeddable":true,"href":"https:\/\/www.sopha-sahara.com\/en\/wp-json\/wp\/v2\/product_cat?post=24872"},{"taxonomy":"product_tag","embeddable":true,"href":"https:\/\/www.sopha-sahara.com\/en\/wp-json\/wp\/v2\/product_tag?post=24872"}],"curies":[{"name":"wp","href":"https:\/\/api.w.org\/{rel}","templated":true}]}}