{"id":24871,"date":"2020-12-24T09:27:50","date_gmt":"2020-12-24T08:27:50","guid":{"rendered":"https:\/\/www.interbusinesschamber.com\/produit\/pediakid-nez-gorge\/"},"modified":"2021-02-23T11:01:08","modified_gmt":"2021-02-23T10:01:08","slug":"pediakid-nez-gorge","status":"publish","type":"product","link":"https:\/\/www.sopha-sahara.com\/en\/product\/pediakid-nez-gorge\/","title":{"rendered":"PEDIAKID NEZ-GORGE"},"content":{"rendered":"<p><strong>Compl\u00e9ment alimentaire sous forme de sirop \u00e0 base d\u2019extraits de Thym, Primev\u00e8re, Mauve, Sureau noir, Tilleul, Ac\u00e9rola, Gingembre ; Propolis, Vitamine C, Zinc et Cuivre.<\/strong><\/p>\n<p><strong>PEDIAKID\u00ae Nez-Gorge<\/strong>\u00a0r\u00e9unit des actifs naturels pour\u00a0<strong>apaiser et d\u00e9gager les voies respiratoires<\/strong>\u00a0(nez, gorge, bronches\u2026), d\u00e8s les premiers signes. Le Thym, la Primev\u00e8re et le Tilleul apaisent la gorge. La Mauve, le Sureau noir et le Gingembre am\u00e9liorent le<strong>\u00a0confort respiratoire<\/strong>. La Vitamine C et le Cuivre participent au\u00a0<strong>fonctionnement du syst\u00e8me immunitaire<\/strong>, garant de bonnes d\u00e9fenses naturelles, ce qui est particuli\u00e8rement important en hiver, saison propice au confinement.<\/p>\n<p><strong>D\u00e9licieusement aromatis\u00e9 au miel et au concentr\u00e9 naturel de citron.<\/strong>\u00a0<strong>Flacon de 125 ml ou format familial 250 ml.<\/strong><br \/>\u00a0<\/p>\n<div>\n<section id=\"product-hook-tab\" class=\"page-product-box\">\n<div class=\"product-tab-wrapper\">\n<div class=\"container\">\n<div class=\"tab-content\">\n<div id=\"ingredients\" class=\"tab-pane active\" role=\"tabpanel\">\n<p><strong>Ingr\u00e9dients :<\/strong>\u00a0Sirop d\u2019agave 40%, eau\u00a0purifi\u00e9e, fibres d\u2019acacia 15%, extrait\u00a0hydroglyc\u00e9rin\u00e9 de plantes et Propolis 8%\u00a0(eau, glyc\u00e9rine v\u00e9g\u00e9tale, Thym, Primev\u00e8re,\u00a0Mauve, fleurs de Sureau et de Tilleul, Ac\u00e9rola,\u00a0Gingembre et Propolis), ar\u00f4mes dont ar\u00f4me\u00a0naturel de miel, complexe de vitamines et\u00a0min\u00e9raux : Vitamine C, gluconate de Zinc,\u00a0gluconate de Cuivre ; correcteur d\u2019acidit\u00e9 :\u00a0acide citrique, conservateur : sorbate de\u00a0potassium, concentr\u00e9 naturel de citron.<\/p>\n<p><strong>Sans gluten<\/strong><\/p>\n<p><strong>Informations nutritionnelles moyennes \/ 4 cuill\u00e8res \u00e0 caf\u00e9 (20 ml) :<\/strong><\/p>\n<ul>\n<li>Vitamine C : 25 mg (31% AR)<\/li>\n<li>Cuivre : 0,30 mg (15% AR)<\/li>\n<li>Zinc : 0.30 mg (3% AR)<\/li>\n<li>Extrait de Thym: 245 mg<\/li>\n<li>Extrait de Primev\u00e8re: 245 mg<\/li>\n<li>Extrait de Mauve: 245 mg<\/li>\n<li>Extrait de fleurs de Sureau: 245\u00a0mg<\/li>\n<li>Extraits de fleurs de Tilleul: 245 mg<\/li>\n<li>Extrait d'Ac\u00e9rola: 245 mg<\/li>\n<li>Extrait de Gingembre: 245 mg<\/li>\n<li>Extrait de Propolis : 245 mg<\/li>\n<\/ul>\n<p>* Ces valeurs peuvent subir de l\u00e9g\u00e8res variations, habituellement observ\u00e9es avec des produits d\u2019origine naturelle.<\/p>\n<p><em>AR : Apports de R\u00e9f\u00e9rence<\/em><\/p>\n<\/div>\n<\/div>\n<\/div>\n<\/div>\n<\/section>\n<div class=\"container\">\u00a0<\/div>\n<\/div>\n<div class=\"floating-product-bar is-active\">\n<div class=\"container\">\n<div class=\"floating-product-bar__text\">\n<div>\n<section id=\"product-hook-tab\" class=\"page-product-box\">\n<div class=\"product-tab-wrapper\">\n<div class=\"container\">\n<div class=\"tab-content\">\n<div id=\"recommendations\" class=\"tab-pane active\" role=\"tabpanel\">\n<p><strong>Conseils d'utilisation :\u00a0<\/strong>Peut \u00eatre utilis\u00e9 d\u00e8s lors que l\u2019alimentation est\u00a0diversifi\u00e9e. Agiter avant emploi.<\/p>\n<ul>\n<li><strong>Avant 5 ans<\/strong>\u00a0: 1 cuill\u00e8re \u00e0 caf\u00e9 1 \u00e0 2 fois par jour, le matin de pr\u00e9f\u00e9rence.<\/li>\n<li><strong>Apr\u00e8s 5 ans\u00a0<\/strong>: 2 cuill\u00e8res \u00e0 caf\u00e9 1 \u00e0 2 fois par jour, le matin de pr\u00e9f\u00e9rence.<\/li>\n<\/ul>\n<p>En programme de 1 mois. A renouveler\u00a0plusieurs fois dans l\u2019ann\u00e9e si n\u00e9cessaire.<br \/>Ce produit peut \u00e9galement convenir \u00e0 l\u2019adulte\u00a0de plus de 15 ans.<\/p>\n<p><strong>Recommandations :\u00a0<\/strong>A conserver hors de la port\u00e9e des enfants, \u00e0 l'abri de la chaleur et de l\u2019humidit\u00e9. A consommer dans le cadre d'une alimentation vari\u00e9e et \u00e9quilibr\u00e9e, et d\u2019un mode de vie sain. Il est recommand\u00e9 de ne pas d\u00e9passer le dosage conseill\u00e9. A consommer de pr\u00e9f\u00e9rence avant la date indiqu\u00e9e sur l\u2019emballage.\u00a0A conserver au r\u00e9frig\u00e9rateur et consommer dans les 30 jours apr\u00e8s ouverture.<\/p>\n<\/div>\n<\/div>\n<\/div>\n<\/div>\n<\/section>\n<div class=\"container\">\u00a0<\/div>\n<\/div>\n<div class=\"floating-product-bar is-active\">\n<div class=\"container\">\n<div class=\"floating-product-bar__text\">\u00a0<\/div>\n<\/div>\n<\/div>\n<\/div>\n<\/div>\n<\/div>","protected":false},"excerpt":{"rendered":"<div class=\"slogan-reviews\"><span class=\"product-slogan\">Aide \u00e0 d\u00e9gager et apaiser les voies respiratoires<\/span><span class=\"product-insidecontent\">Flacon de 125 ml ou 250 ml<\/span><\/div>\n<div id=\"short_description_block\" class=\"short_description\">\n<div id=\"short_description_content\" class=\"rte\">\n<ul>\n<li>Aux extraits de Thym, Primev\u00e8re et Tilleul reconnus pour apaiser la gorge<\/li>\n<li>Aux extraits de Mauve, Sureau noir et Gingembre, qui aident au confort respiratoire<\/li>\n<\/ul>\n<p>&nbsp;<\/p>\n<p><strong>Le + produit :\u00a0<\/strong><strong>Une innovation exclusive : Le Nectar d\u2019Agave<\/strong><\/p>\n<p>Plus doux et moins \u00e9pais que le miel, ce sucre d\u2019origine v\u00e9g\u00e9tale fabriqu\u00e9 au Mexique est contenu dans toutes les formulations PEDIAKID\u00ae Sirops. Il est constitu\u00e9 de sucres naturels, non raffin\u00e9s, ce qui lui conf\u00e8re des qualit\u00e9s nutritionnelles sp\u00e9cifiques.<\/p>\n<\/div>\n<\/div>","protected":false},"featured_media":30706,"template":"","meta":{"arc_restricted_post":false},"product_cat":[49,345],"product_tag":[],"_links":{"self":[{"href":"https:\/\/www.sopha-sahara.com\/en\/wp-json\/wp\/v2\/product\/24871"}],"collection":[{"href":"https:\/\/www.sopha-sahara.com\/en\/wp-json\/wp\/v2\/product"}],"about":[{"href":"https:\/\/www.sopha-sahara.com\/en\/wp-json\/wp\/v2\/types\/product"}],"wp:featuredmedia":[{"embeddable":true,"href":"https:\/\/www.sopha-sahara.com\/en\/wp-json\/wp\/v2\/media\/30706"}],"wp:attachment":[{"href":"https:\/\/www.sopha-sahara.com\/en\/wp-json\/wp\/v2\/media?parent=24871"}],"wp:term":[{"taxonomy":"product_cat","embeddable":true,"href":"https:\/\/www.sopha-sahara.com\/en\/wp-json\/wp\/v2\/product_cat?post=24871"},{"taxonomy":"product_tag","embeddable":true,"href":"https:\/\/www.sopha-sahara.com\/en\/wp-json\/wp\/v2\/product_tag?post=24871"}],"curies":[{"name":"wp","href":"https:\/\/api.w.org\/{rel}","templated":true}]}}