{"id":24870,"date":"2020-12-24T09:27:50","date_gmt":"2020-12-24T08:27:50","guid":{"rendered":"https:\/\/www.interbusinesschamber.com\/produit\/pediakid-probiotiques-10m\/"},"modified":"2020-12-25T17:28:59","modified_gmt":"2020-12-25T16:28:59","slug":"pediakid-probiotiques-10m","status":"publish","type":"product","link":"https:\/\/www.sopha-sahara.com\/en\/product\/pediakid-probiotiques-10m\/","title":{"rendered":"PEDIAKID PROBIOTIQUES &#8211; 10M"},"content":{"rendered":"<p><strong>Compl\u00e9ment alimentaire aux ferments\u00a0lactiques, fibres d'inuline de Chicor\u00e9e\u00a0<\/strong><strong>et Zinc biodisponible<\/strong><strong>.<\/strong><\/p>\n<p>Le syst\u00e8me digestif abrite 50% du potentiel de d\u00e9fense de\u00a0l\u2019organisme. Il contient 100 000 milliards de \u201cbonnes\u201c bact\u00e9ries\u00a0essentielles. Chez les enfants, la flore intestinale est immature et\u00a0particuli\u00e8rement sensible aux perturbations. Une alimentation peu\u00a0diversifi\u00e9e, le stress li\u00e9 \u00e0 la croissance ou la prise d\u2019antibiotiques\u00a0peuvent la d\u00e9s\u00e9quilibrer.<\/p>\n<p><strong>PEDIAKID Probiotiques-10M<\/strong>\u00a0a \u00e9t\u00e9 \u00e9labor\u00e9 \u00e0 partir de ferments\u00a0lactiques (<em>Lactobacillus casei, Lactobacillus acidophilus, Lactobacillus\u00a0plantarum, Streptococcus thermophilus<\/em>) rigoureusement s\u00e9lectionn\u00e9s\u00a0pour r\u00e9\u00e9quilibrer la flore intestinale. Sa formule \u00e0 l'inuline de Chicor\u00e9e\u00a0participe \u00e0 la croissance des bonnes bact\u00e9ries de l'intestin.\u00a0<\/p>\n<p>Afin de renforcer l\u2019immunit\u00e9,\u00a0<strong>PEDIAKID Probiotiques-10M\u00a0<\/strong>est\u00a0riche en Zinc. Pr\u00e9sent sous forme de bisglycinate il b\u00e9n\u00e9ficie d\u2019une\u00a0biodisponibilit\u00e9 optimale.<\/p>\n<p><strong>Etui 10 sachets de poudre \u00e0 diluer<\/strong><\/p>\n<p>&nbsp;<\/p>\n<p><strong>Ingr\u00e9dients :\u00a0<\/strong>Agent de charge : maltodextrine, inuline de chicor\u00e9e, ferments lactiques\u00a0<i>(soja, lait* et d\u00e9riv\u00e9s)<\/i>:\u00a0Lactobacillus casei, Lactobacillus acidophilus, Lactobacillus plantarum,\u00a0Streptococcus thermophilus, anti-agglom\u00e9rant : silice, bisglycinate\u00a0de Zinc.<\/p>\n<p>* Contient des traces de lait qui n\u2019affectent pas les personnes intol\u00e9rantes au lactose<\/p>\n<p><strong>Sans<\/strong><strong>gluten<\/strong><strong>\u00a0<\/strong><\/p>\n<p><strong>Informations nutritionnelles moyennes \/ sachet (2 g) :<\/strong><\/p>\n<ul>\n<li>\u00c9nergie : 5.2 kcal (22 kJ)<\/li>\n<li>Mati\u00e8res grasses :\u00a0Traces (dont satur\u00e9es : Traces)<\/li>\n<li>Glucides :\u00a01.0 g (dont sucres :\u00a0Traces ;\u00a0dont fibres (Inuline) :\u00a0900 mg)<\/li>\n<li>Prot\u00e9ines : 0.03 g<\/li>\n<li>Sel : 0.0 g<\/li>\n<li>Zinc : 3 mg (30% AR)<\/li>\n<li>Ferments lactiques : \u00a0\u00e9quivalent \u00e0 10 milliards de ferments<\/li>\n<\/ul>\n<p><em>AR : Apports de R\u00e9f\u00e9rence<\/em><\/p>\n<p>&nbsp;<\/p>\n<p><strong>Conseils d'utilisation :<\/strong>\u00a01 sachet par jour, le matin ou le soir avant les repas, dilu\u00e9 dans un verre d\u2019eau ou m\u00e9lang\u00e9 \u00e0 un aliment semi-liquide (yaourt, compote,\u2026), de pr\u00e9f\u00e9rence &lt;37\u00b0C. Programme de 10 jours. Ce produit peut \u00e9galement convenir \u00e0 l\u2019adulte de plus de 15 ans.<\/p>\n<p><strong>Recommandations :<\/strong>Conserver hors de la port\u00e9e des enfants, \u00e0 l'abri de la chaleur et de l\u2019humidit\u00e9. A consommer dans le cadre d\u2019une alimentation vari\u00e9e et \u00e9quilibr\u00e9e, et d'un mode de vie sain. Il est recommand\u00e9 de ne pas d\u00e9passer le dosage conseill\u00e9. A consommer de pr\u00e9f\u00e9rence avant la date indiqu\u00e9e sur l\u2019emballage. Se conserve \u00e0 temp\u00e9rature ambiante.<\/p>","protected":false},"excerpt":{"rendered":"<div class=\"slogan-reviews\"><span class=\"product-slogan\">R\u00e9\u00e9quilibre la flore intestinale &#8211; D\u00e8s 6 mois<\/span><span class=\"product-insidecontent\">10 sachets de poudre \u00e0 diluer<\/span><\/div>\n<div id=\"short_description_block\" class=\"short_description\">\n<div id=\"short_description_content\" class=\"rte\">\n<ul>\n<li>Complexe de 4 souches de probiotiques<strong>\u00a0\u00e0 teneur garantie 10 milliards par sachet.<\/strong><\/li>\n<li>Lactobacillus casei +\u00a0Lactobacillus acidophilus +\u00a0Lactobacillus plantarum +\u00a0Streptococcus thermophilus<\/li>\n<li>Contient \u00e9galement du Zinc pour renforcer l\u2019immunit\u00e9\u00a0<\/li>\n<\/ul>\n<p>&nbsp;<\/p>\n<p><strong>Le plus produit :\u00a0<\/strong><strong>Innovation Garantie \u201cFormule concentr\u00e9e et stabilis\u00e9e\u201c<\/strong><\/p>\n<p>PEDIAKID Probiotiques-10M a \u00e9t\u00e9 \u00e9labor\u00e9 \u00e0 partir de souches\u00a0de ferments lactiques rigoureusement s\u00e9lectionn\u00e9es pour leur\u00a0stabilit\u00e9 et leurs bienfaits. Il b\u00e9n\u00e9ficie d\u2019un conditionnement\u00a0sp\u00e9cialement \u00e9tudi\u00e9 pour garantir la stabilit\u00e9 de ses 10 milliards\u00a0de ferments, sans n\u00e9cessit\u00e9 d\u2019une conservation \u00e0 froid.<\/p>\n<\/div>\n<\/div>","protected":false},"featured_media":24897,"template":"","meta":{"arc_restricted_post":false},"product_cat":[49,345],"product_tag":[],"_links":{"self":[{"href":"https:\/\/www.sopha-sahara.com\/en\/wp-json\/wp\/v2\/product\/24870"}],"collection":[{"href":"https:\/\/www.sopha-sahara.com\/en\/wp-json\/wp\/v2\/product"}],"about":[{"href":"https:\/\/www.sopha-sahara.com\/en\/wp-json\/wp\/v2\/types\/product"}],"wp:featuredmedia":[{"embeddable":true,"href":"https:\/\/www.sopha-sahara.com\/en\/wp-json\/wp\/v2\/media\/24897"}],"wp:attachment":[{"href":"https:\/\/www.sopha-sahara.com\/en\/wp-json\/wp\/v2\/media?parent=24870"}],"wp:term":[{"taxonomy":"product_cat","embeddable":true,"href":"https:\/\/www.sopha-sahara.com\/en\/wp-json\/wp\/v2\/product_cat?post=24870"},{"taxonomy":"product_tag","embeddable":true,"href":"https:\/\/www.sopha-sahara.com\/en\/wp-json\/wp\/v2\/product_tag?post=24870"}],"curies":[{"name":"wp","href":"https:\/\/api.w.org\/{rel}","templated":true}]}}