{"id":24869,"date":"2020-12-24T09:27:49","date_gmt":"2020-12-24T08:27:49","guid":{"rendered":"https:\/\/www.interbusinesschamber.com\/produit\/pediakid-immuno-fort\/"},"modified":"2020-12-25T17:21:02","modified_gmt":"2020-12-25T16:21:02","slug":"pediakid-immuno-fort","status":"publish","type":"product","link":"https:\/\/www.sopha-sahara.com\/en\/product\/pediakid-immuno-fort\/","title":{"rendered":"PEDIAKID IMMUNO-FORT"},"content":{"rendered":"<p><strong>Compl\u00e9ment alimentaire sous forme de sirop \u00e0 base d\u2019extraits d\u2019Echinac\u00e9e, Ginseng, baie d\u2019Eglantier, Ac\u00e9rola, Cynorrhodon, Brocoli ; Vitamine C, Mangan\u00e8se et Cuivre.<\/strong><\/p>\n<p><strong>PEDIAKID\u00ae Immuno-Fort<\/strong>\u00a0r\u00e9unit des actifs naturels pour<strong>\u00a0soutenir la r\u00e9sistance de l\u2019organisme<\/strong>. Id\u00e9al aux changements de saison, p\u00e9riodes propices aux refroidissements \u00e0 r\u00e9p\u00e9tition,\u00a0<strong>PEDIAKID\u00ae Immuno-Fort<\/strong>\u00a0est riche en Cuivre et Vitamine C, qui participent \u00e0 la fonction immunitaire, et contient \u00e9galement de l\u2019Echinac\u00e9e, du Ginseng, et de la baie d\u2019Eglantier, qui contribuent aux d\u00e9fenses naturelles de l\u2019organisme.<\/p>\n<p><strong>D\u00e9licieusement aromatis\u00e9 au concentr\u00e9 naturel de baies de myrtille.\u00a0<\/strong><strong>\u00a0Flacon de 125 ml ou format familial 250 ml.<\/strong><\/p>\n<p>&nbsp;<\/p>\n<p><strong>Ingr\u00e9dients :<\/strong>\u00a0sirop d\u2019agave 40%, eau\u00a0purifi\u00e9e, fibres d\u2019acacia 15%, extrait\u00a0hydroglyc\u00e9rin\u00e9 de plantes et de Propolis<br \/>7.5% (eau, glyc\u00e9rine v\u00e9g\u00e9tale, Ac\u00e9rola,\u00a0Brocoli, Echinac\u00e9e, Ginseng, Cynorrhodon\u00a0et Propolis), ar\u00f4mes naturels framboise et<br \/>myrtille, complexe de vitamines et min\u00e9raux :\u00a0Vitamine C, gluconate de Mangan\u00e8se,\u00a0gluconate de Cuivre ; correcteur d\u2019acidit\u00e9 :\u00a0acide citrique, conservateur : sorbate de\u00a0potassium, concentr\u00e9 naturel de myrtille.<\/p>\n<p><strong>Sans gluten<\/strong><\/p>\n<p><strong>Informations nutritionnelles moyennes \/ 4 cuill\u00e8res \u00e0 caf\u00e9 (20 ml)*:<\/strong><\/p>\n<ul>\n<li>Vitamine C : 24 mg (30% AR)<\/li>\n<li>Cuivre : 0,30 mg (30% AR)<\/li>\n<li>Mangan\u00e8se : 0,30 mg (15% des AR)<\/li>\n<li>Extrait d'Ac\u00e9rola\u00a0<em>(Malpighia punicifolia)\u00a0<\/em>: 305\u00a0mg<\/li>\n<li>Extrait de Brocoli\u00a0<em>(Brassica oleracea)\u00a0<\/em>: 305\u00a0mg<\/li>\n<li>Extrait d'Echinac\u00e9e<em>\u00a0(Echinacea purpurea)<\/em>\u00a0: 305\u00a0mg<\/li>\n<li>Extrait de Ginseng\u00a0<em>(Panax ginseng)<\/em>\u00a0: 305\u00a0mg<\/li>\n<li>Extrait de Cynorrhodon\u00a0<em>(Rosa canina)<\/em>\u00a0: 305\u00a0mg<\/li>\n<li>Extrait de Propolis : 305 mg<\/li>\n<\/ul>\n<p>* Ces valeurs peuvent subir de l\u00e9g\u00e8res variations, habituellement observ\u00e9es avec des produits d\u2019origine naturelle.<\/p>\n<p><em>AR : Apports de R\u00e9f\u00e9rence<\/em><\/p>\n<p>&nbsp;<\/p>\n<p><strong>Conseils d'utilisation:<\/strong>\u00a0D\u00e8s lors que l\u2019alimentation est diversifi\u00e9e.<\/p>\n<ul>\n<li><strong>Avant 5 ans<\/strong>\u00a0: 1 cuill\u00e8re \u00e0 caf\u00e9 matin et midi, apr\u00e8s le repas.<\/li>\n<li><strong>Apr\u00e8s 5 ans<\/strong>\u00a0: 2 cuill\u00e8res \u00e0 caf\u00e9 matin et midi, apr\u00e8s le repas.<\/li>\n<\/ul>\n<p>En programme de 1 \u00e0 2 mois. Peut convenir \u00e9galement \u00e0 l\u2019adulte de plus de 15 ans.<\/p>\n<p><strong>Recommandations\u00a0<\/strong>: A conserver hors de la port\u00e9e des enfants, \u00e0 l'abri de la chaleur et de l\u2019humidit\u00e9. A consommer dans le cadre d'une alimentation vari\u00e9e et \u00e9quilibr\u00e9e, et d\u2019un mode de vie sain. Il est recommand\u00e9 de ne pas d\u00e9passer le dosage conseill\u00e9. Il est recommand\u00e9 aux personnes ayant une hypothyro\u00efdie ou un traitement de la thyro\u00efde de consulter leur m\u00e9decin. A consommer de pr\u00e9f\u00e9rence avant la date indiqu\u00e9e sur l\u2019emballage.\u00a0A conserver au r\u00e9frig\u00e9rateur et consommer dans les 30 jours apr\u00e8s ouverture.<\/p>","protected":false},"excerpt":{"rendered":"<div class=\"slogan-reviews\"><span class=\"product-slogan\">Aide \u00e0 soutenir l&rsquo;ensemble des d\u00e9fenses de l&rsquo;organisme<\/span><span class=\"product-insidecontent\">Flacon de 125 ml ou 250 ml<\/span><\/div>\n<div id=\"short_description_block\" class=\"short_description\">\n<div id=\"short_description_content\" class=\"rte\">\n<ul>\n<li>Riche en Cuivre et Vitamine C qui participent \u00e0 la fonction immunitaire<\/li>\n<li>Aux extraits d\u2019\u00c9chinac\u00e9e, Ginseng et Baie d\u2019\u00c9glantier, qui contribuent aux d\u00e9fenses naturelles de l\u2019organisme<\/li>\n<\/ul>\n<p>&nbsp;<\/p>\n<p><strong>Le + produit :<\/strong><strong>\u00a0<\/strong><strong>Une innovation exclusive : Le Nectar d\u2019Agave<\/strong><\/p>\n<p>Plus doux et moins \u00e9pais que le miel, ce sucre d\u2019origine v\u00e9g\u00e9tale fabriqu\u00e9 au Mexique est contenu dans toutes les formulations PEDIAKID\u00ae Sirops. Il est constitu\u00e9 de sucres naturels, non raffin\u00e9s, ce qui lui conf\u00e8re des qualit\u00e9s nutritionnelles sp\u00e9cifiques.<\/p>\n<\/div>\n<\/div>","protected":false},"featured_media":24890,"template":"","meta":{"arc_restricted_post":false},"product_cat":[49,345],"product_tag":[],"_links":{"self":[{"href":"https:\/\/www.sopha-sahara.com\/en\/wp-json\/wp\/v2\/product\/24869"}],"collection":[{"href":"https:\/\/www.sopha-sahara.com\/en\/wp-json\/wp\/v2\/product"}],"about":[{"href":"https:\/\/www.sopha-sahara.com\/en\/wp-json\/wp\/v2\/types\/product"}],"wp:featuredmedia":[{"embeddable":true,"href":"https:\/\/www.sopha-sahara.com\/en\/wp-json\/wp\/v2\/media\/24890"}],"wp:attachment":[{"href":"https:\/\/www.sopha-sahara.com\/en\/wp-json\/wp\/v2\/media?parent=24869"}],"wp:term":[{"taxonomy":"product_cat","embeddable":true,"href":"https:\/\/www.sopha-sahara.com\/en\/wp-json\/wp\/v2\/product_cat?post=24869"},{"taxonomy":"product_tag","embeddable":true,"href":"https:\/\/www.sopha-sahara.com\/en\/wp-json\/wp\/v2\/product_tag?post=24869"}],"curies":[{"name":"wp","href":"https:\/\/api.w.org\/{rel}","templated":true}]}}