{"id":24868,"date":"2020-12-24T09:27:48","date_gmt":"2020-12-24T08:27:48","guid":{"rendered":"https:\/\/www.interbusinesschamber.com\/produit\/pediakid-fer-vitamines-b\/"},"modified":"2020-12-25T17:12:45","modified_gmt":"2020-12-25T16:12:45","slug":"pediakid-fer-vitamines-b","status":"publish","type":"product","link":"https:\/\/www.sopha-sahara.com\/en\/product\/pediakid-fer-vitamines-b\/","title":{"rendered":"PEDIAKID FER + VITAMINES B"},"content":{"rendered":"<div>\n<section id=\"product-hook-tab\" class=\"page-product-box\">\n<div class=\"product-tab-wrapper\">\n<div class=\"container\">\n<div class=\"tab-content\">\n<div id=\"description\" class=\"tab-pane active\" role=\"tabpanel\">\n<div class=\"description-tab\">\n<p><strong>Compl\u00e9ment alimentaire sous forme de sirop \u00e0 base d\u2019extraits de Carotte, Spiruline, Topinambour, Epinard, Patience; Fer, Vitamines B1-B2-B3-B5-B6-B8-B9 et B12.<\/strong><\/p>\n<p>Le fer contribue au transport de l\u2019oxyg\u00e8ne vers les cellules, \u00e0 la r\u00e9duction de la fatigue et au m\u00e9tabolisme \u00e9nerg\u00e9tique. Une mauvaise mine, une pr\u00e9disposition \u00e0 la fatigue, peuvent \u00eatre les premiers signes d\u2019une d\u00e9ficience en fer.<\/p>\n<p>Tous les enfants sont potentiellement concern\u00e9s, en particulier les pr\u00e9adolescentes.\u00a0<strong>PEDIAKID\u00ae Fer + Vitamines B<\/strong>,\u00a0<strong>permet d\u2019optimiser les apports en Fer pour lutter contre la fatigue<\/strong>. Sa formule parfaitement assimilable gr\u00e2ce au fer microencapsul\u00e9 (5 fois plus biodisponible que les formes traditionnelles de Fer), permet d\u2019optimiser les apports, sans go\u00fbt ni odeur d\u00e9sagr\u00e9ables, et sans perturbation du syst\u00e8me digestif. La Vitamine B2 qui y est associ\u00e9e contribue au m\u00e9tabolisme du fer, pour une meilleure utilisation par l\u2019organisme.<\/p>\n<p><strong>D\u00e9licieusement aromatis\u00e9 au concentr\u00e9 naturel de banane. Etui de 125 ml.<\/strong><\/p>\n<\/div>\n<\/div>\n<div>\n<section id=\"product-hook-tab\" class=\"page-product-box\">\n<div class=\"product-tab-wrapper\">\n<div class=\"container\">\n<div class=\"tab-content\">\n<div id=\"ingredients\" class=\"tab-pane active\" role=\"tabpanel\">\n<p><strong>Ingr\u00e9dients :<\/strong>\u00a0sirop d\u2019agave 40%, eau\u00a0purifi\u00e9e, fibres d\u2019acacia 15%, extrait\u00a0hydroglyc\u00e9rin\u00e9 de plantes 7,5% (eau,\u00a0glyc\u00e9rine v\u00e9g\u00e9tale, Spiruline, Carotte,\u00a0Epinard, Topinambour, Patience), complexe\u00a0de vitamines et min\u00e9raux : pyrophosphate<br \/>de Fer, Vitamines B1-B2-B3-B5-B6-B8-\u00a0B9-B12 ; ar\u00f4mes dont ar\u00f4me naturel de\u00a0banane, concentr\u00e9 naturel de banane,<br \/>conservateur : sorbate de potassium,\u00a0correcteur d\u2019acidit\u00e9 : acide citrique.<\/p>\n<p><strong>Sans gluten<\/strong><\/p>\n<p><strong>Informations nutritionnelles moyennes \/ 4 cuill\u00e8res \u00e0 caf\u00e9 (20 ml)* :<\/strong><\/p>\n<ul>\n<li>Fer : 14 mg**\u00a0<\/li>\n<li>Vitamine B1 : 1.1 mg**\u00a0<\/li>\n<li>Vitamine B2 : 1.4 mg**<\/li>\n<li>Vitamine B3 : 16 mg**\u00a0<\/li>\n<li>Vitamine B5 : 6 mg**<\/li>\n<li>Vitamine B6 : 1,4 mg**\u00a0<\/li>\n<li>Vitamine B8 : 50 mcg**\u00a0<\/li>\n<li>Vitamine B9 : 200 mcg**\u00a0<\/li>\n<li>Vitamine B12 : 2,5 mcg**\u00a0<\/li>\n<li>Extrait de Spiruline\u00a0<em>(Spirulina maxima)<\/em>\u00a0: 370 mg<\/li>\n<li>Extrait de Carotte<em>\u00a0(Daucus carota)<\/em>\u00a0: 370 mg<\/li>\n<li>Extrait d'Epinard\u00a0<em>(Spinacia oleracea)<\/em>\u00a0: 370 mg<\/li>\n<li>Extrait de Topinambour\u00a0<em>(Helianthus tuberosus)<\/em>\u00a0: 370 mg<\/li>\n<li>Extrait de Patience\u00a0<em>(Rumex patientia)\u00a0<\/em>: 370 mg<\/li>\n<\/ul>\n<p>* Ces valeurs peuvent subir de l\u00e9g\u00e8res variations, habituellement observ\u00e9es avec des produits d\u2019origine naturelle.<\/p>\n<p><em>**100% AR (Apports de R\u00e9f\u00e9rence)\u00a0<\/em><\/p>\n<\/div>\n<\/div>\n<\/div>\n<\/div>\n<\/section>\n<div class=\"container\">\u00a0<\/div>\n<\/div>\n<div class=\"floating-product-bar is-active\">\n<div class=\"container\">\n<div class=\"floating-product-bar__text\">\n<div>\n<section id=\"product-hook-tab\" class=\"page-product-box\">\n<div class=\"product-tab-wrapper\">\n<div class=\"container\">\n<div class=\"tab-content\">\n<div id=\"recommendations\" class=\"tab-pane active\" role=\"tabpanel\">\n<p><strong>Conseils d'utilisation :<\/strong>\u00a0D\u00e8s lors que l\u2019alimentation est diversifi\u00e9e<\/p>\n<ul>\n<li><strong>Avant 5 ans<\/strong>\u00a0: 1 cuill\u00e8re \u00e0 caf\u00e9 2 fois par jour, apr\u00e8s les repas.<\/li>\n<li><strong>Apr\u00e8s 5 ans\u00a0<\/strong>: 2 cuill\u00e8res \u00e0 caf\u00e9 2 fois par jour, apr\u00e8s les repas.<\/li>\n<\/ul>\n<p>En programme de 1 mois. Peut convenir \u00e9galement \u00e0 l\u2019adulte de plus de 15 ans.<\/p>\n<p><strong>Recommandations\u00a0<\/strong>: A conserver hors de la port\u00e9e des enfants, \u00e0 l'abri de la chaleur et de l\u2019humidit\u00e9. A consommer dans le cadre d'une alimentation vari\u00e9e et \u00e9quilibr\u00e9e, et d\u2019un mode de vie sain. Il est recommand\u00e9 de ne pas d\u00e9passer le dosage conseill\u00e9. A consommer de pr\u00e9f\u00e9rence avant la date indiqu\u00e9e sur l\u2019emballage.\u00a0A conserver au r\u00e9frig\u00e9rateur et consommer dans les 30 jours apr\u00e8s ouverture.<\/p>\n<\/div>\n<\/div>\n<\/div>\n<\/div>\n<\/section>\n<div class=\"container\">\u00a0<\/div>\n<\/div>\n<div class=\"floating-product-bar is-active\">\n<div class=\"container\">\n<div class=\"floating-product-bar__text\">\u00a0<\/div>\n<\/div>\n<\/div>\n<\/div>\n<\/div>\n<\/div>\n<\/div>\n<\/div>\n<\/div>\n<\/section>\n<\/div>","protected":false},"excerpt":{"rendered":"<div class=\"slogan-reviews\"><span class=\"product-slogan\">Optimise les apports en fer<\/span><span class=\"product-insidecontent\">Flacon de 125 ml<\/span><\/div>\n<div id=\"short_description_block\" class=\"short_description\">\n<div id=\"short_description_content\" class=\"rte\">\n<ul>\n<li>Riche en Vitamines B et en Fer biodisponible qui participe \u00e0 la r\u00e9duction de la fatigue<\/li>\n<\/ul>\n<p>&nbsp;<\/p>\n<p><strong>Le + produit :\u00a0<\/strong><strong>Une innovation exclusive : Le Nectar d\u2019Agave<\/strong><\/p>\n<p>Plus doux et moins \u00e9pais que le miel, ce sucre d\u2019origine v\u00e9g\u00e9tale fabriqu\u00e9 au Mexique est contenu dans toutes les formulations PEDIAKID\u00ae Sirops. Il est constitu\u00e9 de sucres naturels, non raffin\u00e9s, ce qui lui conf\u00e8re des qualit\u00e9s nutritionnelles sp\u00e9cifiques.<\/p>\n<\/div>\n<\/div>","protected":false},"featured_media":24883,"template":"","meta":{"arc_restricted_post":false},"product_cat":[49,345],"product_tag":[],"_links":{"self":[{"href":"https:\/\/www.sopha-sahara.com\/en\/wp-json\/wp\/v2\/product\/24868"}],"collection":[{"href":"https:\/\/www.sopha-sahara.com\/en\/wp-json\/wp\/v2\/product"}],"about":[{"href":"https:\/\/www.sopha-sahara.com\/en\/wp-json\/wp\/v2\/types\/product"}],"wp:featuredmedia":[{"embeddable":true,"href":"https:\/\/www.sopha-sahara.com\/en\/wp-json\/wp\/v2\/media\/24883"}],"wp:attachment":[{"href":"https:\/\/www.sopha-sahara.com\/en\/wp-json\/wp\/v2\/media?parent=24868"}],"wp:term":[{"taxonomy":"product_cat","embeddable":true,"href":"https:\/\/www.sopha-sahara.com\/en\/wp-json\/wp\/v2\/product_cat?post=24868"},{"taxonomy":"product_tag","embeddable":true,"href":"https:\/\/www.sopha-sahara.com\/en\/wp-json\/wp\/v2\/product_tag?post=24868"}],"curies":[{"name":"wp","href":"https:\/\/api.w.org\/{rel}","templated":true}]}}