{"id":24867,"date":"2020-12-24T09:27:48","date_gmt":"2020-12-24T08:27:48","guid":{"rendered":"https:\/\/www.interbusinesschamber.com\/produit\/pediakid-gommes-vitamine-c\/"},"modified":"2020-12-25T17:18:50","modified_gmt":"2020-12-25T16:18:50","slug":"pediakid-gommes-vitamine-c","status":"publish","type":"product","link":"https:\/\/www.sopha-sahara.com\/en\/product\/pediakid-gommes-vitamine-c\/","title":{"rendered":"PEDIAKID GOMMES VITAMINE C"},"content":{"rendered":"<p>Compl\u00e9ment alimentaire sous forme de gommes \u00e0 base d\u2019extrait de baies d\u2019Ac\u00e9rola titr\u00e9 en Vitamine C.<\/p>\n<p>A l\u2019extrait de baies d\u2019Ac\u00e9rola, riche en Vitamine C 100% d\u2019origine naturelle \u00e0 biodisponibilit\u00e9 optimale, les\u00a0<strong>Gommes Vitamine C<\/strong><strong>PEDIAKID\u00ae\u00a0<\/strong>permettent de couvrir 100% des apports de r\u00e9f\u00e9rence en Vitamine C et ainsi contribuer \u00e0 la r\u00e9duction de la fatigue et au soutien du m\u00e9tabolisme \u00e9nerg\u00e9tique et des d\u00e9fenses naturelles de l\u2019organisme. Sans g\u00e9latine, sans gluten, sans lactose, sans conservateurs et sans ar\u00f4me ni colorant artificiel, elles offrent une formule pratique, ludique et saine, id\u00e9ale pour les enfants.<\/p>\n<p><em>A base de pectine de pomme, au d\u00e9licieux ar\u00f4me naturel de Cerise.<\/em><em>Pilulier de 60 oursons<\/em><\/p>\n<p>&nbsp;<\/p>\n<p><strong>Ingr\u00e9dients :\u00a0<\/strong>Sirop de glucose, sucre de canne, extrait de baies d\u2019Ac\u00e9rola titr\u00e9 en Vitamine C, g\u00e9lifiant : pectine, ar\u00f4me naturel de cerise, acidifiants : citrate de potassium, acide citrique ; concentr\u00e9 de carotte noire, agent d\u2019enrobage : cire de carnauba (huiles de coco et de colza).<\/p>\n<p><strong>Informations nutritionnelles moyennes\u00a0:<\/strong><\/p>\n<p>Pour 2 gommes (4,6 g)<\/p>\n<p>Extrait de baies d\u2019Ac\u00e9rola 368 mg<\/p>\n<p>dont Vitamine C d\u2019origine naturelle 80 mg (100% AR)<\/p>\n<p>&nbsp;<\/p>\n<p><strong>Conseils d\u2019utilisation:\u00a0<\/strong>D\u00e8s 3 ans. 2 gommes par jour, de pr\u00e9f\u00e9rence le matin. Peut \u00e9galement convenir \u00e0 l\u2019adulte de plus de 15 ans. En programme de 30 jours, \u00e0 renouveler en cas d\u2019\u00e9pisode de fatigue.<\/p>\n<p><strong>Recommandations :<\/strong>\u00a0A conserver hors de la port\u00e9e des enfants, \u00e0 l'abri de la chaleur et de l\u2019humidit\u00e9. A consommer dans le cadre d'une alimentation vari\u00e9e et \u00e9quilibr\u00e9e, et d\u2019un mode de vie sain. Il est recommand\u00e9 de ne pas d\u00e9passer le dosage conseill\u00e9. A consommer de pr\u00e9f\u00e9rence avant la date indiqu\u00e9e sur l\u2019emballage.<\/p>","protected":false},"excerpt":{"rendered":"<div class=\"slogan-reviews\"><span class=\"product-slogan\">Contribue \u00e0 r\u00e9duire la fatigue et soutient le m\u00e9tabolisme \u00e9nerg\u00e9tique &amp; les d\u00e9fenses naturelles<\/span><span class=\"product-insidecontent\">60 gommes<\/span><\/div>\n<div id=\"short_description_block\" class=\"short_description\">\n<div id=\"short_description_content\" class=\"rte\">\n<ul>\n<li>100% d\u2019origine naturelle<\/li>\n<li>A l\u2019extrait de baies d\u2019Acerola<\/li>\n<li>Une formule pratique, ludique, d\u00e9licieuse et naturelle<\/li>\n<\/ul>\n<p>&nbsp;<\/p>\n<p><strong>Le + produit :<\/strong><\/p>\n<p>PEDIAKID\u00ae Gommes Vitamine C ont \u00e9t\u00e9 \u00e9labor\u00e9es \u00e0 base de pectine de pomme. Elles sont sans g\u00e9latine, sans conservateurs, sans gluten, sans lactose, sans ar\u00f4me ni colorant artificiel.<\/p>\n<\/div>\n<\/div>","protected":false},"featured_media":24888,"template":"","meta":{"arc_restricted_post":false},"product_cat":[49,345],"product_tag":[],"_links":{"self":[{"href":"https:\/\/www.sopha-sahara.com\/en\/wp-json\/wp\/v2\/product\/24867"}],"collection":[{"href":"https:\/\/www.sopha-sahara.com\/en\/wp-json\/wp\/v2\/product"}],"about":[{"href":"https:\/\/www.sopha-sahara.com\/en\/wp-json\/wp\/v2\/types\/product"}],"wp:featuredmedia":[{"embeddable":true,"href":"https:\/\/www.sopha-sahara.com\/en\/wp-json\/wp\/v2\/media\/24888"}],"wp:attachment":[{"href":"https:\/\/www.sopha-sahara.com\/en\/wp-json\/wp\/v2\/media?parent=24867"}],"wp:term":[{"taxonomy":"product_cat","embeddable":true,"href":"https:\/\/www.sopha-sahara.com\/en\/wp-json\/wp\/v2\/product_cat?post=24867"},{"taxonomy":"product_tag","embeddable":true,"href":"https:\/\/www.sopha-sahara.com\/en\/wp-json\/wp\/v2\/product_tag?post=24867"}],"curies":[{"name":"wp","href":"https:\/\/api.w.org\/{rel}","templated":true}]}}