{"id":24866,"date":"2020-12-24T09:27:47","date_gmt":"2020-12-24T08:27:47","guid":{"rendered":"https:\/\/www.interbusinesschamber.com\/produit\/pediakid-22-vitamines-et-oligo-elements\/"},"modified":"2021-02-23T10:23:23","modified_gmt":"2021-02-23T09:23:23","slug":"pediakid-22-vitamines-et-oligo-elements","status":"publish","type":"product","link":"https:\/\/www.sopha-sahara.com\/en\/product\/pediakid-22-vitamines-et-oligo-elements\/","title":{"rendered":"PEDIAKID 22 VITAMINES ET OLIGO-\u00c9L\u00c9MENTS"},"content":{"rendered":"<p><strong>Compl\u00e9ment alimentaire sous forme de sirop \u00e0 base d\u2019extraits de Carotte, Cresson, Epinard, Betterave, Persil ; Vitamines C-PP, E-B5- B\u00e9tacarot\u00e8ne (Provitamine A) -B6-B2-B1-B9-B8-D-B12, Fer, Mangan\u00e8se, Cuivre, Zinc, Potassium, Iode, Molybd\u00e8ne, S\u00e9l\u00e9nium, et Chrome.<\/strong><\/p>\n<p>Parfaitement adapt\u00e9 aux enfants et pr\u00e9adolescents,<strong>\u00a0PEDIAKID\u00ae 22 Vitamines &amp; Oligo-\u00e9l\u00e9ments<\/strong>\u00a0associe des plantes, mais aussi des vitamines et des min\u00e9raux pour\u00a0<strong>optimiser les apports en micronutriments essentiels<\/strong>, afin de participer au bon fonctionnement de l\u2019organisme et \u00e0 l\u2019\u00e9quilibre g\u00e9n\u00e9ral. Il est riche en Vitamines Pro-A, E, C, D, B1, B2, B3, B5, B6, B8, B9, B12, en Cuivre, Molybd\u00e8ne, S\u00e9l\u00e9nium et Iode, qui participent, chacun \u00e0 leur niveau, au m\u00e9tabolisme \u00e9nerg\u00e9tique et des nutriments, aux fonctions psychiques, au fonctionnement du syst\u00e8me immunitaire.<\/p>\n<p><strong>D\u00e9licieusement aromatis\u00e9 \u00e0 l\u2019orange et au concentr\u00e9 naturel d\u2019abricot.<\/strong>\u00a0<strong>\u00a0Flacon de 125 ml ou format familial 250 ml.<\/strong><\/p>\n<p>&nbsp;<\/p>\n<p><strong>Ingr\u00e9dients :\u00a0<\/strong>Sirop d\u2019agave 40%, eau purifi\u00e9e, fibres pr\u00e9biotiques d\u2019acacia Fibregum\u2122 15%, extrait hydroglyc\u00e9rin\u00e9 de plantes 7,5% (eau, glyc\u00e9rine v\u00e9g\u00e9tale, Carotte, Cresson, Epinard, Betterave, Persil), complexe de vitamines et min\u00e9raux : Vitamines C-E-B1-B2-B3-B5-B6-B8-B9-B12-D3, B\u00e9tacarot\u00e8ne naturel, gluconates de Fer, de Magn\u00e9sium, de Mangan\u00e8se, de Cuivre et de Zinc ; S\u00e9l\u00e9nite de sodium, chlorure de Chrome, Iodure de potassium, Molybdate de sodium ; concentr\u00e9 naturel d\u2019abricot, ar\u00f4mes naturels, conservateur : sorbate de potassium, concentr\u00e9 naturel d\u2019ananas.<\/p>\n<p><strong>Sans gluten<\/strong><\/p>\n<p><strong>Informations nutritionnelles moyennes \/ 4 cuill\u00e8res \u00e0 caf\u00e9 (20 ml)* :<\/strong><\/p>\n<ul>\n<li>Valeur \u00e9nerg\u00e9tique : 38kcal (159 kJ)<\/li>\n<li>Prot\u00e9ines: traces<\/li>\n<li>Glucides: 11g<\/li>\n<li>Dont fibres d'acacia:\u00a0 3 g<\/li>\n<li>Lipides: traces<\/li>\n<li>B\u00e9tacarot\u00e8ne : 2.4 mg (50% AR)<\/li>\n<li>Vitamine E : 12 mg (100% AR)<\/li>\n<li>Vitamine C : 80 mg (100% AR)<\/li>\n<li>Vitamine B1 : 1.1 mg (100% AR)<\/li>\n<li>Vitamine B2 : 1.4 mg (100% AR)<\/li>\n<li>Vitamine B3 : 16 mg (100% AR)<\/li>\n<li>Vitamine B5 : 6 mg (100% AR)<\/li>\n<li>Vitamine B6 : 1,4 mg (100% AR)<\/li>\n<li>Vitamine B8 : 50 mcg (100% AR)<\/li>\n<li>Vitamine B9 : 200 mcg (100% AR)<\/li>\n<li>Vitamine B12 : 2,5 mcg (100% AR)<\/li>\n<li>Vitamine D : 5 mcg (100% AR)<\/li>\n<li>Chrome : 10 mcg (25% AR)<\/li>\n<li>Cuivre : 400 mcg (40% AR)<\/li>\n<li>Fer : 0.56 mg (4% AR)<\/li>\n<li>Iode : 50 mcg (33% AR)<\/li>\n<li>Magn\u00e9sium : 0.4 mg (0,11% AR)<\/li>\n<\/ul>\n<p>&nbsp;<\/p>\n<p><strong>Conseils d'utilisation :<\/strong>\u00a0D\u00e8s lors que l\u2019alimentation est diversifi\u00e9e<\/p>\n<ul>\n<li><strong>Avant 5 ans<\/strong>\u00a0: 1 cuill\u00e8re \u00e0 caf\u00e9 2 fois par jour, apr\u00e8s les repas.<\/li>\n<li><strong>Apr\u00e8s 5 ans\u00a0<\/strong>: 2 cuill\u00e8res \u00e0 caf\u00e9 2 fois par jour, apr\u00e8s les repas.<\/li>\n<\/ul>\n<p>En programme de 1 \u00e0 2 mois. Peut convenir \u00e9galement \u00e0 l\u2019adulte de plus de 15 ans.<\/p>\n<p><strong>Recommandations :<\/strong>\u00a0A conserver hors de la port\u00e9e des enfants, \u00e0 l'abri de la chaleur et de l\u2019humidit\u00e9. A consommer dans le cadre d'une alimentation vari\u00e9e et \u00e9quilibr\u00e9e, et d\u2019un mode de vie sain. Il est recommand\u00e9 de ne pas d\u00e9passer le dosage conseill\u00e9. A consommer de pr\u00e9f\u00e9rence avant la date indiqu\u00e9e sur l\u2019emballage. A conserver au r\u00e9frig\u00e9rateur apr\u00e8s ouverture.<\/p>","protected":false},"excerpt":{"rendered":"<div class=\"slogan-reviews\"><span class=\"product-slogan\">Optimise les apports en Vitamines et Min\u00e9raux<\/span><span class=\"product-insidecontent\">Flacon de 125 ml ou 250 ml<\/span><\/div>\n<div id=\"short_description_block\" class=\"short_description\">\n<div id=\"short_description_content\" class=\"rte\">\n<ul>\n<li>Riche en Vitamines C, D, B1-B2-B3-B5-B6-B8-B9-B12, Cuivre, S\u00e9l\u00e9nium et Iode pour le bon fonctionnement de l&rsquo;organisme<\/li>\n<li>Riche en Provitamine A, E et Molybd\u00e8ne<\/li>\n<\/ul>\n<p>&nbsp;<\/p>\n<p><strong>Le + produit :\u00a0<\/strong><strong>Une innovation exclusive : Le Nectar d\u2019Agave<\/strong><\/p>\n<p>Plus doux et moins \u00e9pais que le miel, ce sucre d\u2019origine v\u00e9g\u00e9tale fabriqu\u00e9 au Mexique est contenu dans toutes les formulations PEDIAKID\u00ae Sirops. Il est constitu\u00e9 de sucres naturels, non raffin\u00e9s, ce qui lui conf\u00e8re des qualit\u00e9s nutritionnelles sp\u00e9cifiques.<\/p>\n<\/div>\n<\/div>","protected":false},"featured_media":30679,"template":"","meta":{"arc_restricted_post":false},"product_cat":[49,345],"product_tag":[],"_links":{"self":[{"href":"https:\/\/www.sopha-sahara.com\/en\/wp-json\/wp\/v2\/product\/24866"}],"collection":[{"href":"https:\/\/www.sopha-sahara.com\/en\/wp-json\/wp\/v2\/product"}],"about":[{"href":"https:\/\/www.sopha-sahara.com\/en\/wp-json\/wp\/v2\/types\/product"}],"wp:featuredmedia":[{"embeddable":true,"href":"https:\/\/www.sopha-sahara.com\/en\/wp-json\/wp\/v2\/media\/30679"}],"wp:attachment":[{"href":"https:\/\/www.sopha-sahara.com\/en\/wp-json\/wp\/v2\/media?parent=24866"}],"wp:term":[{"taxonomy":"product_cat","embeddable":true,"href":"https:\/\/www.sopha-sahara.com\/en\/wp-json\/wp\/v2\/product_cat?post=24866"},{"taxonomy":"product_tag","embeddable":true,"href":"https:\/\/www.sopha-sahara.com\/en\/wp-json\/wp\/v2\/product_tag?post=24866"}],"curies":[{"name":"wp","href":"https:\/\/api.w.org\/{rel}","templated":true}]}}