{"id":24865,"date":"2020-12-24T09:27:46","date_gmt":"2020-12-24T08:27:46","guid":{"rendered":"https:\/\/www.interbusinesschamber.com\/produit\/pediakid-gommes-multivitaminees\/"},"modified":"2021-02-10T10:07:35","modified_gmt":"2021-02-10T09:07:35","slug":"pediakid-gommes-multivitaminees","status":"publish","type":"product","link":"https:\/\/www.sopha-sahara.com\/en\/product\/pediakid-gommes-multivitaminees\/","title":{"rendered":"PEDIAKID GOMMES MULTIVITAMIN\u00c9ES"},"content":{"rendered":"<p>Compl\u00e9ment alimentaire sous forme de gommes \u00e0 base d\u2019un extrait brevet\u00e9 de 22 Fruits &amp; L\u00e9gumes, Vitamines A, C, E, K, B1, B2, B3, B5, B6, B8, B9, B12, S\u00e9l\u00e9nium et Zinc.<\/p>\n<p>Les\u00a0<strong>PEDIAKID\u00ae Gommes Multivitamin\u00e9es<\/strong>\u00a0associent 14 Vitamines et Min\u00e9raux et un extrait brevet\u00e9 de 22 Fruits &amp; L\u00e9gumes afin de garantir l\u2019apport en micronutriments essentiels \u00e0 l\u2019enfant. Riches en Vitamines A, C, E, K, B1, B2, B3, B5, B6, B8, B9, B12, en S\u00e9l\u00e9nium et Zinc, les PEDIAKID\u00ae Gommes Multivitamin\u00e9es contribuent au bon fonctionnement du syst\u00e8me immunitaire, des syst\u00e8mes nerveux et psychologiques, et aident \u00e0 r\u00e9duire la fatigue.<br \/>Con\u00e7us pour les enfants, les PEDIAKID\u00ae Gommes Multivitamin\u00e9es offrent une formule pratique, ludique et naturelle. Ces gommes en forme d\u2019oursons sont sans g\u00e9latine, sans conservateurs, sans gluten, sans lactose, sans ar\u00f4me ni colorant artificiel.<\/p>\n<p><em>A base de pectine de pomme, au d\u00e9licieux\u00a0ar\u00f4me naturel de cerise. Pilulier de 60 oursons<\/em><\/p>\n<p>&nbsp;<\/p>\n<p><strong>Ingr\u00e9dients :\u00a0<\/strong>Sirop\u00a0 de\u00a0 glucose,\u00a0 sucre\u00a0 de\u00a0 canne,\u00a0 pr\u00e9mix\u00a0 multi-vitamines\u00a0 et\u00a0 min\u00e9raux\u00a0 :\u00a0 Vitamines\u00a0 A-C-E-K-B1-B2-B3-B5-B6-B8-B9-B12,\u00a0 S\u00e9l\u00e9nite\u00a0 de\u00a0 sodium,\u00a0 citrate\u00a0 de\u00a0 Zinc\u00a0 ;\u00a0 g\u00e9lifiant\u00a0 :\u00a0 pectine,\u00a0 ar\u00f4me\u00a0 naturel\u00a0 de\u00a0 cerise,\u00a0 acidifiants\u00a0 :\u00a0 acide\u00a0 citrique,\u00a0 citrate\u00a0 de\u00a0 Potassium;\u00a0 extrait\u00a0 brevet\u00e9\u00a0 de\u00a0 22\u00a0 Fruits\u00a0 et\u00a0 L\u00e9gumes\u00a0 titr\u00e9\u00a0 en\u00a0 polyph\u00e9nols\u00a0\u00a0 (raisins\u00a0\u00a0 blanc\u00a0\u00a0 et\u00a0\u00a0 rouge,\u00a0\u00a0 orange,\u00a0\u00a0 pamplemousse,\u00a0\u00a0 papaye,\u00a0\u00a0 ananas,\u00a0\u00a0 fraise,\u00a0\u00a0 pomme,\u00a0\u00a0 abricot,\u00a0\u00a0 cerise,\u00a0\u00a0 myrtille,\u00a0\u00a0 cassis,\u00a0 tomate,\u00a0 carotte,\u00a0 olive,\u00a0 brocoli,\u00a0 chou\u00a0 vert,\u00a0 oignon,\u00a0 ail,\u00a0 ma\u00efs,\u00a0 concombre ,\u00a0 asperge),\u00a0 concentr\u00e9\u00a0 de\u00a0 carotte\u00a0 noire,\u00a0 agent\u00a0 d\u2019enrobage : cire de carnauba (huiles de coco et de colza).<\/p>\n<p><strong>Informations nutritionnelles moyennes :<\/strong><\/p>\n<p>Pour 1 gomme (2,3 g)\u00a0\u00a0\u00a0\u00a0<\/p>\n<ul>\n<li>Vitamine A 120\u00a0\u00b5g (15% AR)\u00a0<\/li>\n<li>Vitamine C 12\u00a0mg (15% AR)\u00a0<\/li>\n<li>Vitamine E 1,8\u00a0mg (15% AR)\u00a0<\/li>\n<li>Vitamine K\u00a011,2 \u00b5g (15% AR)\u00a0<\/li>\n<li>Vitamine B1 0,17\u00a0mg (15% AR)\u00a0<\/li>\n<li>Vitamine B2 0,2\u00a0mg (15% AR)\u00a0<\/li>\n<li>Vitamine B3 2,4\u00a0mg (15% AR)\u00a0<\/li>\n<li>Vitamine B5 0,9\u00a0mg (15% AR)<\/li>\n<li>Vitamine B6 0,2\u00a0mg (15% AR)\u00a0<\/li>\n<li>Vitamine B8 7,5\u00a0\u00b5g (15% AR)\u00a0<\/li>\n<li>Vitamine B9 30\u00a0\u00b5g (15% AR) )<\/li>\n<li>Vitamine B12 0,37\u00a0\u00b5g (15% AR)\u00a0<\/li>\n<li>S\u00e9l\u00e9nium 8,3 \u00b5g (15% AR)<\/li>\n<li>Zinc 1,5\u00a0mg (15% AR)\u00a0<\/li>\n<li>Extrait brevet\u00e9 de 22 fruits et l\u00e9gumes 5 mg\u00a0<\/li>\n<\/ul>\n<p>AR : Apports de R\u00e9f\u00e9rence<\/p>\n<p>&nbsp;<\/p>\n<p><strong>Conseils d\u2019utilisation :\u00a0<\/strong>D\u00e8s 3 ans.<\/p>\n<ul>\n<li>De 3 \u00e0 6 ans : 1 \u00e0 3 gommes \u00e0 m\u00e2cher par jour.<\/li>\n<li>De 7 \u00e0 12 ans : 4 \u00e0 6 gommes \u00e0 m\u00e2cher par jour.<\/li>\n<li>Peut \u00e9galement convenir \u00e0 l\u2019adulte de plus de 15 ans.<\/li>\n<\/ul>\n<p><strong>Recommandations :<\/strong>\u00a0A conserver hors de la port\u00e9e des enfants, \u00e0 l'abri de la chaleur et de l\u2019humidit\u00e9. A consommer dans le cadre d'une alimentation vari\u00e9e et \u00e9quilibr\u00e9e, et d\u2019un mode de vie sain. Il est recommand\u00e9 de ne pas d\u00e9passer le dosage conseill\u00e9. A consommer de pr\u00e9f\u00e9rence avant la date indiqu\u00e9e sur l\u2019emballage.<\/p>","protected":false},"excerpt":{"rendered":"<div class=\"slogan-reviews\"><span class=\"product-slogan\">Contribue \u00e0 r\u00e9duire la fatigue et soutient le fonctionnement du syst\u00e8me immunitaire<\/span><span class=\"product-insidecontent\">Pilulier de 60 oursons<\/span><\/div>\n<div id=\"short_description_block\" class=\"short_description\">\n<div id=\"short_description_content\" class=\"rte\">\n<ul>\n<li>14 vitamines &amp; Min\u00e9raux<\/li>\n<li>Extrait de 22 Fruits &amp; L\u00e9gumes<\/li>\n<li>Une formule pratique, ludique, d\u00e9licieuse et naturelle<\/li>\n<\/ul>\n<p>&nbsp;<\/p>\n<p><strong>Le + produit:\u00a0<\/strong><\/p>\n<p>PEDIAKID\u00ae Gommes Multivitamin\u00e9es ont \u00e9t\u00e9 \u00e9labor\u00e9es \u00e0 base de pectine de pomme. Elles sont sans g\u00e9latine, sans conservateurs, sans gluten, sans lactose, sans ar\u00f4me ni colorant artificiel.<\/p>\n<\/div>\n<\/div>","protected":false},"featured_media":29514,"template":"","meta":{"arc_restricted_post":false},"product_cat":[49,345],"product_tag":[],"_links":{"self":[{"href":"https:\/\/www.sopha-sahara.com\/en\/wp-json\/wp\/v2\/product\/24865"}],"collection":[{"href":"https:\/\/www.sopha-sahara.com\/en\/wp-json\/wp\/v2\/product"}],"about":[{"href":"https:\/\/www.sopha-sahara.com\/en\/wp-json\/wp\/v2\/types\/product"}],"wp:featuredmedia":[{"embeddable":true,"href":"https:\/\/www.sopha-sahara.com\/en\/wp-json\/wp\/v2\/media\/29514"}],"wp:attachment":[{"href":"https:\/\/www.sopha-sahara.com\/en\/wp-json\/wp\/v2\/media?parent=24865"}],"wp:term":[{"taxonomy":"product_cat","embeddable":true,"href":"https:\/\/www.sopha-sahara.com\/en\/wp-json\/wp\/v2\/product_cat?post=24865"},{"taxonomy":"product_tag","embeddable":true,"href":"https:\/\/www.sopha-sahara.com\/en\/wp-json\/wp\/v2\/product_tag?post=24865"}],"curies":[{"name":"wp","href":"https:\/\/api.w.org\/{rel}","templated":true}]}}