{"id":24864,"date":"2020-12-24T09:27:45","date_gmt":"2020-12-24T08:27:45","guid":{"rendered":"https:\/\/www.interbusinesschamber.com\/produit\/pediakid-appetit-tonus\/"},"modified":"2021-02-23T10:51:38","modified_gmt":"2021-02-23T09:51:38","slug":"pediakid-appetit-tonus","status":"publish","type":"product","link":"https:\/\/www.sopha-sahara.com\/en\/product\/pediakid-appetit-tonus\/","title":{"rendered":"PEDIAKID\u00ae APP\u00c9TIT-TONUS"},"content":{"rendered":"<p><strong>Compl\u00e9ment alimentaire sous forme de sirop \u00e0 base de Fenugrec, Curcuma, Spiruline, Chicor\u00e9e, Cresson, Gingembre ; Vitamines C et B12, Cuivre et Magn\u00e9sium.<\/strong><\/p>\n<p>Particuli\u00e8rement conseill\u00e9 aux enfants qui boudent devant leur assiette,\u00a0<strong>PEDIAKID\u00ae App\u00e9tit-tonus<\/strong>\u00a0associe des actifs naturels efficaces pour<strong>\u00a0stimuler l\u2019app\u00e9tit<\/strong>\u00a0et ainsi\u00a0<strong>aider \u00e0 la prise de poids<\/strong>, et pour\u00a0<strong>r\u00e9duire la fatigue<\/strong>, pour un\u00a0<strong>meilleur tonus<\/strong>\u00a0: du Fenugrec et du Curcuma, associ\u00e9s aux vitamines C et B12.<\/p>\n<p>Sa formule douce et parfaitement assimilable est id\u00e9ale pour retrouver naturellement et en toute circonstance de la vitalit\u00e9 au quotidien.<\/p>\n<p><strong>D\u00e9licieusement aromatis\u00e9 au concentr\u00e9 naturel de framboise. Etui de 125 ml.<\/strong><\/p>\n<p>&nbsp;<\/p>\n<p><strong>Ingr\u00e9dients :<\/strong>\u00a0sirop d'agave 40%, eau\u00a0purifi\u00e9e, fibres d\u2019acacia 15%, extrait\u00a0hydroglyc\u00e9rin\u00e9 de plantes 7,5% (eau,<br \/>glyc\u00e9rine v\u00e9g\u00e9tale, Fenugrec, Spiruline,\u00a0Curcuma, Gingembre, Chicor\u00e9e, Cresson),\u00a0correcteur d\u2019acidit\u00e9 : acide citrique,\u00a0ar\u00f4mes dont ar\u00f4me naturel framboise,\u00a0conservateur : sorbate de potassium,\u00a0concentr\u00e9 naturel de framboise, complexe\u00a0de vitamines et min\u00e9raux : Vitamine C,\u00a0gluconate de Mangan\u00e8se, gluconate de\u00a0Cuivre, Vitamine B12.<\/p>\n<p><strong>Sans gluten<\/strong><\/p>\n<p><strong>Informations nutritionnelles moyennes \/ 4 cuill\u00e8res \u00e0 caf\u00e9 (20 ml) *:<\/strong><\/p>\n<ul>\n<li>Vitamine C : 12 mg (15% AR)<\/li>\n<li>Vitamine B12 : 0,375 mcg (15% AR)<\/li>\n<li>Cuivre : 0,28 mg (28% AR)<\/li>\n<li>Mangan\u00e8se : 0,3 mg (15% AR)<\/li>\n<li>Extrait de Fenugrec\u00a0<em>(Trigonella foenum graecum)<\/em>\u00a0: 305 mg<\/li>\n<li>Extrait de Spiruline\u00a0<em>(Spirulina maxima)<\/em>\u00a0: 305 mg<\/li>\n<li>Extrait de Curcuma<em>\u00a0(Curcuma longa)<\/em>\u00a0: 305 mg<\/li>\n<li>Extrait de Gingembre<em>\u00a0(Zingiber officinale)<\/em>\u00a0: 305 mg<\/li>\n<li>Extrait de Chicor\u00e9e\u00a0<em>(Cichorium endivia)<\/em>\u00a0: 305 mg<\/li>\n<li>Extrait de Cresson<em>\u00a0(Nasturtium officinalis)<\/em>\u00a0: 305 mg<\/li>\n<\/ul>\n<p>* Ces valeurs peuvent subir de l\u00e9g\u00e8res variations, habituellement observ\u00e9es avec des produits d\u2019origine naturelle.<\/p>\n<p><em>AR : Apports de R\u00e9f\u00e9rence<\/em><\/p>\n<p>&nbsp;<\/p>\n<p><strong>Conseils d'utilisation :<\/strong>\u00a0D\u00e8s lors que l\u2019alimentation est diversifi\u00e9e.<\/p>\n<ul>\n<li><strong>Avant 5 ans :<\/strong>\u00a01 cuill\u00e8re \u00e0 caf\u00e9 2 fois par jour, apr\u00e8s chaque repas.<\/li>\n<li><strong>Apr\u00e8s 5 ans :<\/strong>\u00a02 cuill\u00e8res \u00e0 caf\u00e9 2 fois par jour, apr\u00e8s chaque repas.<\/li>\n<\/ul>\n<p>En programme de 1 \u00e0 2 mois. Peut convenir \u00e9galement \u00e0 l\u2019adulte de plus de 15 ans.<\/p>\n<p><strong>Recommandations :<\/strong>\u00a0A conserver hors de la port\u00e9e des enfants, \u00e0 l'abri de la chaleur et de l\u2019humidit\u00e9. A consommer dans le cadre d'une alimentation vari\u00e9e et \u00e9quilibr\u00e9e, et d\u2019un mode de vie sain. Il est recommand\u00e9 de ne pas d\u00e9passer le dosage conseill\u00e9. D\u00e9conseill\u00e9 aux femmes enceintes. A consommer de pr\u00e9f\u00e9rence avant la date indiqu\u00e9e sur l\u2019emballage.\u00a0A conserver au r\u00e9frig\u00e9rateur et consommer dans les 30 jours apr\u00e8s ouverture.<br \/>\u00a0<\/p>","protected":false},"excerpt":{"rendered":"<div class=\"slogan-reviews\"><span class=\"product-slogan\">Stimule l&rsquo;app\u00e9tit et aide \u00e0 la prise de poids<\/span><span class=\"product-insidecontent\">Flacon de 125 ml<\/span><\/div>\n<div id=\"short_description_block\" class=\"short_description\">\n<div id=\"short_description_content\" class=\"rte\">\n<ul>\n<li>Aux extraits de Fenugrec et Curcuma qui contribuent \u00e0 stimuler l\u2019app\u00e9tit<\/li>\n<li>Source de Vitamines C et B12 qui aident \u00e0 att\u00e9nuer la fatigue<\/li>\n<\/ul>\n<p><strong>Le + produit :<\/strong><br \/><strong>Une innovation exclusive : Le Nectar d\u2019Agave<\/strong><br \/>Plus doux et moins \u00e9pais que le miel, ce sucre d\u2019origine v\u00e9g\u00e9tale fabriqu\u00e9 au Mexique est contenu dans toutes les formulations PEDIAKID\u00ae Sirops. Il est constitu\u00e9 de sucres naturels, non raffin\u00e9s, ce qui lui conf\u00e8re des qualit\u00e9s nutritionnelles sp\u00e9cifiques.<\/p>\n<\/div>\n<\/div>","protected":false},"featured_media":30700,"template":"","meta":{"arc_restricted_post":false},"product_cat":[49,345],"product_tag":[],"_links":{"self":[{"href":"https:\/\/www.sopha-sahara.com\/en\/wp-json\/wp\/v2\/product\/24864"}],"collection":[{"href":"https:\/\/www.sopha-sahara.com\/en\/wp-json\/wp\/v2\/product"}],"about":[{"href":"https:\/\/www.sopha-sahara.com\/en\/wp-json\/wp\/v2\/types\/product"}],"wp:featuredmedia":[{"embeddable":true,"href":"https:\/\/www.sopha-sahara.com\/en\/wp-json\/wp\/v2\/media\/30700"}],"wp:attachment":[{"href":"https:\/\/www.sopha-sahara.com\/en\/wp-json\/wp\/v2\/media?parent=24864"}],"wp:term":[{"taxonomy":"product_cat","embeddable":true,"href":"https:\/\/www.sopha-sahara.com\/en\/wp-json\/wp\/v2\/product_cat?post=24864"},{"taxonomy":"product_tag","embeddable":true,"href":"https:\/\/www.sopha-sahara.com\/en\/wp-json\/wp\/v2\/product_tag?post=24864"}],"curies":[{"name":"wp","href":"https:\/\/api.w.org\/{rel}","templated":true}]}}