{"id":24863,"date":"2020-12-24T09:27:45","date_gmt":"2020-12-24T08:27:45","guid":{"rendered":"https:\/\/www.interbusinesschamber.com\/produit\/pediakid-gommes-vitamine-d3\/"},"modified":"2020-12-25T17:20:13","modified_gmt":"2020-12-25T16:20:13","slug":"pediakid-gommes-vitamine-d3","status":"publish","type":"product","link":"https:\/\/www.sopha-sahara.com\/en\/product\/pediakid-gommes-vitamine-d3\/","title":{"rendered":"PEDIAKID GOMMES VITAMINE D3"},"content":{"rendered":"<p>Compl\u00e9ment alimentaire sous forme de gommes \u00e0 la vitamine D3 d\u2019origine naturelle.<\/p>\n<p>Riches en Vitamine D3 (chol\u00e9calcif\u00e9rol) 100% d\u2019origine naturelle, les\u00a0<strong>Gommes Vitamine D3<\/strong>\u00a0<strong>PEDIAKID\u00ae\u00a0<\/strong>ont \u00e9t\u00e9 formul\u00e9es pour participer \u00e0 une croissance normale et un d\u00e9veloppement osseux harmonieux chez l\u2019enfant. La vitamine D contribue \u00e9galement au bon fonctionnement du syst\u00e8me immunitaire. Sans g\u00e9latine, sans gluten, sans lactose, sans conservateurs et sans ar\u00f4me ni colorant artificiel, les<strong>\u00a0Gommes Vitamine D3 PEDIAKID\u00ae\u00a0<\/strong>offrent une formule pratique, ludique et saine, id\u00e9ale pour les enfants.<\/p>\n<p><em>A base de pectine de pomme, au d\u00e9licieux ar\u00f4me naturel de Fraise. Pilulier de 60 oursons<\/em><\/p>\n<p>&nbsp;<\/p>\n<p><strong>Ingr\u00e9dients\u00a0<\/strong>: Sirop de glucose, sucre de canne cristallis\u00e9, g\u00e9lifiant : pectine, acidifiants : citrate de potassium, acide citrique ; ar\u00f4me naturel, jus concentr\u00e9 de carotte rouge, agent d\u2019enrobage : cire de carnauba (huiles de coco et de colza), Vitamine D3 d\u2019origine naturelle.<\/p>\n<p><strong>Informations nutritionnelles moyennes\u00a0:<\/strong><\/p>\n<p>Pour 2 gommes (4,6 g)<\/p>\n<p>Vitamine D \u00a05\u00a0\u03bcg (100% AR)<\/p>\n<p>&nbsp;<\/p>\n<p><strong>Conseils d\u2019utilisation :<\/strong>\u00a0d\u00e8s 3 ans. 2 gommes par jour. Peut \u00e9galement convenir \u00e0 l\u2019adulte de plus de 15 ans.<\/p>\n<p><strong>Recommandations :<\/strong>\u00a0A conserver hors de la port\u00e9e des enfants, \u00e0 l'abri de la chaleur et de l\u2019humidit\u00e9. A consommer dans le cadre d'une alimentation vari\u00e9e et \u00e9quilibr\u00e9e, et d\u2019un mode de vie sain. Il est recommand\u00e9 de ne pas d\u00e9passer le dosage conseill\u00e9. A consommer de pr\u00e9f\u00e9rence avant la date indiqu\u00e9e sur l\u2019emballage.<\/p>","protected":false},"excerpt":{"rendered":"<div class=\"slogan-reviews\"><span class=\"product-slogan\">Optimise les apports en Vitamine D<\/span><span class=\"product-insidecontent\">Pilulier de 60 oursons<\/span><\/div>\n<div id=\"short_description_block\" class=\"short_description\">\n<div id=\"short_description_content\" class=\"rte\">\n<ul>\n<li>Riche en Vitamine D3 d\u2019origine naturelle (100% des AR)<\/li>\n<li>Croissance et r\u00e9sistance<\/li>\n<li>Une formule pratique, ludique, d\u00e9licieuse et naturelle<\/li>\n<\/ul>\n<p>&nbsp;<\/p>\n<p><strong>Le + produit\u00a0:\u00a0<\/strong><\/p>\n<p>PEDIAKID\u00ae Gommes Vitamine D3 ont \u00e9t\u00e9 \u00e9labor\u00e9es \u00e0 base de pectine de pomme. Elles sont sans g\u00e9latine, sans conservateurs, sans gluten, sans lactose, sans ar\u00f4me ni colorant artificiel.<\/p>\n<\/div>\n<\/div>","protected":false},"featured_media":24889,"template":"","meta":{"arc_restricted_post":false},"product_cat":[49,345],"product_tag":[],"_links":{"self":[{"href":"https:\/\/www.sopha-sahara.com\/en\/wp-json\/wp\/v2\/product\/24863"}],"collection":[{"href":"https:\/\/www.sopha-sahara.com\/en\/wp-json\/wp\/v2\/product"}],"about":[{"href":"https:\/\/www.sopha-sahara.com\/en\/wp-json\/wp\/v2\/types\/product"}],"wp:featuredmedia":[{"embeddable":true,"href":"https:\/\/www.sopha-sahara.com\/en\/wp-json\/wp\/v2\/media\/24889"}],"wp:attachment":[{"href":"https:\/\/www.sopha-sahara.com\/en\/wp-json\/wp\/v2\/media?parent=24863"}],"wp:term":[{"taxonomy":"product_cat","embeddable":true,"href":"https:\/\/www.sopha-sahara.com\/en\/wp-json\/wp\/v2\/product_cat?post=24863"},{"taxonomy":"product_tag","embeddable":true,"href":"https:\/\/www.sopha-sahara.com\/en\/wp-json\/wp\/v2\/product_tag?post=24863"}],"curies":[{"name":"wp","href":"https:\/\/api.w.org\/{rel}","templated":true}]}}