{"id":24862,"date":"2020-12-24T09:27:44","date_gmt":"2020-12-24T08:27:44","guid":{"rendered":"https:\/\/www.interbusinesschamber.com\/produit\/pediakid-gommes-omega-3\/"},"modified":"2020-12-25T17:16:32","modified_gmt":"2020-12-25T16:16:32","slug":"pediakid-gommes-omega-3","status":"publish","type":"product","link":"https:\/\/www.sopha-sahara.com\/en\/product\/pediakid-gommes-omega-3\/","title":{"rendered":"PEDIAKID GOMMES OM\u00c9GA 3"},"content":{"rendered":"<p>Compl\u00e9ment alimentaire sous forme de gommes \u00e0 base d\u2019Om\u00e9ga 3, Vitamines et Zinc.<\/p>\n<p>Pendant l\u2019ann\u00e9e scolaire, certaines p\u00e9riodes sont particuli\u00e8rement denses et n\u00e9cessitent une activit\u00e9 intellectuelle accrue (concentration, attention, m\u00e9moire, apprentissage...). Les\u00a0<strong>Gommes Om\u00e9ga 3<\/strong>\u00a0<strong>PEDIAKID\u00ae\u00a0<\/strong>contiennent de l\u2019huile de lin riche en Om\u00e9ga 3, tels que l\u2019acide alpha-linol\u00e9nique, un acide gras essentiel qui participe \u00e0 un d\u00e9veloppement harmonieux. Egalement riches en Vitamines E, B5, B6 et source de Vitamine A et de Zinc, elles soutiennent les fonctions cognitives telles que la concentration, la m\u00e9morisation (Zinc) et la vision (Vitamine A), contribuent \u00e0 la synth\u00e8se des neurotransmetteurs et aux performances intellectuelles (Vitamines B5) mais aussi au fonctionnement normal du syst\u00e8me nerveux (Vitamine B6). Sans g\u00e9latine, sans gluten, sans lactose, sans conservateurs et sans ar\u00f4me ni colorant artificiel, les<strong>\u00a0Gommes Om\u00e9ga 3 PEDIAKID\u00ae\u00a0<\/strong>offrent une formule pratique, ludique et saine, id\u00e9ale pour les enfants.<\/p>\n<p>&nbsp;<\/p>\n<p><em>A base de pectine de pomme, au d\u00e9licieux ar\u00f4me naturel de Citron.<\/em><em>Pilulier de 60 oursons<\/em><\/p>\n<p>&nbsp;<\/p>\n<p><strong>Ingr\u00e9dients :\u00a0<\/strong>Sirop de glucose, sucre de canne, g\u00e9lifiant : pectine, acidifiants : citrate de potassium, acide citrique ; huile de Lin concentr\u00e9e en Om\u00e9ga 3, Vitamine E, Vitamine B5, ar\u00f4me naturel de citron, concentr\u00e9 de carotte et courge, citrate de Zinc, agent d\u2019enrobage : cire de carnauba (huiles de coco et de colza), Vitamine B6, Vitamine A.<\/p>\n<p><strong>Informations nutritionnelles moyennes\u00a0:<\/strong><\/p>\n<p>Pour 2 gommes (4,6 g)<\/p>\n<ul>\n<li>Huile de Lin\u00a0<em>(Linum usitatissimum)\u00a0<\/em>46 mg<\/li>\n<li>Dont Om\u00e9ga 3 (Acide alpha-linol\u00e9nique) 23 mg<\/li>\n<li>Vitamine A 120 \u03bcg (15% AR)<\/li>\n<li>Vitamine E 4 mg (33% AR)<\/li>\n<li>Vitamine B5\u00a06 mg (100% AR)<\/li>\n<li>Vitamine B6 1.4 mg (100% AR)<\/li>\n<li>Zinc 1.5 mg (15% AR)<\/li>\n<\/ul>\n<p>&nbsp;<\/p>\n<p><strong>Conseils d\u2019utilisation :<\/strong>\u00a0d\u00e8s 3 ans. 2 gommes par jour. Peut \u00e9galement convenir \u00e0 l\u2019adulte de plus de 15 ans.<\/p>\n<p><strong>Recommandations :<\/strong>\u00a0A conserver hors de la port\u00e9e des enfants, \u00e0 l'abri de la chaleur et de l\u2019humidit\u00e9. A consommer dans le cadre d'une alimentation vari\u00e9e et \u00e9quilibr\u00e9e, et d\u2019un mode de vie sain. Il est recommand\u00e9 de ne pas d\u00e9passer le dosage conseill\u00e9. A consommer de pr\u00e9f\u00e9rence avant la date indiqu\u00e9e sur l\u2019emballage.<\/p>","protected":false},"excerpt":{"rendered":"<div class=\"slogan-reviews\"><span class=\"product-slogan\">Participe \u00e0 une croissance et \u00e0 un d\u00e9veloppement normaux des enfants, soutient les fonctions cognitives<\/span><span class=\"product-insidecontent\">Pilulier de 60 oursons<\/span><\/div>\n<div id=\"short_description_block\" class=\"short_description\">\n<div id=\"short_description_content\" class=\"rte\">\n<ul>\n<li>Riche en Om\u00e9ga 3<\/li>\n<li>Vitamines A, B5, B6, E &amp; Zinc<\/li>\n<li>Une formule pratique, ludique, d\u00e9licieuse et naturelle<\/li>\n<\/ul>\n<p>&nbsp;<\/p>\n<p><strong>Le + produit\u00a0:\u00a0<\/strong><\/p>\n<p>PEDIAKID\u00ae Gommes Om\u00e9ga 3 ont \u00e9t\u00e9 \u00e9labor\u00e9es \u00e0 base de pectine de pomme. Elles sont sans g\u00e9latine, sans conservateurs, sans gluten, sans lactose, sans ar\u00f4me ni colorant artificiel.<\/p>\n<\/div>\n<\/div>","protected":false},"featured_media":24887,"template":"","meta":{"arc_restricted_post":false},"product_cat":[49,345],"product_tag":[],"_links":{"self":[{"href":"https:\/\/www.sopha-sahara.com\/en\/wp-json\/wp\/v2\/product\/24862"}],"collection":[{"href":"https:\/\/www.sopha-sahara.com\/en\/wp-json\/wp\/v2\/product"}],"about":[{"href":"https:\/\/www.sopha-sahara.com\/en\/wp-json\/wp\/v2\/types\/product"}],"wp:featuredmedia":[{"embeddable":true,"href":"https:\/\/www.sopha-sahara.com\/en\/wp-json\/wp\/v2\/media\/24887"}],"wp:attachment":[{"href":"https:\/\/www.sopha-sahara.com\/en\/wp-json\/wp\/v2\/media?parent=24862"}],"wp:term":[{"taxonomy":"product_cat","embeddable":true,"href":"https:\/\/www.sopha-sahara.com\/en\/wp-json\/wp\/v2\/product_cat?post=24862"},{"taxonomy":"product_tag","embeddable":true,"href":"https:\/\/www.sopha-sahara.com\/en\/wp-json\/wp\/v2\/product_tag?post=24862"}],"curies":[{"name":"wp","href":"https:\/\/api.w.org\/{rel}","templated":true}]}}