{"id":24861,"date":"2020-12-24T09:27:43","date_gmt":"2020-12-24T08:27:43","guid":{"rendered":"https:\/\/www.interbusinesschamber.com\/produit\/pediakid-omega-3\/"},"modified":"2020-12-25T17:27:22","modified_gmt":"2020-12-25T16:27:22","slug":"pediakid-omega-3","status":"publish","type":"product","link":"https:\/\/www.sopha-sahara.com\/en\/product\/pediakid-omega-3\/","title":{"rendered":"PEDIAKID OM\u00c9GA 3"},"content":{"rendered":"<p><strong>Compl\u00e9ment alimentaire, sous forme de sirop \u00e0 base de DHA d\u2019origine naturelle, de Vitamines C-A-E-D, Magn\u00e9sium et Phosphore.<\/strong><\/p>\n<p>En p\u00e9riode scolaire, quand l\u2019activit\u00e9 intellectuelle est plus intense, votre enfant a particuli\u00e8rement besoin de rester concentr\u00e9. Riche en un acide gras Om\u00e9ga 3 provenant d\u2019huile de poisson, le DHA,\u00a0<strong>PEDIAKID\u00ae Om\u00e9ga 3<\/strong>\u00a0entretient le\u00a0<strong>fonctionnement cognitif (m\u00e9moire, concentration, vision, apprentissage\u2026).<\/strong><\/p>\n<p><strong>D\u00e9licieusement aromatis\u00e9 au\u00a0citron-cola, PEDIAKID\u00ae Om\u00e9ga 3 est id\u00e9al en cas de besoin accru d\u2019attention en p\u00e9riode scolaire.<\/strong>\u00a0<strong>Etui de 125 ml.<\/strong><\/p>\n<p>&nbsp;<\/p>\n<p><strong>Ingr\u00e9dients :\u00a0<\/strong>Sirop d\u2019agave 40%, eau purifi\u00e9e, fibres d\u2019acacia 15%, huile de\u00a0<em>poisson\u00a0<\/em>d\u00e9sodoris\u00e9e naturellement concentr\u00e9e en DHA et Om\u00e9ga 3 (antioxydant : vitamine E), concentr\u00e9 naturel de framboise, complexe de vitamines et min\u00e9raux : vitamine C, vitamine E ac\u00e9tate, gluconate de Magn\u00e9sium, Vitamine A, ac\u00e9tate (antioxydant : Vitamine E, antiagglom\u00e9rant : orthophosphate de calcium), Vitamine D3 (antioxydant : vitamine E), Phosphate de sodium ; ar\u00f4mes dont ar\u00f4me citron-cola, \u00e9mulsifiant : l\u00e9cithine de\u00a0<em>soja<\/em>, conservateur : sorbate de potassium.<\/p>\n<p><strong>Sans gluten<\/strong><\/p>\n<p><strong>Informations nutritionnelles moyennes \/ 2 cuill\u00e8res \u00e0 caf\u00e9 (10 ml)* :<\/strong><\/p>\n<ul>\n<li>Dont Huile de poissons : 250mg<\/li>\n<li>Dont Omega 3: 117,5mg<\/li>\n<li>Dont DHA : 100 mg<\/li>\n<li>Dont EPA : 14.6 mg<\/li>\n<li>Vitamine C : 40 mg (50% AR)<\/li>\n<li>Vitamine E : 6 mg (50% AR)<\/li>\n<li>Vitamine A: 400 \u03bcg\u00a0(50% AR)<\/li>\n<li>Vitamine D : 2.5 \u03bcg\u00a0(50% AR)\u00a0<\/li>\n<li>Magn\u00e9sium : 0.2 mg (0,06% AR)<\/li>\n<li>Phosphore : 0.2 mg (0,02% AR)<\/li>\n<\/ul>\n<p>* Ces valeurs peuvent subir de l\u00e9g\u00e8res variations, habituellement observ\u00e9es avec des produits d\u2019origine naturelle.<\/p>\n<p><em>AR : Apports de R\u00e9f\u00e9rence<\/em><br \/>DHA : Acide docosahexa\u00e9no\u00efque, EPA : Acide \u00e9icosapenta\u00e9no\u00efque<\/p>\n<p>&nbsp;<\/p>\n<p><strong>Conseils d'utilisation :<\/strong>\u00a0Peut \u00eatre utilis\u00e9 d\u00e8s lors que l\u2019alimentation est\u00a0diversifi\u00e9e. Agiter avant emploi.<\/p>\n<ul>\n<li><strong>Avant 5 ans\u00a0<\/strong>: 1 cuill\u00e8re \u00e0 caf\u00e9 par jour, apr\u00e8s les repas.<\/li>\n<li><strong>Apr\u00e8s 5 ans :<\/strong>\u00a01 \u00e0 2 cuill\u00e8res \u00e0 caf\u00e9 par jour\u00a0apr\u00e8s le d\u00e9jeuner et\/ou le d\u00eener. (Les 2 cuill\u00e8res<br \/>pouvant \u00eatre prises en m\u00eame temps le soir si\u00a0l\u2019enfant mange \u00e0 la cantine le midi).<\/li>\n<\/ul>\n<p>En programme de 1 mois. A renouveler plusieurs fois dans l\u2019ann\u00e9e si n\u00e9cessaire. Ce produit peut \u00e9galement convenir \u00e0 l\u2019adulte\u00a0de plus de 15 ans.<\/p>\n<p><strong>Recommandations :<\/strong>\u00a0A conserver hors de la port\u00e9e des enfants, \u00e0 l'abri de la chaleur et de l\u2019humidit\u00e9. A consommer dans le cadre d'une alimentation vari\u00e9e et \u00e9quilibr\u00e9e, et d\u2019un mode de vie sain. Il est recommand\u00e9 de ne pas d\u00e9passer le dosage conseill\u00e9. L'effet b\u00e9n\u00e9fique chez l'adulte est obtenu pour une consommation de DHA de 250 mg par jour. A consommer de pr\u00e9f\u00e9rence avant la date indiqu\u00e9e sur l\u2019emballage.\u00a0A conserver au r\u00e9frig\u00e9rateur et consommer dans les 30 jours apr\u00e8s ouverture.<\/p>","protected":false},"excerpt":{"rendered":"<div class=\"slogan-reviews\"><span class=\"product-slogan\">Riche en DHA, indispensable au fonctionnement du cerveau<\/span><span class=\"product-insidecontent\">Flacon de 125 ml<\/span><\/div>\n<div id=\"short_description_block\" class=\"short_description\">\n<div id=\"short_description_content\" class=\"rte\">\n<ul>\n<li>Riche en un acide gras Om\u00e9ga 3, le DHA, qui entretient le bon fonctionnement cognitif (m\u00e9moire, concentration)<\/li>\n<li>Riche en vitamines A, C, D, E<\/li>\n<\/ul>\n<p>&nbsp;<\/p>\n<p><strong>Le + produit :\u00a0<\/strong><strong>Une innovation exclusive : Le Nectar d\u2019Agave<\/strong><\/p>\n<p>Plus doux et moins \u00e9pais que le miel, ce sucre d\u2019origine v\u00e9g\u00e9tale fabriqu\u00e9 au Mexique est contenu dans toutes les formulations PEDIAKID\u00ae Sirops. Il est constitu\u00e9 de sucres naturels, non raffin\u00e9s, ce qui lui conf\u00e8re des qualit\u00e9s nutritionnelles sp\u00e9cifiques.<\/p>\n<\/div>\n<\/div>","protected":false},"featured_media":24895,"template":"","meta":{"arc_restricted_post":false},"product_cat":[49,345],"product_tag":[],"_links":{"self":[{"href":"https:\/\/www.sopha-sahara.com\/en\/wp-json\/wp\/v2\/product\/24861"}],"collection":[{"href":"https:\/\/www.sopha-sahara.com\/en\/wp-json\/wp\/v2\/product"}],"about":[{"href":"https:\/\/www.sopha-sahara.com\/en\/wp-json\/wp\/v2\/types\/product"}],"wp:featuredmedia":[{"embeddable":true,"href":"https:\/\/www.sopha-sahara.com\/en\/wp-json\/wp\/v2\/media\/24895"}],"wp:attachment":[{"href":"https:\/\/www.sopha-sahara.com\/en\/wp-json\/wp\/v2\/media?parent=24861"}],"wp:term":[{"taxonomy":"product_cat","embeddable":true,"href":"https:\/\/www.sopha-sahara.com\/en\/wp-json\/wp\/v2\/product_cat?post=24861"},{"taxonomy":"product_tag","embeddable":true,"href":"https:\/\/www.sopha-sahara.com\/en\/wp-json\/wp\/v2\/product_tag?post=24861"}],"curies":[{"name":"wp","href":"https:\/\/api.w.org\/{rel}","templated":true}]}}