{"id":24860,"date":"2020-12-24T09:27:41","date_gmt":"2020-12-24T08:27:41","guid":{"rendered":"https:\/\/www.interbusinesschamber.com\/produit\/pediakid-calcium-c\/"},"modified":"2020-12-25T17:10:00","modified_gmt":"2020-12-25T16:10:00","slug":"pediakid-calcium-c","status":"publish","type":"product","link":"https:\/\/www.sopha-sahara.com\/en\/product\/pediakid-calcium-c\/","title":{"rendered":"PEDIAKID CALCIUM C+"},"content":{"rendered":"<p><strong>Compl\u00e9ment alimentaire, sous forme de poudre orodispersible \u00e0 base de calcium et vitamine D.<\/strong><\/p>\n<p>PEDIAKID\u00ae Calcium C+ a \u00e9t\u00e9 sp\u00e9cifiquement \u00e9labor\u00e9 \u00e0 partir d\u2019une source concentr\u00e9e de calcium adapt\u00e9e \u00e0 tous les enfants, pour couvrir jusqu\u2019\u00e0 100% des apports journaliers recommand\u00e9s en calcium et en faciliter l\u2019assimilation gr\u00e2ce \u00e0 la vitamine D. Sa formule convient aux enfants intol\u00e9rants au lactose ou allergiques au lait. Pour une prise facilit\u00e9e, PEDIAKID\u00ae Calcium C+ est pr\u00e9sent\u00e9 sous forme de sticks de poudre acidul\u00e9e d\u00e9licieusement aromatis\u00e9e au Cola qui fond et p\u00e9tille sur la langue, ou peut \u00eatre dilu\u00e9e dans un verre d\u2019eau pour les plus petits.<\/p>\n<p><strong>Etui de 14 sticks de poudre acidul\u00e9e, Go\u00fbt cola.\u00a0<\/strong><\/p>\n<p>&nbsp;<\/p>\n<p><strong>Ingr\u00e9dients :\u00a0<\/strong>Carbonate de calcium (support :\u00a0amidon de ma\u00efs), \u00e9dulcorant : xylitol, fructose,\u00a0acidifiant : acide citrique, antiagglom\u00e9rant :\u00a0dioxyde de silicium, \u00e9mulsifiant : glyc\u00e9ryl\u00a0b\u00e9h\u00e9nate, ar\u00f4me (supports : maltodextrine, gomme<br \/>arabique, triac\u00e9tine, maltol, butylhydroxyanisol),\u00a0bicarbonate de sodium, vitamine D3 (supports :\u00a0amidon modifi\u00e9, maltodextrine, huile de colza ;\u00a0antioxydants : ascorbate de sodium, tocoph\u00e9rols).<\/p>\n<p><strong>Sans gluten<\/strong><\/p>\n<p><strong>Informations nutritionnelles moyennes \/ 2 sticks (5,19 g) :<\/strong><\/p>\n<ul>\n<li>Calcium : 800 mg (100% AR)<\/li>\n<li>Vitamine D : 5 mcg (100% AR)<\/li>\n<\/ul>\n<p><em>AR : Apports de R\u00e9f\u00e9rence<\/em><\/p>\n<p>&nbsp;<\/p>\n<p><strong>Conseils d\u2019utilisation\u00a0<\/strong>:\u00a01 \u00e0 2 sticks par jour, de pr\u00e9f\u00e9rence juste\u00a0apr\u00e8s les repas, \u00e0 faire fondre sur la langue,<br \/>ou \u00e0 dissoudre dans un verre d\u2019eau pour\u00a0les jeunes enfants. D\u00e8s 3 ans, ou suivre\u00a0les conseils d'un professionnel de sant\u00e9. Ce\u00a0produit peut \u00e9galement convenir \u00e0 l\u2019adulte de\u00a0plus de 15 ans.<\/p>\n<p><strong>Recommandations :<\/strong>\u00a0A conserver hors de la port\u00e9e des enfants,\u00a0\u00e0 l'abri de la chaleur et de l\u2019humidit\u00e9. A\u00a0consommer dans le cadre d\u2019une alimentation\u00a0vari\u00e9e et \u00e9quilibr\u00e9e, et d\u2019un mode de vie sain. Il\u00a0est recommand\u00e9 de ne pas d\u00e9passer le dosage\u00a0conseill\u00e9. Une consommation excessive peut\u00a0entrainer des effets laxatifs. A consommer de\u00a0pr\u00e9f\u00e9rence avant la date indiqu\u00e9e sur l\u2019emballage.<\/p>","protected":false},"excerpt":{"rendered":"<div class=\"slogan-reviews\"><span class=\"product-slogan\">Maintien du capital osseux<\/span><span class=\"product-insidecontent\">Etui de 14 sticks<\/span><\/div>\n<div id=\"short_description_block\" class=\"short_description\">\n<div id=\"short_description_content\" class=\"rte\">\n<p><strong>Les + produit :<\/strong><\/p>\n<ul>\n<li>Formule\u00a0<strong>parfaitement assimilable<\/strong>\u00a0qui convient aux enfants intol\u00e9rants au lactose ou allergiques au lait.<\/li>\n<li>Couvre\u00a0<strong>100% des apports journaliers recommand\u00e9s en calcium<\/strong><\/li>\n<li>Riche en Calcium et Vitamine D, qui participent au maintien des os et des dents en bonne sant\u00e9<\/li>\n<\/ul>\n<\/div>\n<\/div>","protected":false},"featured_media":24881,"template":"","meta":{"arc_restricted_post":false},"product_cat":[49,345],"product_tag":[],"_links":{"self":[{"href":"https:\/\/www.sopha-sahara.com\/en\/wp-json\/wp\/v2\/product\/24860"}],"collection":[{"href":"https:\/\/www.sopha-sahara.com\/en\/wp-json\/wp\/v2\/product"}],"about":[{"href":"https:\/\/www.sopha-sahara.com\/en\/wp-json\/wp\/v2\/types\/product"}],"wp:featuredmedia":[{"embeddable":true,"href":"https:\/\/www.sopha-sahara.com\/en\/wp-json\/wp\/v2\/media\/24881"}],"wp:attachment":[{"href":"https:\/\/www.sopha-sahara.com\/en\/wp-json\/wp\/v2\/media?parent=24860"}],"wp:term":[{"taxonomy":"product_cat","embeddable":true,"href":"https:\/\/www.sopha-sahara.com\/en\/wp-json\/wp\/v2\/product_cat?post=24860"},{"taxonomy":"product_tag","embeddable":true,"href":"https:\/\/www.sopha-sahara.com\/en\/wp-json\/wp\/v2\/product_tag?post=24860"}],"curies":[{"name":"wp","href":"https:\/\/api.w.org\/{rel}","templated":true}]}}