{"id":24859,"date":"2020-12-24T09:27:40","date_gmt":"2020-12-24T08:27:40","guid":{"rendered":"https:\/\/www.interbusinesschamber.com\/produit\/pediakid-vitamine-d3\/"},"modified":"2020-12-25T17:37:25","modified_gmt":"2020-12-25T16:37:25","slug":"pediakid-vitamine-d3","status":"publish","type":"product","link":"https:\/\/www.sopha-sahara.com\/en\/product\/pediakid-vitamine-d3\/","title":{"rendered":"PEDIAKID VITAMINE D3"},"content":{"rendered":"<p><strong>Compl\u00e9ment alimentaire sous forme de gouttes \u00e0 la vitamine D3 d\u2019origine naturelle.<\/strong><\/p>\n<p>En contribuant \u00e0 l\u2019absorption et \u00e0 la fixation du Calcium et du Phosphore sur les os, la Vitamine D ou \u00abVitamine du soleil\u00bb aide au maintien d\u2019un capital osseux solide. D\u2019apr\u00e8s une \u00e9tude r\u00e9cente, plus de 80% de la population pr\u00e9senterait une insuffisance en Vitamine D*. Il est donc fondamental de veiller \u00e0 optimiser les apports nutritionnels. Riche en Vitamine D3 d\u2019origine naturelle,\u00a0<strong>PEDIAKID\u00ae Vitamine D3\u00a0<\/strong>a \u00e9t\u00e9 formul\u00e9 pour veiller \u00e0 sa bonne assimilation et contribuer ainsi \u00e0 l\u2019entretien des os, des dents ainsi qu\u2019au renforcement des d\u00e9fenses naturelles.<\/p>\n<p><strong>Flacon Compte-Gouttes de 20 ml.<\/strong><\/p>\n<p><em>* Statut en Vitamine D de la population adulte en France : Etude Nationale Nutrition Sant\u00e9 \u2013 ENNS 2006- 2007 ; Bulletin Epid\u00e9miologique Hebdomadaire de l\u2019Institut de Veille Sanitaire, 24 avril 2012<\/em><\/p>\n<p>&nbsp;<\/p>\n<p><strong>Ingr\u00e9dients :\u00a0<\/strong>Huile de tournesol ol\u00e9ique d\u00e9sodoris\u00e9e,\u00a0Vitamine D3 100%\u00a0d\u2019origine naturelle extraite de\u00a0lanoline, antioxydant : Vitamine E\u00a0naturelle.<\/p>\n<p><strong>Informations nutritionnelles moyennes pour 2 gouttes (0,08 ml) :\u00a0<\/strong>Vitamine D3 d\u2019origine naturelle. . . 25 \u03bcg*(500% AR)<\/p>\n<div>*1000 UI (Unit\u00e9s Internationales)<\/div>\n<p><em>AR : Apports de R\u00e9f\u00e9rence<\/em><\/p>\n<p>&nbsp;<\/p>\n<p><strong>Conseils d\u2019utilisation :<\/strong>\u00a0Agiter avant emploi. 1 \u00e0 2 gouttes par jour en une prise, ou suivre les recommandations d\u2019un professionnel de sant\u00e9. Peut \u00eatre aval\u00e9 pur (directement sur la langue ou dans une cuill\u00e8re \u00e0 caf\u00e9) ou m\u00e9lang\u00e9 \u00e0 un aliment semiliquide, froid de pr\u00e9f\u00e9rence (yaourt, compote, \u2026). La prise peut se faire le matin, le midi ou le soir. Programme de 1 mois renouvelable. Convient aux nourrissons et enfants en bas \u00e2ge. Ce produit peut \u00e9galement convenir \u00e0 l\u2019adulte de plus de 15 ans.<\/p>\n<p><strong>Recommandations :<\/strong>\u00a0Demander conseil \u00e0 un professionnel de sant\u00e9 en cas d\u2019association avec un traitement contenant de la vitamine D ou avec un lait suppl\u00e9ment\u00e9 en vitamine D. A conserver hors de la port\u00e9e des enfants, \u00e0 l'abri de la chaleur et de la lumi\u00e8re. A consommer dans le cadre d'une alimentation vari\u00e9e et \u00e9quilibr\u00e9e, et d\u2019un mode de vie sain. Il est recommand\u00e9 de ne pas d\u00e9passer le dosage conseill\u00e9. A consommer de pr\u00e9f\u00e9rence avant la date indiqu\u00e9e sur l\u2019emballage.<\/p>","protected":false},"excerpt":{"rendered":"<div class=\"slogan-reviews\"><span class=\"product-slogan\">Optimise les apports en vitamine D<\/span><span class=\"product-insidecontent\">Flacon de 20 ml<\/span><\/div>\n<div id=\"short_description_block\" class=\"short_description\">\n<div id=\"short_description_content\" class=\"rte\">\n<ul>\n<li>Riche en Vitamine D3 d\u2019origine naturelle, qui contribue \u00e0 l\u2019absorption du calcium et du phosphore, \u00e0 l\u2019entretien des os et des dents, et \u00e0 la fonction immunitaire<\/li>\n<li>Formule renforc\u00e9e : 1000 UI<\/li>\n<\/ul>\n<p>&nbsp;<\/p>\n<p><strong>Le + produit<\/strong>\u00a0:<\/p>\n<p>PEDIAKID Vitamine D3 est \u00e9labor\u00e9 \u00e0 partir d\u2019ingr\u00e9dients 100% d&rsquo;origine naturelle, sans conservateur.<\/p>\n<\/div>\n<\/div>","protected":false},"featured_media":24903,"template":"","meta":{"arc_restricted_post":false},"product_cat":[49,345],"product_tag":[],"_links":{"self":[{"href":"https:\/\/www.sopha-sahara.com\/en\/wp-json\/wp\/v2\/product\/24859"}],"collection":[{"href":"https:\/\/www.sopha-sahara.com\/en\/wp-json\/wp\/v2\/product"}],"about":[{"href":"https:\/\/www.sopha-sahara.com\/en\/wp-json\/wp\/v2\/types\/product"}],"wp:featuredmedia":[{"embeddable":true,"href":"https:\/\/www.sopha-sahara.com\/en\/wp-json\/wp\/v2\/media\/24903"}],"wp:attachment":[{"href":"https:\/\/www.sopha-sahara.com\/en\/wp-json\/wp\/v2\/media?parent=24859"}],"wp:term":[{"taxonomy":"product_cat","embeddable":true,"href":"https:\/\/www.sopha-sahara.com\/en\/wp-json\/wp\/v2\/product_cat?post=24859"},{"taxonomy":"product_tag","embeddable":true,"href":"https:\/\/www.sopha-sahara.com\/en\/wp-json\/wp\/v2\/product_tag?post=24859"}],"curies":[{"name":"wp","href":"https:\/\/api.w.org\/{rel}","templated":true}]}}