{"id":24858,"date":"2020-12-24T09:27:39","date_gmt":"2020-12-24T08:27:39","guid":{"rendered":"https:\/\/www.interbusinesschamber.com\/produit\/pediakid-sommeil\/"},"modified":"2020-12-25T17:30:24","modified_gmt":"2020-12-25T16:30:24","slug":"pediakid-sommeil","status":"publish","type":"product","link":"https:\/\/www.sopha-sahara.com\/en\/product\/pediakid-sommeil\/","title":{"rendered":"PEDIAKID SOMMEIL"},"content":{"rendered":"<p><strong>Compl\u00e9ment alimentaire sous forme de sirop \u00e0 base d\u2019extraits de fleurs de Camomille, Lavande, Oranger, M\u00e9lisse, Aub\u00e9pine, Marjolaine ; Magn\u00e9sium, Mangan\u00e8se et Phosphore.<\/strong><\/p>\n<p><strong>PEDIAKID\u00ae Sommeil<\/strong>\u00a0associe des principes actifs naturels pour\u00a0<strong>favoriser l\u2019endormissement<\/strong>\u00a0et\u00a0<strong>\u00e9viter les r\u00e9veils nocturnes.<\/strong>\u00a0Sa formule douce et apaisante, \u00e0 base de Lavande, M\u00e9lisse, Camomille, Marjolaine et Aub\u00e9pine, est id\u00e9ale pour apaiser l\u2019enfant au coucher et retrouver un sommeil de qualit\u00e9, utile au maintien de la vigilance dans la journ\u00e9e et \u00e0 l\u2019\u00e9panouissement.<\/p>\n<p><strong>D\u00e9licieusement aromatis\u00e9 au concentr\u00e9 naturel de cerise.\u00a0<\/strong><strong>\u00a0Flacon de 125 ml ou format familial 250 ml.<\/strong><\/p>\n<p>&nbsp;<\/p>\n<p><strong>Ingr\u00e9dients :\u00a0<\/strong>Sirop d\u2019agave 40%,\u00a0eau purifi\u00e9e, fibres d\u2019acacia 15%, extrait\u00a0hydroglyc\u00e9rin\u00e9 de plantes 8% (eau,<br \/>glyc\u00e9rine v\u00e9g\u00e9tale, Fleur d\u2019oranger, Lavande,\u00a0Camomille, M\u00e9lisse, Marjolaine, Aub\u00e9pine),\u00a0concentr\u00e9 naturel de cerise, ar\u00f4mes dont\u00a0ar\u00f4me naturel de cerise, conservateur :\u00a0sorbate de potassium, correcteur d\u2019acidit\u00e9 :\u00a0acide citrique, gluconate de Magn\u00e9sium,\u00a0gluconate de Mangan\u00e8se, Phosphate de\u00a0sodium.<\/p>\n<p><strong>Sans gluten<\/strong><\/p>\n<p><strong>Informations nutritionnelles moyennes \/ 2 cuill\u00e8res \u00e0 caf\u00e9 (10 ml)* :<\/strong><\/p>\n<ul>\n<li>Magn\u00e9sium : 0.2 mg (0,05% AR)<\/li>\n<li>Mangan\u00e8se : 0,14 mg (7% AR)<\/li>\n<li>Phosphore : 0.06 mg (0,01% AR)\u00a0<\/li>\n<li>Extrait de fleur d'Oranger: 170 mg<\/li>\n<li>Extrait de Lavande: 170 mg<\/li>\n<li>Extrait de camomille: 170 mg<\/li>\n<li>Extrait de M\u00e9lisse: 170 mg<\/li>\n<li>Extrait de Marjolaine: 170 mg<\/li>\n<li>Extrait d'Aub\u00e9pine: 170 mg<\/li>\n<\/ul>\n<p>* Ces valeurs peuvent subir de l\u00e9g\u00e8res variations, habituellement observ\u00e9es avec des produits d\u2019origine naturelle.<\/p>\n<p><em>AR : Apports de R\u00e9f\u00e9rence<\/em><\/p>\n<p>&nbsp;<\/p>\n<p><strong>Conseils d'utilisation :\u00a0<\/strong>Peut \u00eatre utilis\u00e9 d\u00e8s lors que l\u2019alimentation est\u00a0diversifi\u00e9e. Agiter avant emploi.<\/p>\n<ul>\n<li><strong>Avant 5 ans\u00a0<\/strong>: 1 cuill\u00e8re \u00e0 caf\u00e9 avant le coucher.<\/li>\n<li><strong>Apr\u00e8s 5 ans<\/strong>\u00a0: 2 cuill\u00e8res \u00e0 caf\u00e9 avant le coucher.<\/li>\n<\/ul>\n<p>En programme de 1 \u00e0 2 mois. A renouveler\u00a0plusieurs fois dans l\u2019ann\u00e9e si n\u00e9cessaire.<br \/>Ce produit peut \u00e9galement convenir \u00e0 l\u2019adulte\u00a0de plus de 15 ans.<\/p>\n<p><strong>Recommandations\u00a0<\/strong>: A conserver hors de la port\u00e9e des enfants, \u00e0 l'abri de la chaleur et de l\u2019humidit\u00e9. A consommer dans le cadre d'une alimentation vari\u00e9e et \u00e9quilibr\u00e9e, et d\u2019un mode de vie sain. Il est recommand\u00e9 de ne pas d\u00e9passer le dosage conseill\u00e9. A consommer de pr\u00e9f\u00e9rence avant la date indiqu\u00e9e sur l\u2019emballage.\u00a0A conserver au r\u00e9frig\u00e9rateur et consommer dans les 30 jours apr\u00e8s ouverture.<\/p>","protected":false},"excerpt":{"rendered":"<div class=\"slogan-reviews\"><span class=\"product-slogan\">Am\u00e9liore la qualit\u00e9 du sommeil et favorise l&rsquo;endormissement<\/span><span class=\"product-insidecontent\">Flacon de 125 ml ou 250 ml<\/span><\/div>\n<div id=\"short_description_block\" class=\"short_description\">\n<div id=\"short_description_content\" class=\"rte\">\n<ul>\n<li>Aux extraits de fleur d\u2019Oranger, Lavande, Marjolaine et Aub\u00e9pine, pour contribuer au sommeil naturel<\/li>\n<li>Aux extraits de Camomille qui am\u00e9liore la qualit\u00e9 du sommeil\u00a0<\/li>\n<li>Aux extraits de M\u00e9lisse pour favoriser l\u2019endormissement<\/li>\n<\/ul>\n<p>&nbsp;<\/p>\n<p><strong>Le + produit :\u00a0<\/strong><strong>Une innovation exclusive : Le Nectar d\u2019Agave !<\/strong><\/p>\n<p>Plus doux et moins \u00e9pais que le miel, ce sucre d\u2019origine v\u00e9g\u00e9tale fabriqu\u00e9 au Mexique est contenu dans toutes les formulations PEDIAKID\u00ae Sirops. Il est constitu\u00e9 de sucres naturels, non raffin\u00e9s, ce qui lui conf\u00e8re des qualit\u00e9s nutritionnelles sp\u00e9cifiques.<\/p>\n<\/div>\n<\/div>","protected":false},"featured_media":24898,"template":"","meta":{"arc_restricted_post":false},"product_cat":[49,345],"product_tag":[],"_links":{"self":[{"href":"https:\/\/www.sopha-sahara.com\/en\/wp-json\/wp\/v2\/product\/24858"}],"collection":[{"href":"https:\/\/www.sopha-sahara.com\/en\/wp-json\/wp\/v2\/product"}],"about":[{"href":"https:\/\/www.sopha-sahara.com\/en\/wp-json\/wp\/v2\/types\/product"}],"wp:featuredmedia":[{"embeddable":true,"href":"https:\/\/www.sopha-sahara.com\/en\/wp-json\/wp\/v2\/media\/24898"}],"wp:attachment":[{"href":"https:\/\/www.sopha-sahara.com\/en\/wp-json\/wp\/v2\/media?parent=24858"}],"wp:term":[{"taxonomy":"product_cat","embeddable":true,"href":"https:\/\/www.sopha-sahara.com\/en\/wp-json\/wp\/v2\/product_cat?post=24858"},{"taxonomy":"product_tag","embeddable":true,"href":"https:\/\/www.sopha-sahara.com\/en\/wp-json\/wp\/v2\/product_tag?post=24858"}],"curies":[{"name":"wp","href":"https:\/\/api.w.org\/{rel}","templated":true}]}}