{"id":24856,"date":"2020-12-24T09:27:39","date_gmt":"2020-12-24T08:27:39","guid":{"rendered":"https:\/\/www.interbusinesschamber.com\/produit\/pediakid-phytovermil\/"},"modified":"2020-12-25T17:28:09","modified_gmt":"2020-12-25T16:28:09","slug":"pediakid-phytovermil","status":"publish","type":"product","link":"https:\/\/www.sopha-sahara.com\/en\/product\/pediakid-phytovermil\/","title":{"rendered":"PEDIAKID PHYTOVERMIL"},"content":{"rendered":"<p><strong>Compl\u00e9ment alimentaire \u00e0 base d\u2019extraits de plantes (<\/strong><strong>Thym, Camomille, Figuier, Courge, Gingembre, Ail et Noyer) et de Papaye<\/strong><strong>.<\/strong><\/p>\n<p><strong>D\u00e9mangeaisons, agitation le soir\u2026 et s\u2019il s\u2019agissait\u00a0<\/strong>d\u2019une infestation parasitaire intestinale\u00a0(oxyures,...)?<strong>\u00a0Fr\u00e9quente chez les enfants, elle peut facilement \u00eatre prise en charge de mani\u00e8re douce et naturelle.<\/strong><\/p>\n<p>PEDIAKID\u00ae Phytovermil a \u00e9t\u00e9 sp\u00e9cialement formul\u00e9 \u00e0 base d\u2019extraits de plantes et de Papaye* pour maintenir la sph\u00e8re intestinale saine, sans parasite. Sa formule \u00e0 base de Thym, Camomille, Figuier, Gingembre, Papaye, Ail et Noyer favorise le bien-\u00eatre du syst\u00e8me intestinal. Tr\u00e8s l\u00e9g\u00e8rement aromatis\u00e9 aux fruits rouges, PEDIAKID\u00ae Phytovermil peut \u00eatre utilis\u00e9 en pr\u00e9vention, en cas d\u2019exposition ou lors des changements de saison, ou en cure si n\u00e9cessaire.<\/p>\n<p><strong>Concentr\u00e9 \u00e0 diluer au l\u00e9ger go\u00fbt fruits rouges. Flacon de 125 ml<\/strong><\/p>\n<p>&nbsp;<\/p>\n<p><strong>Ingr\u00e9dients :\u00a0<\/strong>Extrait de plantes (Thym, Camomille matricaire, Figuier, Courge, Gingembre, Papaye, Noyer et Ail), eau, glyc\u00e9rine v\u00e9g\u00e9tale, fibres pr\u00e9biotiques d\u2019acacia Fibregum\u2122, ar\u00f4me naturel de fruits rouges, correcteur d\u2019acidit\u00e9 : acide citrique, conservateur : sorbate de potassium.<\/p>\n<p><strong>Sans gluten<\/strong><\/p>\n<p><strong>Informations nutritionnelles moyennes pour 1 bouchon doseur (10 ml)* :<\/strong><\/p>\n<ul>\n<li>Fibres pr\u00e9biotiques d\u2019acacia Fibregum\u2122\u00a0: 170 mg<\/li>\n<li>Extrait de Thym<em>\u00a0<\/em>: 620\u00a0mg<\/li>\n<li>Extrait de Camomille matricaire : 410 mg\u00a0<\/li>\n<li>Extrait de Figuier : 330\u00a0mg<\/li>\n<li>Extrait de Papaye : 140\u00a0mg<\/li>\n<li>Extrait de Courge : 100\u00a0mg<\/li>\n<li>Extrait de Gingembre : 30\u00a0mg<\/li>\n<li>Extrait de Noix : 10\u00a0mg<\/li>\n<li>Extrait d\u2019Ail : 10\u00a0mg<\/li>\n<\/ul>\n<p>* Ces valeurs peuvent subir de l\u00e9g\u00e8res variations, habituellement observ\u00e9es avec des produits d\u2019origine naturelle.<\/p>\n<p>&nbsp;<\/p>\n<p><strong>Conseils d'utilisation :\u00a0<\/strong>D\u00e8s lors que l\u2019alimentation est diversifi\u00e9e. Prendre 10 ml par jour, \u00e0 verser \u00e0 l\u2019aide du bouchon doseur dans un demi-verre d\u2019eau. Cure de 12 jours. Convient \u00e9galement en cure de fond ou en cas d\u2019exposition (collectivit\u00e9, contact avec les animaux, changement de saison\u2026).<\/p>\n<p><strong>Recommandations :<\/strong>\u00a0A conserver hors de la port\u00e9e des enfants, \u00e0 l'abri de la chaleur et de l\u2019humidit\u00e9. A consommer dans le cadre d'une alimentation vari\u00e9e et \u00e9quilibr\u00e9e, et d\u2019un mode de vie sain. Il est recommand\u00e9 de ne pas d\u00e9passer les quantit\u00e9s indiqu\u00e9es. A consommer de pr\u00e9f\u00e9rence avant la date indiqu\u00e9e sur l\u2019emballage.\u00a0A conserver au r\u00e9frig\u00e9rateur et \u00e0 consommer dans les 30 jours apr\u00e8s ouverture.<\/p>","protected":false},"excerpt":{"rendered":"<div class=\"slogan-reviews\"><span class=\"product-slogan\">Contribue au maintien d\u2019une sph\u00e8re intestinale saine, sans parasite*<\/span><span class=\"product-insidecontent\">Flacon de 125 ml<\/span><\/div>\n<div id=\"short_description_block\" class=\"short_description\">\n<div id=\"short_description_content\" class=\"rte\">\n<ul>\n<li>Aux extraits de plantes (Thym, Camomille, Figuier, Courge, Gingembre, Ail et Noyer) et de Papaye<\/li>\n<li>Une alternative douce et naturelle \u2013 Cure de 12 jours<\/li>\n<\/ul>\n<p>&nbsp;<\/p>\n<p><strong>Le + produit :<\/strong><\/p>\n<p>Pratique\u00a0: bouchon doseur inclus\u00a0!<\/p>\n<\/div>\n<\/div>","protected":false},"featured_media":24896,"template":"","meta":{"arc_restricted_post":false},"product_cat":[49,345],"product_tag":[],"_links":{"self":[{"href":"https:\/\/www.sopha-sahara.com\/en\/wp-json\/wp\/v2\/product\/24856"}],"collection":[{"href":"https:\/\/www.sopha-sahara.com\/en\/wp-json\/wp\/v2\/product"}],"about":[{"href":"https:\/\/www.sopha-sahara.com\/en\/wp-json\/wp\/v2\/types\/product"}],"wp:featuredmedia":[{"embeddable":true,"href":"https:\/\/www.sopha-sahara.com\/en\/wp-json\/wp\/v2\/media\/24896"}],"wp:attachment":[{"href":"https:\/\/www.sopha-sahara.com\/en\/wp-json\/wp\/v2\/media?parent=24856"}],"wp:term":[{"taxonomy":"product_cat","embeddable":true,"href":"https:\/\/www.sopha-sahara.com\/en\/wp-json\/wp\/v2\/product_cat?post=24856"},{"taxonomy":"product_tag","embeddable":true,"href":"https:\/\/www.sopha-sahara.com\/en\/wp-json\/wp\/v2\/product_tag?post=24856"}],"curies":[{"name":"wp","href":"https:\/\/api.w.org\/{rel}","templated":true}]}}