{"id":24855,"date":"2020-12-24T09:27:38","date_gmt":"2020-12-24T08:27:38","guid":{"rendered":"https:\/\/www.interbusinesschamber.com\/produit\/pediakid-mal-des-transports\/"},"modified":"2020-12-25T17:22:03","modified_gmt":"2020-12-25T16:22:03","slug":"pediakid-mal-des-transports","status":"publish","type":"product","link":"https:\/\/www.sopha-sahara.com\/en\/product\/pediakid-mal-des-transports\/","title":{"rendered":"PEDIAKID MAL DES TRANSPORTS"},"content":{"rendered":"<p><strong>Compl\u00e9ment alimentaire \u00e0 base d\u2019extraits de Gingembre, Menthe, Sauge, Chardon-marie, Citron, Orange et Magn\u00e9sium.<\/strong><\/p>\n<p>Parce que les naus\u00e9es et vomissements pendant les transports (voiture, bus, avion, bateau,\u2026) sont assez fr\u00e9quents chez les enfants,\u00a0<strong>PEDIAKID\u00ae Mal des transports<\/strong>\u00a0offre une formule adapt\u00e9e et pratique, aux actifs 100% d\u2019origine naturelle. Elle associe du Gingembre, traditionnellement reconnu pour soulager les naus\u00e9es, de la Menthe, de la Sauge et du Chardon-marie qui participent au confort digestif et aident \u00e0 lutter contre le mal des transports. Pour une prise facilit\u00e9e,\u00a0<strong>PEDIAKID\u00ae Mal des transports<\/strong>\u00a0est pr\u00e9sent\u00e9 sous forme de sticks liquides pr\u00eats \u00e0 boire, d\u00e9licieusement aromatis\u00e9 au concentr\u00e9 naturel de citron.<\/p>\n<p><strong>Etui de 10 sticks liquides pr\u00eats \u00e0 boire. Go\u00fbt citron.<\/strong><\/p>\n<p>&nbsp;<\/p>\n<p><strong>Ingr\u00e9dients :\u00a0<\/strong>Sirop d'agave 40%, eau purifi\u00e9e, fibres pr\u00e9biotiques d\u2019acacia Fibregum\u00ae 15%, extrait hydroglyc\u00e9rin\u00e9 de plantes 7,5% (eau, glyc\u00e9rine v\u00e9g\u00e9tale, Menthe, Orange, Citron, Gingembre, Sauge, Chardon marie), ar\u00f4mes naturels dont de citron avec autres ar\u00f4mes naturels, correcteur d\u2019acidit\u00e9 : acide citrique, conservateur : sorbate de potassium, gluconate de Magn\u00e9sium.<\/p>\n<p><strong>Sans gluten<\/strong><\/p>\n<p><strong>Informations nutritionnelles moyennes pour 1 stick (5 ml)* :<\/strong><\/p>\n<ul>\n<li>Fibres pr\u00e9biotiques d\u2019acacia Fibregum\u00ae<\/li>\n<li>Extrait de Menthe<em>\u00a0<\/em>: 75\u00a0mg<\/li>\n<li>Extrait d'Orange: 75 mg\u00a0<\/li>\n<li>Extrait de Citron: 75\u00a0mg<\/li>\n<li>Extrait de Gingembre : 75\u00a0mg<\/li>\n<li>Extrait de Sauge : 75\u00a0mg<\/li>\n<li>Extrait de Chardon-marie: 75\u00a0mg<\/li>\n<\/ul>\n<p>* Ces valeurs peuvent subir de l\u00e9g\u00e8res variations, habituellement observ\u00e9es avec des produits d\u2019origine naturelle.<\/p>\n<p>&nbsp;<\/p>\n<p><strong>Conseils d'utilisation :\u00a0<\/strong>D\u00e8s lors que l\u2019alimentation est diversifi\u00e9e. A consommer pur \u00e0 raison d\u20191 stick juste avant le d\u00e9part et si besoin 1 \u00e0 2 sticks \u00e0 renouveler pendant le transport selon la dur\u00e9e du trajet. N\u2019induit pas de somnolence. Peut convenir \u00e9galement \u00e0 l\u2019adulte de plus de 15 ans.<\/p>\n<p><strong>Recommandations :<\/strong>\u00a0A conserver hors de la port\u00e9e des enfants, \u00e0 l'abri de la chaleur et de l\u2019humidit\u00e9. A consommer dans le cadre d'une alimentation vari\u00e9e et \u00e9quilibr\u00e9e, et d\u2019un mode de vie sain. Il est recommand\u00e9 de ne pas d\u00e9passer le dosage conseill\u00e9. A consommer de pr\u00e9f\u00e9rence avant la date indiqu\u00e9e sur l\u2019emballage.\u00a0A conserver au r\u00e9frig\u00e9rateur et consommer dans les 30 jours apr\u00e8s ouverture.<\/p>","protected":false},"excerpt":{"rendered":"<div class=\"slogan-reviews\"><span class=\"product-slogan\">Aide \u00e0 pr\u00e9venir et lutter contre les naus\u00e9es et vomissements*<\/span><span class=\"product-insidecontent\">Etui de 10 sticks<\/span><\/div>\n<div id=\"short_description_block\" class=\"short_description\">\n<div id=\"short_description_content\" class=\"rte\">\n<ul>\n<li><strong>Format nomade ultra-pratique !<\/strong><\/li>\n<li>A l\u2019extrait de Gingembre, qui aide \u00e0 lutter contre les naus\u00e9es et les vomissements<\/li>\n<li>Aux extraits de Menthe poivr\u00e9e, Sauge &amp; Chardon-marie, pour le confort digestif<\/li>\n<\/ul>\n<p>&nbsp;<\/p>\n<p><strong>Le + produit :<\/strong><\/p>\n<p>Sticks liquides pr\u00eats \u00e0 boire, pour une utilisation facilit\u00e9e lors des transports.<\/p>\n<\/div>\n<\/div>","protected":false},"featured_media":24891,"template":"","meta":{"arc_restricted_post":false},"product_cat":[49,345],"product_tag":[],"_links":{"self":[{"href":"https:\/\/www.sopha-sahara.com\/en\/wp-json\/wp\/v2\/product\/24855"}],"collection":[{"href":"https:\/\/www.sopha-sahara.com\/en\/wp-json\/wp\/v2\/product"}],"about":[{"href":"https:\/\/www.sopha-sahara.com\/en\/wp-json\/wp\/v2\/types\/product"}],"wp:featuredmedia":[{"embeddable":true,"href":"https:\/\/www.sopha-sahara.com\/en\/wp-json\/wp\/v2\/media\/24891"}],"wp:attachment":[{"href":"https:\/\/www.sopha-sahara.com\/en\/wp-json\/wp\/v2\/media?parent=24855"}],"wp:term":[{"taxonomy":"product_cat","embeddable":true,"href":"https:\/\/www.sopha-sahara.com\/en\/wp-json\/wp\/v2\/product_cat?post=24855"},{"taxonomy":"product_tag","embeddable":true,"href":"https:\/\/www.sopha-sahara.com\/en\/wp-json\/wp\/v2\/product_tag?post=24855"}],"curies":[{"name":"wp","href":"https:\/\/api.w.org\/{rel}","templated":true}]}}