{"id":24854,"date":"2020-12-24T09:27:38","date_gmt":"2020-12-24T08:27:38","guid":{"rendered":"https:\/\/www.interbusinesschamber.com\/produit\/pediakid-nausees-vomissements-mal-des-transports\/"},"modified":"2020-12-25T17:23:10","modified_gmt":"2020-12-25T16:23:10","slug":"pediakid-nausees-vomissements-mal-des-transports","status":"publish","type":"product","link":"https:\/\/www.sopha-sahara.com\/en\/product\/pediakid-nausees-vomissements-mal-des-transports\/","title":{"rendered":"PEDIAKID NAUS\u00c9ES-VOMISSEMENTS MAL DES TRANSPORTS"},"content":{"rendered":"<p><strong>Compl\u00e9ment alimentaire sous forme de sirop \u00e0 base d\u2019extraits de Gingembre, Menthe, Sauge, Chardon-marie, Citron, Orange et Magn\u00e9sium.<\/strong><\/p>\n<p><strong>PEDIAKID\u00ae Naus\u00e9es-Vomissements Mal des transports<\/strong>\u00a0associe des principes actifs naturels pour lutter contre les\u00a0naus\u00e9es et vomissements de courte dur\u00e9e, associ\u00e9s notamment au mal des transports. Il renferme du Gingembre traditionnellement reconnu pour soulager les naus\u00e9es, mais aussi du Chardon-marie, de la Sauge et de la menthe, qui participent au confort digestif. Recommand\u00e9 lors d'\u00e9pisodes de naus\u00e9es ou vomissements. Id\u00e9al durant les trajets quotidiens en voiture ou lors des d\u00e9parts en vacances (bateau, avion\u2026).<\/p>\n<p><strong>D\u00e9licieusement aromatis\u00e9 au citron.\u00a0<\/strong><strong>Etui de 125 ml.<\/strong><\/p>\n<p>&nbsp;<\/p>\n<p><strong>Ingr\u00e9dients :\u00a0<\/strong>Sirop d'agave 40%, eau purifi\u00e9e, fibres d\u2019acacia 15%, extrait hydroglyc\u00e9rin\u00e9 de plantes 7,5% (eau, glyc\u00e9rine v\u00e9g\u00e9tale, Menthe, Orange, Citron, Gingembre, Sauge, Chardon marie), ar\u00f4mes dont ar\u00f4me naturel de citron, correcteur d\u2019acidit\u00e9 : acide citrique, conservateur : sorbate de potassium, gluconate de Magn\u00e9sium.<\/p>\n<p><strong>Sans gluten<\/strong><\/p>\n<p><strong>Informations nutritionnelles moyennes \/ 4 cuill\u00e8res \u00e0 caf\u00e9 (20 ml)* :<\/strong><\/p>\n<ul>\n<li>Magn\u00e9sium : 0.4 mg* (0,14 % AR)<\/li>\n<li>Extrait de Menthe<em>\u00a0<\/em>: 300\u00a0mg<\/li>\n<li>Extrait d'Orange: 300 mg\u00a0<\/li>\n<li>Extrait de Citron: 300\u00a0mg<\/li>\n<li>Extrait de Gingembre : 300\u00a0mg<\/li>\n<li>Extrait de Sauge : 300\u00a0mg<\/li>\n<li>Extrait de Chardon-marie: 300\u00a0mg<\/li>\n<\/ul>\n<p>* Ces valeurs peuvent subir de l\u00e9g\u00e8res variations, habituellement observ\u00e9es avec des produits d\u2019origine naturelle.<\/p>\n<p><em>AR : Apports de R\u00e9f\u00e9rence<\/em><\/p>\n<p>&nbsp;<\/p>\n<p><strong>Conseils d'utilisation :\u00a0<\/strong>D\u00e8s lors que l\u2019alimentation est diversifi\u00e9e<\/p>\n<ul>\n<li><strong>Avant 5 ans<\/strong>\u00a0: 1 cuill\u00e8re \u00e0 caf\u00e9 2 fois par jour apr\u00e8s le repas.<\/li>\n<li><strong>Apr\u00e8s 5 ans<\/strong>\u00a0: 2 cuill\u00e8res 2 fois par jour apr\u00e8s le repas.<\/li>\n<\/ul>\n<p>A consommer en programme de 10 jours plusieurs fois dans l\u2019ann\u00e9e ou la veille du d\u00e9part en renouvelant les prises avant et pendant le voyage. Peut convenir \u00e9galement \u00e0 l\u2019adulte de plus de 15 ans.<\/p>\n<p><strong>Recommandations :<\/strong>\u00a0A conserver hors de la port\u00e9e des enfants, \u00e0 l'abri de la chaleur et de l\u2019humidit\u00e9. A consommer dans le cadre d'une alimentation vari\u00e9e et \u00e9quilibr\u00e9e, et d\u2019un mode de vie sain. Il est recommand\u00e9 de ne pas d\u00e9passer le dosage conseill\u00e9. A consommer de pr\u00e9f\u00e9rence avant la date indiqu\u00e9e sur l\u2019emballage.\u00a0A conserver au r\u00e9frig\u00e9rateur et consommer dans les 30 jours apr\u00e8s ouverture.<\/p>","protected":false},"excerpt":{"rendered":"<div class=\"slogan-reviews\"><span class=\"product-slogan\">Limite les naus\u00e9es et vomissements*<\/span><span class=\"product-insidecontent\">Flacon de 125 ml<\/span><\/div>\n<div id=\"short_description_block\" class=\"short_description\">\n<div id=\"short_description_content\" class=\"rte\">\n<ul>\n<li>A l\u2019extrait de Gingembre, qui aide \u00e0 lutter contre les naus\u00e9es et les vomissements<\/li>\n<li>Aux extraits de Menthe poivr\u00e9e, Sauge &amp; Chardon-marie, pour le confort digestif<\/li>\n<\/ul>\n<p>&nbsp;<\/p>\n<p><strong>Le + produit :\u00a0<\/strong><strong>Une innovation exclusive : Le Nectar d\u2019Agave<\/strong><\/p>\n<p>Plus doux et moins \u00e9pais que le miel, ce sucre d\u2019origine v\u00e9g\u00e9tale fabriqu\u00e9 au Mexique est contenu dans toutes les formulations PEDIAKID\u00ae Sirops. Il est constitu\u00e9 de sucres naturels, non raffin\u00e9s, ce qui lui conf\u00e8re des qualit\u00e9s nutritionnelles sp\u00e9cifiques.<\/p>\n<\/div>\n<\/div>","protected":false},"featured_media":24892,"template":"","meta":{"arc_restricted_post":false},"product_cat":[49,345],"product_tag":[],"_links":{"self":[{"href":"https:\/\/www.sopha-sahara.com\/en\/wp-json\/wp\/v2\/product\/24854"}],"collection":[{"href":"https:\/\/www.sopha-sahara.com\/en\/wp-json\/wp\/v2\/product"}],"about":[{"href":"https:\/\/www.sopha-sahara.com\/en\/wp-json\/wp\/v2\/types\/product"}],"wp:featuredmedia":[{"embeddable":true,"href":"https:\/\/www.sopha-sahara.com\/en\/wp-json\/wp\/v2\/media\/24892"}],"wp:attachment":[{"href":"https:\/\/www.sopha-sahara.com\/en\/wp-json\/wp\/v2\/media?parent=24854"}],"wp:term":[{"taxonomy":"product_cat","embeddable":true,"href":"https:\/\/www.sopha-sahara.com\/en\/wp-json\/wp\/v2\/product_cat?post=24854"},{"taxonomy":"product_tag","embeddable":true,"href":"https:\/\/www.sopha-sahara.com\/en\/wp-json\/wp\/v2\/product_tag?post=24854"}],"curies":[{"name":"wp","href":"https:\/\/api.w.org\/{rel}","templated":true}]}}