{"id":24853,"date":"2020-12-24T09:27:38","date_gmt":"2020-12-24T08:27:38","guid":{"rendered":"https:\/\/www.interbusinesschamber.com\/produit\/pediakid-colicillus-bebe\/"},"modified":"2020-12-25T17:11:21","modified_gmt":"2020-12-25T16:11:21","slug":"pediakid-colicillus-bebe","status":"publish","type":"product","link":"https:\/\/www.sopha-sahara.com\/en\/product\/pediakid-colicillus-bebe\/","title":{"rendered":"PEDIAKID COLICILLUS\u00ae B\u00c9B\u00c9"},"content":{"rendered":"<p><strong>Compl\u00e9ment\u00a0alimentaire pour b\u00e9b\u00e9s aux ferments lactiques\u00a0<em>Lactobacillus\u00a0rhamnosus GG.<\/em><\/strong><\/p>\n<p>La flore intestinale abrite 50% du potentiel de d\u00e9fenses de l\u2019organisme et participe activement \u00e0 la digestion. Chez les b\u00e9b\u00e9s, cette flore est immature, ce qui peut les rendre\u00a0 plus sensibles aux perturbations (changement d\u2019alimentation \u00e0 la naissance ou lors du sevrage, prise d\u2019antibiotiques, virus gastro-intestinaux\u2026) et engendrer un inconfort abdominal (coliques, diarrh\u00e9es\u2026). Les probiotiques viennent renforcer la flore endog\u00e8ne et sont donc particuli\u00e8rement conseill\u00e9s chez les nourrissons.<\/p>\n<p>&nbsp;<\/p>\n<p><strong>PEDIAKID Colicillus\u00ae B\u00e9b\u00e9<\/strong>\u00a0est \u00e9labor\u00e9 sans lactose, sans\u00a0gluten.<\/p>\n<p><strong>Flacon compte-gouttes - Go\u00fbt neutre<\/strong><\/p>\n<p>&nbsp;<\/p>\n<p><strong>Ingr\u00e9dients :<\/strong>\u00a0Huile de ma\u00efs, ferments lactiques :\u00a0<em>Lactobacillus rhamnosus GG.<\/em><\/p>\n<p><strong>Informations nutritionnelles\u00a0moyennes pour 5 gouttes (0.27 g) :<\/strong><\/p>\n<ul>\n<li><em>Lactobacillus\u00a0rhamnosus GG<\/em>\u00a0:\u00a0\u00e9quivalent \u00e0\u00a01 milliard de\u00a0ferments vivants<\/li>\n<\/ul>\n<p><em>AR : Apports de R\u00e9f\u00e9rence<\/em><\/p>\n<p>&nbsp;<\/p>\n<p><strong>Conseils d\u2019utilisation :<\/strong>\u00a0Agiter avant emploi. 5 gouttes\u00a0par jour en une prise, ou suivre\u00a0les recommandations d\u2019un\u00a0professionnel de sant\u00e9. Peut \u00eatre\u00a0aval\u00e9 pur (directement dans la\u00a0bouche ou \u00e0 l\u2019aide d\u2019une cuill\u00e8re)\u00a0ou m\u00e9lang\u00e9 \u00e0 une boisson dont\u00a0la temp\u00e9rature est &lt;37\u00b0C.\u00a0Se conserve \u00e0 temp\u00e9rature\u00a0ambiante. Programme de 1 mois\u00a0renouvelable. Convient aux nourrissons et enfants en bas \u00e2ge.<\/p>\n<p><strong>Recommandations :<\/strong>\u00a0A conserver hors de la port\u00e9e des\u00a0enfants, \u00e0 l'abri de la chaleur et de\u00a0la lumi\u00e8re.\u00a0A consommer dans le cadre d\u2019une alimentation vari\u00e9e et \u00e9quilibr\u00e9e, et d\u2019un mode de vie sain.\u00a0Il est recommand\u00e9 de ne pas d\u00e9passer le dosage conseill\u00e9. A\u00a0consommer de pr\u00e9f\u00e9rence avant la\u00a0date indiqu\u00e9e sur l\u2019emballage.<\/p>","protected":false},"excerpt":{"rendered":"<div class=\"slogan-reviews\"><span class=\"product-slogan\">Limite les contractions abdominales chez le nourrisson<\/span><span class=\"product-insidecontent\">Flacon de 10 ml<\/span><\/div>\n<div id=\"short_description_block\" class=\"short_description\">\n<div id=\"short_description_content\" class=\"rte\">\n<ul>\n<li>Limite les contractions abdominales chez le nourrisson<\/li>\n<li>1 milliard de Probiotiques\u00a0<em>Lactobacillus rhamnosus GG<\/em><\/li>\n<\/ul>\n<p>&nbsp;<\/p>\n<p><strong>Le + produit :\u00a0<\/strong><strong>TECHNOLOGIE BREVET\u00c9E R\u00c9SISTANCE + STABILIT\u00c9 GARANTIES \u00c0 TEMP\u00c9RATURE AMBIANTE<\/strong><\/p>\n<p>Afin d\u2019agir favorablement sur\u00a0l\u2019organisme, les ferments lactiques\u00a0doivent r\u00e9sister \u00e0 l\u2019acidit\u00e9 de\u00a0l\u2019estomac et \u00e0 la bile sans nuire\u00a0\u00e0 l\u2019\u00e9quilibre de la flore intestinale.\u00a0<strong>PEDIAKID Colicillus\u00ae B\u00e9b\u00e9<\/strong>\u00a0a\u00a0\u00e9t\u00e9 \u00e9labor\u00e9 \u00e0 partir d\u2019une souche\u00a0de\u00a0<em>Lactobacillus rhamnosus GG\u00a0<\/em>rigoureusement s\u00e9lectionn\u00e9e\u00a0pour satisfaire de fa\u00e7on optimale\u00a0\u00e0 ces crit\u00e8res et faisant l\u2019objet\u00a0de nombreuses publications\u00a0scientifiques. La souche mise\u00a0en oeuvre est d\u00e9pos\u00e9e \u00e0 l\u2019ATCC\u00a0(American Type Culture collection,\u00a0centre de ressources biologiques\u00a0mettant en place la norme de\u00a0r\u00e9f\u00e9rence de probiotiques).\u00a0<em>La microencapsulation et la suspension\u00a0huileuse sont des technologies brevet\u00e9es\u00a0Probiotical S.p.A.<\/em><\/p>\n<\/div>\n<\/div>","protected":false},"featured_media":24882,"template":"","meta":{"arc_restricted_post":false},"product_cat":[49,345],"product_tag":[],"_links":{"self":[{"href":"https:\/\/www.sopha-sahara.com\/en\/wp-json\/wp\/v2\/product\/24853"}],"collection":[{"href":"https:\/\/www.sopha-sahara.com\/en\/wp-json\/wp\/v2\/product"}],"about":[{"href":"https:\/\/www.sopha-sahara.com\/en\/wp-json\/wp\/v2\/types\/product"}],"wp:featuredmedia":[{"embeddable":true,"href":"https:\/\/www.sopha-sahara.com\/en\/wp-json\/wp\/v2\/media\/24882"}],"wp:attachment":[{"href":"https:\/\/www.sopha-sahara.com\/en\/wp-json\/wp\/v2\/media?parent=24853"}],"wp:term":[{"taxonomy":"product_cat","embeddable":true,"href":"https:\/\/www.sopha-sahara.com\/en\/wp-json\/wp\/v2\/product_cat?post=24853"},{"taxonomy":"product_tag","embeddable":true,"href":"https:\/\/www.sopha-sahara.com\/en\/wp-json\/wp\/v2\/product_tag?post=24853"}],"curies":[{"name":"wp","href":"https:\/\/api.w.org\/{rel}","templated":true}]}}