{"id":24852,"date":"2020-12-24T09:27:37","date_gmt":"2020-12-24T08:27:37","guid":{"rendered":"https:\/\/www.interbusinesschamber.com\/produit\/pediakid-bebe-gaz\/"},"modified":"2021-02-23T10:30:42","modified_gmt":"2021-02-23T09:30:42","slug":"pediakid-bebe-gaz","status":"publish","type":"product","link":"https:\/\/www.sopha-sahara.com\/en\/product\/pediakid-bebe-gaz\/","title":{"rendered":"PEDIAKID B\u00c9B\u00c9 GAZ"},"content":{"rendered":"<p><strong>A base d\u2019extraits de Fenouil, Tilleul, Camomille, Menthe et M\u00e9lisse. Recommand\u00e9 pour lutter en douceur contre les gaz intestinaux et favoriser le confort digestif.<\/strong><\/p>\n<p>Chez le tr\u00e8s jeune enfant, l\u2019inconfort digestif n\u2019est pas rare, bien au contraire. Le syst\u00e8me digestif encore immature et la grande quantit\u00e9 de liquide absorb\u00e9e dans la journ\u00e9e, font que la g\u00eane occasionn\u00e9e, bien que passag\u00e8re et sans gravit\u00e9, est bien r\u00e9elle.\u00a0<strong>PEDIAKID\u00ae B\u00e9b\u00e9 Gaz<\/strong>\u00a0associe des actifs naturels efficaces pour r\u00e9duire en douceur les gaz et l\u2019inconfort digestif des b\u00e9b\u00e9s. Sa formule douce et parfaitement appr\u00e9ci\u00e9e des b\u00e9b\u00e9s apporte des fibres pr\u00e9biotiques et des plantes reconnues pour leurs propri\u00e9t\u00e9s digestives (Fenouil, Camomille, Menthe Poivr\u00e9e et M\u00e9lisse)*.<\/p>\n<p>Etui de 12 sticks<\/p>\n<p>&nbsp;<\/p>\n<p><strong>Ingr\u00e9dients :\u00a0<\/strong>Agent de charge: maltodextrine, inuline, dextrose, extrait de Fenouil (fruits), extrait de parties a\u00e9riennes de Menthe poivr\u00e9e, extrait de feuilles de M\u00e9lisse, extrait de fleurs de Camomille, \u00e9mulsifiant: dioxyde de silicium.<\/p>\n<p><strong>Sans gluten \u00a0\u00a0\u00a0\u00a0<\/strong>\u00a0\u00a0\u00a0\u00a0\u00a0\u00a0\u00a0\u00a0\u00a0\u00a0\u00a0\u00a0\u00a0\u00a0\u00a0\u00a0\u00a0\u00a0\u00a0<\/p>\n<p><strong>Informations nutritionnelles moyennes pour 2 sticks (4,42 g)\u00a0:<\/strong><\/p>\n<ul>\n<li><strong>Energie :<\/strong>\u00a07,6 kcal (31,7 kJ)<\/li>\n<li><strong>Mati\u00e8res grasses :<\/strong>\u00a0Traces<\/li>\n<li><strong>Dont satur\u00e9es :<\/strong>\u00a0Traces<\/li>\n<li><strong>Glucides totaux :<\/strong>\u00a01,9 g<\/li>\n<li><strong>Dont sucres :<\/strong>\u00a01.6 g<\/li>\n<li><strong>Fibres d'Inuline :<\/strong>\u00a01 g<\/li>\n<li><strong>Prot\u00e9ines :<\/strong>\u00a0Traces<\/li>\n<li><strong>Sel :<\/strong>\u00a0Traces<\/li>\n<li><strong>Extrait de Fenouil :<\/strong>\u00a0200 mg (**eq. 1000 mg)<\/li>\n<li><strong>Extrait de Menthe poivr\u00e9e :<\/strong>\u00a010 mg (**eq. 10 mg)<\/li>\n<li><strong>Extrait de M\u00e9lisse :<\/strong>\u00a010 mg (**eq. 50 mg)<\/li>\n<li><strong>Extrait de Camomille :<\/strong>\u00a010 mg (**eq. 40 mg)<\/li>\n<\/ul>\n<p><strong>Informations nutritionnelles moyennes pour 100 g:<\/strong><\/p>\n<ul>\n<li><strong>Energie :<\/strong>\u00a0171,6 kcal (717.3 kJ)<\/li>\n<li><strong>Mati\u00e8res grasses :<\/strong>\u00a0Traces<\/li>\n<li><strong>Dont satur\u00e9es :<\/strong>\u00a0Traces<\/li>\n<li><strong>Glucides totaux :<\/strong>\u00a042,9 g<\/li>\n<li><strong>Dont sucres :<\/strong>\u00a036,2 g<\/li>\n<li><strong>Fibres d'Inuline :<\/strong>\u00a022,6 g<\/li>\n<li><strong>Prot\u00e9ines :<\/strong>\u00a0Traces<\/li>\n<li><strong>Sel :<\/strong>\u00a0Traces<\/li>\n<li><strong>Extrait de Fenouil :<\/strong>\u00a04,5\u00a0g (**eq. 22,6\u00a0g)<\/li>\n<li><strong>Extrait de Menthe poivr\u00e9e :<\/strong>\u00a02,3\u00a0g (**eq. 2,3 g)<\/li>\n<li><strong>Extrait de M\u00e9lisse :<\/strong>\u00a02,3 g (**eq. 11,3 g)<\/li>\n<li><strong>Extrait de Camomille :<\/strong>\u00a02,3 g (**eq. 9,0 g)<\/li>\n<\/ul>\n<p><em>** Equivalence plantes s\u00e8ches<\/em><\/p>\n<p><em>Apports de r\u00e9f\u00e9rence pour un adulte-type (8400 kJ \/ 2000 kcal)<\/em><\/p>\n<p>&nbsp;<\/p>\n<p><strong>Conseils d'utilisation :<\/strong>\u00a01 \u00e0 2 sticks par jour, \u00e0 diluer dans de l\u2019eau\u00a0min\u00e9rale (20 - 30 ml) pour une prise entre\u00a0les repas ou dans un biberon de lait pour\u00a0une prise au moment du repas (volume\u00a0habituel). A consommer de pr\u00e9f\u00e9rence dans\u00a0l\u2019heure suivant la pr\u00e9paration, ou dans les\u00a012h si conserv\u00e9 au r\u00e9frig\u00e9rateur. Convient\u00a0aux nourrissons et enfants en bas \u00e2ge.<\/p>\n<p><strong>Recommandations\u00a0<\/strong>: A conserver hors de la port\u00e9e des enfants, \u00e0 l\u2019abri de la chaleur et de l\u2019humidit\u00e9. Il est recommand\u00e9 de ne pas d\u00e9passer le dosage conseill\u00e9. A consommer de pr\u00e9f\u00e9rence avant la date indiqu\u00e9e sur l\u2019emballage. A\u00a0 conserver au r\u00e9frig\u00e9rateur apr\u00e8s ouverture.<\/p>","protected":false},"excerpt":{"rendered":"<div class=\"slogan-reviews\"><span class=\"product-slogan\">R\u00e9duit les gaz et am\u00e9liore le confort intestinal<\/span><span class=\"product-insidecontent\">Etui de 12 sticks<\/span><\/div>\n<div id=\"short_description_block\" class=\"short_description\">\n<div id=\"short_description_content\" class=\"rte\">\n<ul>\n<li><strong>Nouvelle formule renforc\u00e9e !<\/strong><\/li>\n<li>Source de fibres<\/li>\n<li>Aux extraits de Fenouil, Camomille, Menthe poivr\u00e9e et M\u00e9lisse, qui am\u00e9liorent le confort digestif, r\u00e9duisent les gaz et la g\u00eane intestinale<\/li>\n<\/ul>\n<\/div>\n<\/div>","protected":false},"featured_media":30685,"template":"","meta":{"arc_restricted_post":false},"product_cat":[49,345],"product_tag":[],"_links":{"self":[{"href":"https:\/\/www.sopha-sahara.com\/en\/wp-json\/wp\/v2\/product\/24852"}],"collection":[{"href":"https:\/\/www.sopha-sahara.com\/en\/wp-json\/wp\/v2\/product"}],"about":[{"href":"https:\/\/www.sopha-sahara.com\/en\/wp-json\/wp\/v2\/types\/product"}],"wp:featuredmedia":[{"embeddable":true,"href":"https:\/\/www.sopha-sahara.com\/en\/wp-json\/wp\/v2\/media\/30685"}],"wp:attachment":[{"href":"https:\/\/www.sopha-sahara.com\/en\/wp-json\/wp\/v2\/media?parent=24852"}],"wp:term":[{"taxonomy":"product_cat","embeddable":true,"href":"https:\/\/www.sopha-sahara.com\/en\/wp-json\/wp\/v2\/product_cat?post=24852"},{"taxonomy":"product_tag","embeddable":true,"href":"https:\/\/www.sopha-sahara.com\/en\/wp-json\/wp\/v2\/product_tag?post=24852"}],"curies":[{"name":"wp","href":"https:\/\/api.w.org\/{rel}","templated":true}]}}