{"id":24851,"date":"2020-12-24T09:27:37","date_gmt":"2020-12-24T08:27:37","guid":{"rendered":"https:\/\/www.interbusinesschamber.com\/produit\/pediakid-transit-doux\/"},"modified":"2021-02-23T10:29:31","modified_gmt":"2021-02-23T09:29:31","slug":"pediakid-transit-doux","status":"publish","type":"product","link":"https:\/\/www.sopha-sahara.com\/en\/product\/pediakid-transit-doux\/","title":{"rendered":"PEDIAKID TRANSIT DOUX"},"content":{"rendered":"<p><strong>Compl\u00e9ment alimentaire sous forme de sirop \u00e0 base d\u2019Artichaut, Figue, Tamarin, Rhubarbe, Pruneau, Pomme et Magn\u00e9sium.<\/strong><\/p>\n<p><strong>PEDIAKID\u00ae Transit Doux<\/strong>\u00a0a \u00e9t\u00e9 sp\u00e9cialement formul\u00e9 \u00e0 base d\u2019extraits actifs de plantes et de fruits pour<strong>\u00a0r\u00e9guler naturellement et en douceur le transit.<\/strong>\u00a0Sa formule \u00e0 base d\u2019Artichaut, Figue, Rhubarbe et Tamarin, est id\u00e9ale pour participer au\u00a0<strong>bon fonctionnement digestif<\/strong>, r\u00e9guler le transit et am\u00e9liorer le confort intestinal au quotidien.<\/p>\n<p><strong>D\u00e9licieusement aromatis\u00e9 au concentr\u00e9 naturel de pomme.<\/strong><strong>\u00a0Etui de 125 ml.<\/strong><\/p>\n<p>&nbsp;<\/p>\n<p><strong>Ingr\u00e9dients :\u00a0<\/strong>Sirop d\u2019agave 40%, eau\u00a0purifi\u00e9e, fibres d\u2019acacia 15%, extrait\u00a0hydroglyc\u00e9rin\u00e9 de plantes 7,5% (eau,<br \/>glyc\u00e9rine v\u00e9g\u00e9tale, Figue, Pruneau, Artichaut,\u00a0Tamarin, Rhubarbe), concentr\u00e9 naturel\u00a0de pomme, ar\u00f4mes dont ar\u00f4me naturel\u00a0de pomme verte, correcteur d\u2019acidit\u00e9 :\u00a0acide citrique, conservateur : sorbate de\u00a0potassium, gluconate de Magn\u00e9sium.<\/p>\n<p><strong>Sans gluten<\/strong><\/p>\n<p><strong>Informations nutritionnelles moyennes \/ 4 cuill\u00e8res \u00e0 caf\u00e9 (20 ml) :<\/strong><\/p>\n<ul>\n<li>Magn\u00e9sium : 0.56 mg (0,15% AR)<\/li>\n<li>Extrait de Figue: 365 mg<\/li>\n<li>Extrait de Pruneau: 365 mg<\/li>\n<li>Extrait d'Artichaut: 365 mg<\/li>\n<li>Extrait de Tamarin: 365 mg<\/li>\n<li>Extrait de Rhubarbe: 365 mg<\/li>\n<\/ul>\n<p>* Ces valeurs peuvent subir de l\u00e9g\u00e8res variations, habituellement observ\u00e9es avec des produits d\u2019origine naturelle.<\/p>\n<p><em>AR : Apports de R\u00e9f\u00e9rence<\/em><\/p>\n<p>&nbsp;<\/p>\n<p><strong>Conseils d'utilisation :<\/strong>\u00a0Peut \u00eatre utilis\u00e9 d\u00e8s lors que l\u2019alimentation est\u00a0diversifi\u00e9e. Agiter avant emploi.<\/p>\n<ul>\n<li>Avant 5 ans : 1 cuill\u00e8re \u00e0 caf\u00e9 2 fois par jour, apr\u00e8s les repas.<\/li>\n<li>Apr\u00e8s 5 ans : 2 cuill\u00e8res \u00e0 caf\u00e9 2 fois par jour, apr\u00e8s les repas.<\/li>\n<\/ul>\n<p>En programme de 10 jours maximum. A\u00a0renouveler plusieurs fois dans l\u2019ann\u00e9e si\u00a0n\u00e9cessaire.<br \/>Ce produit peut \u00e9galement convenir \u00e0 l\u2019adulte\u00a0de plus de 15 ans.<\/p>\n<p><strong>Recommandations<\/strong>\u00a0: A conserver hors de la port\u00e9e des enfants, \u00e0 l'abri de la chaleur et de l\u2019humidit\u00e9. A consommer dans le cadre d'une alimentation vari\u00e9e et \u00e9quilibr\u00e9e, et d\u2019un mode de vie sain. Il est recommand\u00e9 de ne pas d\u00e9passer le dosage conseill\u00e9. A consommer de pr\u00e9f\u00e9rence avant la date indiqu\u00e9e sur l\u2019emballage.\u00a0A conserver au r\u00e9frig\u00e9rateur et consommer dans les 30 jours apr\u00e8s ouverture.<\/p>","protected":false},"excerpt":{"rendered":"<div class=\"slogan-reviews\"><span class=\"product-slogan\">Contribue \u00e0 r\u00e9gulariser le transit en douceur<\/span><span class=\"product-insidecontent\">Flacon de 125 ml<\/span><\/div>\n<div id=\"short_description_block\" class=\"short_description\">\n<div id=\"short_description_content\" class=\"rte\">\n<ul>\n<li>Source de fibres<\/li>\n<li>Aux extraits d\u2019Artichaut, Figue, Tamarin et Rhubarbe, reconnus pour contribuer au bon transit et am\u00e9liorer le confort intestinal<\/li>\n<\/ul>\n<p>&nbsp;<\/p>\n<p><strong>Le + produit :\u00a0<\/strong><strong>Une innovation exclusive : Le Nectar d\u2019Agave !\u00a0<\/strong><\/p>\n<p>Plus doux et moins \u00e9pais que le miel, ce sucre d\u2019origine v\u00e9g\u00e9tale fabriqu\u00e9 au Mexique est contenu dans toutes les formulations PEDIAKID\u00ae Sirops. Il est constitu\u00e9 de sucres naturels, non raffin\u00e9s, ce qui lui conf\u00e8re des qualit\u00e9s nutritionnelles sp\u00e9cifiques.<\/p>\n<\/div>\n<\/div>","protected":false},"featured_media":30684,"template":"","meta":{"arc_restricted_post":false},"product_cat":[49,345],"product_tag":[],"_links":{"self":[{"href":"https:\/\/www.sopha-sahara.com\/en\/wp-json\/wp\/v2\/product\/24851"}],"collection":[{"href":"https:\/\/www.sopha-sahara.com\/en\/wp-json\/wp\/v2\/product"}],"about":[{"href":"https:\/\/www.sopha-sahara.com\/en\/wp-json\/wp\/v2\/types\/product"}],"wp:featuredmedia":[{"embeddable":true,"href":"https:\/\/www.sopha-sahara.com\/en\/wp-json\/wp\/v2\/media\/30684"}],"wp:attachment":[{"href":"https:\/\/www.sopha-sahara.com\/en\/wp-json\/wp\/v2\/media?parent=24851"}],"wp:term":[{"taxonomy":"product_cat","embeddable":true,"href":"https:\/\/www.sopha-sahara.com\/en\/wp-json\/wp\/v2\/product_cat?post=24851"},{"taxonomy":"product_tag","embeddable":true,"href":"https:\/\/www.sopha-sahara.com\/en\/wp-json\/wp\/v2\/product_tag?post=24851"}],"curies":[{"name":"wp","href":"https:\/\/api.w.org\/{rel}","templated":true}]}}