{"id":24850,"date":"2020-12-24T09:27:36","date_gmt":"2020-12-24T08:27:36","guid":{"rendered":"https:\/\/www.interbusinesschamber.com\/produit\/pediakid-traitement-complet-balepou-anti-poux-et-lentes\/"},"modified":"2020-12-25T17:35:37","modified_gmt":"2020-12-25T16:35:37","slug":"pediakid-traitement-complet-balepou-anti-poux-et-lentes","status":"publish","type":"product","link":"https:\/\/www.sopha-sahara.com\/en\/product\/pediakid-traitement-complet-balepou-anti-poux-et-lentes\/","title":{"rendered":"PEDIAKID TRAITEMENT COMPLET BAL\u00c9POU\u00ae ANTI-POUX ET LENTES"},"content":{"rendered":"<p>Le coffret contient\u00a0:<\/p>\n<p><strong>1 Shampoing Anti-Poux et Lentes 200 ml<\/strong><\/p>\n<p><strong>+ 1 Spray R\u00e9pulsif 100 ml<\/strong><\/p>\n<p><strong>+ 1 peigne anti-poux et lentes avec 32 dents micro-cannel\u00e9es en acier inoxydable<\/strong><\/p>\n<p>&nbsp;<\/p>\n<p>Le\u00a0<strong>Shampoing BALEPOU\u00ae\u00a0<\/strong>est un Dispositif M\u00e9dical destin\u00e9 \u00e0 \u00eatre utilis\u00e9 dans le traitement de la p\u00e9diculose (infestation par les poux). Il ne contient pas d\u2019insecticides nuisibles \u00e0 la sant\u00e9. Gr\u00e2ce \u00e0 l\u2019action filmog\u00e8ne de l\u2019huile de Noix de Coco, le shampoing Bal\u00e9pou\u00ae \u00e9touffe les poux et les lentes. Ce mode d\u2019action m\u00e9canique n\u2019induit pas de r\u00e9sistance du pou, et garde ainsi toute son efficacit\u00e9.<\/p>\n<p><strong>Sans paraben ni ph\u00e9noxy\u00e9thanol et sans alcool<\/strong>, sa formule est hypoallerg\u00e9nique et peut \u00eatre utilis\u00e9e sur les enfants\u00a0<strong>d\u00e8s 3 mois<\/strong>. Son actif 100% d\u2019origine naturelle fait de ce shampoing un moyen naturellement efficace pour lutter contre les poux.<\/p>\n<p>Le\u00a0<strong>Peigne anti-poux et lentes PEDIAKID\u00ae<\/strong>\u00a0est adapt\u00e9 \u00e0 tous types de cheveux. En acier inoxydable, il dispose de 32 longues dents micro-cannel\u00e9es \u00e0 pointes arrondies, permettant de retirer facilement les poux et les lentes sans agresser le cuir chevelu<\/p>\n<p>Le<strong>\u00a0Spray r\u00e9pulsif BALEPOU\u00ae\u00a0<\/strong>\u00e0 action pr\u00e9ventive qui agit de mani\u00e8re douce et efficace.<br \/>Il permet de lutter contre la contamination de mani\u00e8re douce\u00a0et efficace.\u00a0<strong>Sa formule exclusive \u00a0associe de l\u2019eau florale de lavandin issue de l\u2019agriculture biologique, des huiles essentielles\u00a0<\/strong>100% pures et naturelles (C\u00e8dre, G\u00e9ranium, Ravensare, Lavande, Orange douce,\u2026) et du G\u00e9raniol\u00ae.\u00a0<strong>Sans paraben ni ph\u00e9noxyethanol, sans alcool<\/strong>\u00a0et d\u00e9licatement parfum\u00e9 \u00e0 la lavande, Bal\u00e9pou\u00ae Spray assure une protection\u00a0de la chevelure des enfants au quotidien. Il s\u2019utilise aussi souvent que n\u00e9cessaire sans agression pour le cuir chevelu, ni les cheveux fragiles des enfants. Tr\u00e8s facile d\u2019utilisation, Bal\u00e9pou Spray peut \u00eatre utilis\u00e9 pendant toute la p\u00e9riode scolaire.<\/p>\n<p>&nbsp;<\/p>\n<p><strong>Ingr\u00e9dients BAL\u00c9POU\u00ae SHAMPOING ANTI-POUX ET LENTES :\u00a0<\/strong>AQUA, COCONUT OIL FATTY ACID (12%), SODIUM LAURETH SULFATE, COCAMIDOPROPYL BETAINE, SODIUM CHLORIDE, PARFUM, TOCOPHERYL ACETATE, CHLORHEXIDINE DIGLUCONATE.<\/p>\n<p><strong>Ingr\u00e9dients BAL\u00c9POU\u00ae SPRAY R\u00c9PULSIF :\u00a0<\/strong>AQUA, LAVANDULA HYBRIDA FLOWER WATER, LAURYL GLUCOSIDE, POLYGLYCERYL-2 DIPOLYHYDROXYSTEARATE, BENZYL ALCOHOL, GLYCERIN, LAVANDULA ANGUSTIFOLIA OIL, DEHYDROACETIC ACID, CEDRUS ATLANTICA BARK OIL, CITRUS AURANTIUM DULCIS PEEL OIL, PELARGONIUM GRAVEOLENS FLOWER OIL, MELALEUCA ALTERNIFOLIA LEAF OIL, SODIUM HYDROXIDE, GERANIOL 0.022% (M\/M) (CAS 106-24-1), RAVENSARA AROMATICA LEAF OIL.<\/p>\n<p>&nbsp;<\/p>\n<p><strong>Conseils d\u2019utilisation BAL\u00c9POU\u00ae SHAMPOING ANTI-POUX ET LENTES et PEIGNE \u00e0 POUX<\/strong><\/p>\n<p>Agiter avant emploi. Appliquer le\u00a0<strong>shampoing Bal\u00e9pou\u00ae<\/strong>\u00a0uniform\u00e9ment sur cheveux humides. Masser soigneusement pendant quelques minutes. Laisser agir 15 minutes. Rincer les cheveux abondamment, d\u00e9m\u00ealer puis les s\u00e9parer par m\u00e8ches.<\/p>\n<p>Passer alors soigneusement le\u00a0<strong>Peigne \u00e0 poux Pediakid\u00ae\u00a0<\/strong>sur chaque m\u00e8che (en commen\u00e7ant aussi pr\u00e8s que possible du cuir chevelu et en descendant jusqu\u2019\u00e0 leur pointe) pour retirer les lentes et les poux morts. R\u00e9p\u00e9ter l\u2019op\u00e9ration sur toute la chevelure. Essuyer le peigne sur un tissu apr\u00e8s avoir trait\u00e9 chaque m\u00e8che afin de le d\u00e9barrasser des poux et lentes emprisonn\u00e9s. Bien nettoyer apr\u00e8s chaque traitement<\/p>\n<p>Si besoin, l\u2019application pourra \u00eatre renouvel\u00e9e tous les 2 jours pendant 1 semaine. Convient aux jeunes enfants (d\u00e8s 3 mois), ainsi qu\u2019aux femmes enceintes et allaitantes.<\/p>\n<p>&nbsp;<\/p>\n<p>Pour \u00e9viter toute nouvelle infestation, utiliser le\u00a0<strong>Spray R\u00e9pulsif Balepou\u00ae<\/strong><\/p>\n<p><strong>Conseils d\u2019utilisation BAL\u00c9POU\u00ae Spray<\/strong><\/p>\n<p>Bien agiter avant emploi. Vaporiser le\u00a0<strong>Spray Bal\u00e9pou\u00ae<\/strong>\u00a0abondamment sur l\u2019ensemble de la chevelure (environ 8 pulv\u00e9risations soit 1 ml) et masser l\u00e9g\u00e8rement pendant 3 minutes pour r\u00e9partir uniform\u00e9ment le produit. Ne pas rincer, ni essuyer. Recommencer l\u2019application apr\u00e8s le coiffage comme une laque directement sur les cheveux (environ 4 pulv\u00e9risations soit 0.5 ml) ainsi que sur tous les textiles susceptibles d\u2019\u00eatre contamin\u00e9s (barrettes, cols de veste, \u00e9charpes, bonnets\u2026).<\/p>\n<p>Peut \u00eatre utilis\u00e9 quotidiennement. A utiliser en pr\u00e9vention.<\/p>\n<p>&nbsp;<\/p>\n<p>Recommandations\u00a0:<\/p>\n<p><strong>BAL\u00c9POU\u00ae SHAMPOING ANTI-POUX ET LENTES\u00a0:\u00a0<\/strong>Usage externe. Ne pas avaler. Ne pas utiliser en cas d\u2019allergie \u00e0 l\u2019un des composants. Les enfants doivent \u00eatre trait\u00e9s sous la surveillance d\u2019un adulte. A conserver hors de la port\u00e9e des enfants, \u00e0 l\u2019abri de la chaleur et de l\u2019humidit\u00e9. En cas de contact accidentel avec les yeux ou de picotements, rincer abondamment \u00e0 l'eau claire.Ne pas appliquer sur des plaies, des l\u00e9sions ou muqueuses. Soyez vigilants : l\u2019action filmog\u00e8ne du principe actif peut diminuer l\u2019adh\u00e9rence des surfaces.<\/p>\n<p><strong>BAL\u00c9POU\u00ae SPRAY\u00a0:\u00a0<\/strong>Utilisez les produits biocides avec pr\u00e9caution. Avant toute utilisation, lisez l\u2019\u00e9tiquette et les informations concernant le produit. Se laver les mains soigneusement apr\u00e8s manipulation. Provoque une s\u00e9v\u00e8re irritation des yeux. Ne pas pulv\u00e9riser en direction du visage. En cas de contact avec les yeux : rincer avec pr\u00e9caution \u00e0 l\u2019eau claire pendant plusieurs minutes. Enlever les lentilles de contact si la personne en porte et si elles peuvent facilement \u00eatre enlev\u00e9es. Continuer \u00e0 rincer. Si l\u2019irritation oculaire persiste : consulter un m\u00e9decin. A conserver hors de la port\u00e9e des enfants, de la chaleur et de l\u2019humidit\u00e9. Ne convient pas aux enfants de moins de 36 mois. D\u00e9conseill\u00e9 aux femmes enceintes et allaitantes. A utiliser sous la surveillance d\u2019un adulte. Ne pas avaler. Usage externe seulement. Ne pas appliquer sur des plaies ou une peau tr\u00e8s irrit\u00e9e.<\/p>","protected":false},"excerpt":{"rendered":"<div class=\"slogan-reviews\"><span class=\"product-slogan\">La solution la plus compl\u00e8te pour lutter contre les poux<\/span><span class=\"product-insidecontent\">Shampoing \u2013 Flacon de 200 ml + Spray r\u00e9pulsif \u2013 100 ml + Peigne m\u00e9tal<\/span><\/div>\n<div id=\"short_description_block\" class=\"short_description\">\n<div id=\"short_description_content\" class=\"rte\">\n<ul>\n<li>2 formules douces pour une action compl\u00e8te et durable<\/li>\n<li>Respecte le cuir chevelu<\/li>\n<li>Efficacit\u00e9 renforc\u00e9e<\/li>\n<\/ul>\n<p>&nbsp;<\/p>\n<p><strong>Le + produit\u00a0:<\/strong><\/p>\n<p>A base d\u2019actifs 100% d\u2019origine naturelle, Sans insecticide chimique. Parfum frais et agr\u00e9able, Peigne inclus<\/p>\n<\/div>\n<\/div>","protected":false},"featured_media":24901,"template":"","meta":{"arc_restricted_post":false},"product_cat":[49,345],"product_tag":[],"_links":{"self":[{"href":"https:\/\/www.sopha-sahara.com\/en\/wp-json\/wp\/v2\/product\/24850"}],"collection":[{"href":"https:\/\/www.sopha-sahara.com\/en\/wp-json\/wp\/v2\/product"}],"about":[{"href":"https:\/\/www.sopha-sahara.com\/en\/wp-json\/wp\/v2\/types\/product"}],"wp:featuredmedia":[{"embeddable":true,"href":"https:\/\/www.sopha-sahara.com\/en\/wp-json\/wp\/v2\/media\/24901"}],"wp:attachment":[{"href":"https:\/\/www.sopha-sahara.com\/en\/wp-json\/wp\/v2\/media?parent=24850"}],"wp:term":[{"taxonomy":"product_cat","embeddable":true,"href":"https:\/\/www.sopha-sahara.com\/en\/wp-json\/wp\/v2\/product_cat?post=24850"},{"taxonomy":"product_tag","embeddable":true,"href":"https:\/\/www.sopha-sahara.com\/en\/wp-json\/wp\/v2\/product_tag?post=24850"}],"curies":[{"name":"wp","href":"https:\/\/api.w.org\/{rel}","templated":true}]}}