{"id":24849,"date":"2020-12-24T09:27:36","date_gmt":"2020-12-24T08:27:36","guid":{"rendered":"https:\/\/www.interbusinesschamber.com\/produit\/pediakid-oti-protect\/"},"modified":"2020-12-25T17:39:09","modified_gmt":"2020-12-25T16:39:09","slug":"pediakid-oti-protect","status":"publish","type":"product","link":"https:\/\/www.sopha-sahara.com\/en\/product\/pediakid-oti-protect\/","title":{"rendered":"PEDIAKID\u00ae OTI-PROTECT"},"content":{"rendered":"<p>Dispositif M\u00e9dical de Classe I -\u00a0Ce dispositif M\u00e9dical est un produit de sant\u00e9 r\u00e9glement\u00e9 qui porte, au titre de cette r\u00e9glementation, le marquage CE\u00a0<\/p>\n<p>Sp\u00e9cialement \u00e9labor\u00e9 pour les jeunes enfants (d\u00e8s 3 mois), le spray auriculaire\u00a0<strong>PEDIAKID\u00ae Oti-Protect\u00a0<\/strong>lubrifie le conduit auditif et favorise son hydratation, afin d\u2019\u00e9liminer naturellement l\u2019exc\u00e8s de c\u00e9rumen qui peut pi\u00e9ger les corps \u00e9trangers (poussi\u00e8res, bact\u00e9ries) ainsi que de l\u2019eau r\u00e9siduelle lors des bains ou activit\u00e9s nautiques.<\/p>\n<p>La formule exclusive de\u00a0<strong>PEDIAKID\u00ae Oti-Protect\u00a0<\/strong>est constitu\u00e9e de 100% d\u2019ingr\u00e9dients naturels : une huile d\u2019olive de qualit\u00e9 pharmaceutique, de l\u2019huile essentielle de menthe poivr\u00e9e afin d\u2019assurer une parfaite hygi\u00e8ne de l\u2019oreille, d\u2019\u00e9liminer l\u2019exc\u00e8s de c\u00e9rumen et ainsi pr\u00e9venir la formation de bouchon. Gr\u00e2ce \u00e0 l\u2019huile essentielle de menthe poivr\u00e9e, il procure une sensation de fra\u00eecheur agr\u00e9able \u00e0 l\u2019application.<\/p>\n<p>Spray de 30 ml sous \u00e9tui avec embout auriculaire inclus<\/p>\n<p>&nbsp;<\/p>\n<p><strong>Ingr\u00e9dients\u00a0100% naturels<\/strong>\u00a0: huile d\u2019olive de qualit\u00e9 pharmaceutique* (99,95%), huile essentielle de menthe poivr\u00e9e (0,05%)<\/p>\n<p>Le produit ne contient ni eau ni conservateur.<\/p>\n<p><em>* Huile d\u2019olive raffin\u00e9e dont les sp\u00e9cifications sont conformes \u00e0 la monographie de la pharmacop\u00e9e europ\u00e9enne (notamment en terme d\u2019indice d\u2019acide, de peroxyde, \u2026)<\/em><\/p>\n<p>&nbsp;<\/p>\n<p><strong>Conseils d'utilisation:<\/strong>\u00a0Ce produit est destin\u00e9 aux nourrissons de plus de 3 mois, aux enfants et aux adultes. Avant utilisation, agiter le flacon de\u00a0<strong>PEDIAKID\u00ae Oti-Protect<\/strong>, et appuyer plusieurs fois jusqu\u2019\u00e0 ce que le liquide apparaisse. Placer l\u2019embout dans le conduit auditif externe et administrer la dose appropri\u00e9e, puis masser doucement la base de l\u2019oreille. Incliner la t\u00eate sur le c\u00f4t\u00e9 afin de favoriser l\u2019\u00e9coulement du liquide et des r\u00e9sidus. Essuyer avec un tissu propre. R\u00e9p\u00e9ter cette action pour l\u2019autre oreille.<\/p>\n<ul>\n<li><strong>En cas d\u2019exc\u00e8s de c\u00e9rumen :\u00a0<\/strong>1 \u00e0 2 pulv\u00e9risations dans chaque conduit auditif 3 \u00e0 5 fois par jour, jusqu\u2019\u00e0 \u00e9limination compl\u00e8te du c\u00e9rumen.<\/li>\n<li><strong>Pour un usage en pr\u00e9vention, afin de limiter l\u2019accumulation de c\u00e9rumen :\u00a0<\/strong>1 \u00e0 2 pulv\u00e9risations dans chaque conduit auditif 1 \u00e0 2 fois par semaine.<\/li>\n<li><strong>Pour un usage en pr\u00e9vention en cas de bain ou activit\u00e9s nautiques :\u00a0<\/strong>1 \u00e0 2 pulv\u00e9risations dans chaque conduit auditif avant le bain ou l\u2019activit\u00e9.<\/li>\n<\/ul>\n<p>&nbsp;<\/p>\n<p><strong>Recommandations:\u00a0<\/strong>Tenir hors de la port\u00e9e et de la vue des enfants. Conserver dans le r\u00e9cipient d\u2019origine en position verticale et \u00e0 temp\u00e9rature ambiante inf\u00e9rieure \u00e0 25\u00b0 C. Ne pas utiliser si le produit est endommag\u00e9. Ne pas utiliser apr\u00e8s la date de p\u00e9remption imprim\u00e9e sur l\u2019emballage. Le produit doit \u00eatre utilis\u00e9 dans les 6 mois suivant la premi\u00e8re utilisation. Ne pas utiliser en cas d\u2019hypersensibilit\u00e9 ou allergie aux ingr\u00e9dients. Ne pas utiliser en cas de perforation du tympan, ni d\u2019inflammation ; en cas de doute ou pour toute autre question, consulter un m\u00e9decin ou un professionnel de sant\u00e9.<\/p>\n<p>Veiller \u00e0 ne pas vaporiser dans les yeux, le nez ou la bouche.<\/p>","protected":false},"excerpt":{"rendered":"<div class=\"slogan-reviews\"><span class=\"product-slogan\">Le r\u00e9flexe naturel pour l\u2019hygi\u00e8ne de l\u2019oreille<\/span><span class=\"product-insidecontent\">Spray de 30 ml avec embout auriculaire<\/span><\/div>\n<div id=\"short_description_block\" class=\"short_description\">\n<div id=\"short_description_content\" class=\"rte\">\n<p>Destin\u00e9 \u00e0 l\u2019hygi\u00e8ne de l\u2019oreille\u00a0: lubrifie le conduit auditif, permet d\u2019\u00e9liminer naturellement l\u2019exc\u00e8s de c\u00e9rumen et ainsi pr\u00e9venir la formation de bouchon<\/p>\n<ul>\n<li>\u00c9limine\u00a0naturellement le c\u00e9rumen<\/li>\n<li>Pr\u00e9vient la formation de bouchon<\/li>\n<li>Ingr\u00e9dients 100% naturels<\/li>\n<li>D\u00e8s 3 mois<\/li>\n<\/ul>\n<p>&nbsp;<\/p>\n<p><strong>Le + produit :<\/strong><\/p>\n<ul>\n<li>Dispositif m\u00e9dical\u00a0destin\u00e9 \u00e0 l\u2019hygi\u00e8ne de l\u2019oreille,conforme aux dispositions de la directive europ\u00e9enne 93\/42\/CE Classe I<\/li>\n<li>Action douce, sans gaz propulseur<\/li>\n<\/ul>\n<\/div>\n<\/div>","protected":false},"featured_media":24905,"template":"","meta":{"arc_restricted_post":false},"product_cat":[49,345],"product_tag":[],"_links":{"self":[{"href":"https:\/\/www.sopha-sahara.com\/en\/wp-json\/wp\/v2\/product\/24849"}],"collection":[{"href":"https:\/\/www.sopha-sahara.com\/en\/wp-json\/wp\/v2\/product"}],"about":[{"href":"https:\/\/www.sopha-sahara.com\/en\/wp-json\/wp\/v2\/types\/product"}],"wp:featuredmedia":[{"embeddable":true,"href":"https:\/\/www.sopha-sahara.com\/en\/wp-json\/wp\/v2\/media\/24905"}],"wp:attachment":[{"href":"https:\/\/www.sopha-sahara.com\/en\/wp-json\/wp\/v2\/media?parent=24849"}],"wp:term":[{"taxonomy":"product_cat","embeddable":true,"href":"https:\/\/www.sopha-sahara.com\/en\/wp-json\/wp\/v2\/product_cat?post=24849"},{"taxonomy":"product_tag","embeddable":true,"href":"https:\/\/www.sopha-sahara.com\/en\/wp-json\/wp\/v2\/product_tag?post=24849"}],"curies":[{"name":"wp","href":"https:\/\/api.w.org\/{rel}","templated":true}]}}