{"id":24848,"date":"2020-12-24T09:27:36","date_gmt":"2020-12-24T08:27:36","guid":{"rendered":"https:\/\/www.interbusinesschamber.com\/produit\/pediakid-gel-de-soin-premieres-dents\/"},"modified":"2020-12-25T17:13:36","modified_gmt":"2020-12-25T16:13:36","slug":"pediakid-gel-de-soin-premieres-dents","status":"publish","type":"product","link":"https:\/\/www.sopha-sahara.com\/en\/product\/pediakid-gel-de-soin-premieres-dents\/","title":{"rendered":"PEDIAKID GEL DE SOIN PREMI\u00c8RES DENTS"},"content":{"rendered":"<p>Parfaitement adapt\u00e9 aux nourrissons, le\u00a0<strong>Gel de soin PEDIAKID\u00ae Premi\u00e8res Dents<\/strong>\u00a0est une formule exclusive \u00e9labor\u00e9e \u00e0 base de gomme d\u2019acacia 100% naturelle, de Calendula, Camomille romaine et Clou de girofle. Les fibres d\u2019acacia, gr\u00e2ce \u00e0 leur effet filmog\u00e8ne, exerce une action protectrice sur les gencives de b\u00e9b\u00e9. L\u2019association de Camomille romaine, Calendula et Clou de girofle apaisent la gencive tout en exer\u00e7ant une action antibact\u00e9rienne. Sans parab\u00e8nes, sans triclosan, sans phtalates et sans bisph\u00e9nol A, le\u00a0<strong>Gel de soin Premi\u00e8res Dents<\/strong>\u00a0peut \u00eatre appliqu\u00e9 en massages l\u00e9gers sur les gencives du nourrisson d\u00e8s l\u2019apparition des premi\u00e8res dents.<\/p>\n<p>&nbsp;<\/p>\n<p><strong>Ingr\u00e9dients\u00a0:\u00a0<\/strong>AQUA, GLYCERIN, ANTHEMIS NOBILIS FLOWER WATER (Camomille Romaine), ACACIA SENEGAL GUM, XYLITOL, CALENDULA OFFICINALIS FLOWER WATER (Calendula), HYDROXYPROPYL METHYLCELLULOSE, SODIUM BENZOATE, POTASSIUM\u00a0\u00a0 SORBATE, XANTHAN GUM,\u00a0 CITRIC\u00a0\u00a0 ACID,\u00a0\u00a0 SYZGIUM\u00a0\u00a0 AROMATICUM\u00a0\u00a0 BUD\u00a0\u00a0 EXTRACT (Clou de girofle),\u00a0\u00a0 SODIUM\u00a0\u00a0 CHLORIDE, MALTODEXTRIN.<\/p>\n<p>&nbsp;<\/p>\n<p><strong>Conseils d\u2019utilisation :<\/strong>\u00a0D\u00e9poser une noisette de gel sur un doigt propre et appliquer 3 \u00e0 4 fois par jour sur les gencives du nourrisson en massages l\u00e9gers.<\/p>\n<p><strong>Recommandations :<\/strong>\u00a0A conserver \u00e0 l'abri de la chaleur (&lt; 25\u00b0C). A consommer dans le cadre d'une alimentation vari\u00e9e et \u00e9quilibr\u00e9e, et d\u2019un mode de vie sain. Il est recommand\u00e9 de ne pas d\u00e9passer le dosage conseill\u00e9. A consommer de pr\u00e9f\u00e9rence avant la date indiqu\u00e9e sur l\u2019emballage.<\/p>","protected":false},"excerpt":{"rendered":"<div class=\"slogan-reviews\"><span class=\"product-slogan\">Procure un effet apaisant et protecteur lors des pouss\u00e9es dentaires<\/span><span class=\"product-insidecontent\">Tube de 15 ml<\/span><\/div>\n<div id=\"short_description_block\" class=\"short_description\">\n<div id=\"short_description_content\" class=\"rte\">\n<ul>\n<li>Actifs 100% d\u2019origine naturelle<\/li>\n<li>Sans parab\u00e8nes, sans triclosan, sans phtalates et sans bisph\u00e9nol A<\/li>\n<li>D\u00e8s les premi\u00e8res pouss\u00e9es dentaires<\/li>\n<\/ul>\n<p>&nbsp;<\/p>\n<p><strong>Le + produit\u00a0<\/strong>:<\/p>\n<p>PEDIAKID\u00ae Gel de soin Premi\u00e8res Dents est une formule exclusive destin\u00e9e \u00e0 apaiser les gencives de b\u00e9b\u00e9 tout en exer\u00e7ant une action antibact\u00e9rienne.<\/p>\n<\/div>\n<\/div>","protected":false},"featured_media":24884,"template":"","meta":{"arc_restricted_post":false},"product_cat":[49,345],"product_tag":[],"_links":{"self":[{"href":"https:\/\/www.sopha-sahara.com\/en\/wp-json\/wp\/v2\/product\/24848"}],"collection":[{"href":"https:\/\/www.sopha-sahara.com\/en\/wp-json\/wp\/v2\/product"}],"about":[{"href":"https:\/\/www.sopha-sahara.com\/en\/wp-json\/wp\/v2\/types\/product"}],"wp:featuredmedia":[{"embeddable":true,"href":"https:\/\/www.sopha-sahara.com\/en\/wp-json\/wp\/v2\/media\/24884"}],"wp:attachment":[{"href":"https:\/\/www.sopha-sahara.com\/en\/wp-json\/wp\/v2\/media?parent=24848"}],"wp:term":[{"taxonomy":"product_cat","embeddable":true,"href":"https:\/\/www.sopha-sahara.com\/en\/wp-json\/wp\/v2\/product_cat?post=24848"},{"taxonomy":"product_tag","embeddable":true,"href":"https:\/\/www.sopha-sahara.com\/en\/wp-json\/wp\/v2\/product_tag?post=24848"}],"curies":[{"name":"wp","href":"https:\/\/api.w.org\/{rel}","templated":true}]}}