{"id":24847,"date":"2020-12-24T09:27:35","date_gmt":"2020-12-24T08:27:35","guid":{"rendered":"https:\/\/www.interbusinesschamber.com\/produit\/pediakid-balepou-shampoing\/"},"modified":"2020-12-25T17:05:50","modified_gmt":"2020-12-25T16:05:50","slug":"pediakid-balepou-shampoing","status":"publish","type":"product","link":"https:\/\/www.sopha-sahara.com\/en\/product\/pediakid-balepou-shampoing\/","title":{"rendered":"PEDIAKID BAL\u00c9POU SHAMPOING"},"content":{"rendered":"<p><strong>Flacon de 200 ml.<\/strong><\/p>\n<p>Dispositif M\u00e9dical de Classe 1 -\u00a0Ce dispositif M\u00e9dical est un produit de sant\u00e9 r\u00e9glement\u00e9 qui porte, au titre de cette r\u00e9glementation, le marquage CE\u00a0<\/p>\n<p><strong>BAL\u00c9POU\u00ae Shampoing\u00a0<\/strong>permet de traiter la p\u00e9diculose (infestation par les poux). Il ne contient pas d\u2019insecticide chimique nuisible \u00e0 la sant\u00e9. Gr\u00e2ce \u00e0 l\u2019action filmog\u00e8ne de l\u2019<strong>huile de Noix de Coco<\/strong>, le shampoing BAL\u00c9POU\u00ae\u00e9touffe les poux et les lentes. Ce mode d\u2019action m\u00e9canique a l\u2019avantage de ne pas provoquer de r\u00e9sistance du pou.<\/p>\n<p><strong>Sans paraben ni ph\u00e9noxy\u00e9thanol et sans alcool<\/strong>, sa formule est hypoallerg\u00e9nique et peut \u00eatre utilis\u00e9e sur les enfants d\u00e8s 3 mois. Son actif 100% d\u2019origine naturelle fait de ce shampoing un moyen naturellement efficace pour lutter contre les poux.<\/p>\n<p>&nbsp;<\/p>\n<p><strong>Ingr\u00e9dients :<\/strong>\u00a0AQUA, COCONUT OIL FATTY ACID, SODIUM LAURETH SULFATE, COCAMIDOPROPYL BETAINE, SODIUM CHLORIDE, PARFUM, TOCOPHERYL ACETATE, CHLORHEXIDINE DIGLUCONATE.<\/p>\n<p>&nbsp;<\/p>\n<p><strong>Conseils d'utilisation :<\/strong>\u00a0Agiter avant emploi. Appliquer le shampoing Bal\u00e9pou\u00ae uniform\u00e9ment sur cheveux humides. Masser soigneusement pendant quelques minutes. Laisser agir 15 minutes. Rincer les cheveux abondamment. Eliminer les poux et les lentes \u00e0 l\u2019aide d\u2019un peigne serr\u00e9. L\u2019application est \u00e0 renouveler tous les 2 jours pendant 1 semaine. Convient aux enfants \u00e0 partir de 3 mois, ainsi qu\u2019aux femmes enceintes et allaitantes.<\/p>","protected":false},"excerpt":{"rendered":"<div class=\"slogan-reviews\"><span class=\"product-slogan\">Le r\u00e9flexe naturel pour lutter efficacement contre les poux<\/span><span class=\"product-insidecontent\">Flacon de 200 ml<\/span><\/div>\n<div id=\"short_description_block\" class=\"short_description\">\n<div id=\"short_description_content\" class=\"rte\">\n<ul>\n<li>Shampoing anti-poux &amp; lentes \u00e0 l\u2019huile de Coco<\/li>\n<li>Action rapide\u00a0: 15 min<\/li>\n<li>Hypoallerg\u00e9nique \u2013 D\u00e8s 3 mois<\/li>\n<\/ul>\n<p>&nbsp;<\/p>\n<p><strong>Le + produit :\u00a0<\/strong><\/p>\n<p>Dispositif m\u00e9dical conforme aux dispositions de la directive europ\u00e9enne 93\/42\/CE Classe I. Sans insecticide.<\/p>\n<\/div>\n<\/div>","protected":false},"featured_media":24877,"template":"","meta":{"arc_restricted_post":false},"product_cat":[49,345],"product_tag":[],"_links":{"self":[{"href":"https:\/\/www.sopha-sahara.com\/en\/wp-json\/wp\/v2\/product\/24847"}],"collection":[{"href":"https:\/\/www.sopha-sahara.com\/en\/wp-json\/wp\/v2\/product"}],"about":[{"href":"https:\/\/www.sopha-sahara.com\/en\/wp-json\/wp\/v2\/types\/product"}],"wp:featuredmedia":[{"embeddable":true,"href":"https:\/\/www.sopha-sahara.com\/en\/wp-json\/wp\/v2\/media\/24877"}],"wp:attachment":[{"href":"https:\/\/www.sopha-sahara.com\/en\/wp-json\/wp\/v2\/media?parent=24847"}],"wp:term":[{"taxonomy":"product_cat","embeddable":true,"href":"https:\/\/www.sopha-sahara.com\/en\/wp-json\/wp\/v2\/product_cat?post=24847"},{"taxonomy":"product_tag","embeddable":true,"href":"https:\/\/www.sopha-sahara.com\/en\/wp-json\/wp\/v2\/product_tag?post=24847"}],"curies":[{"name":"wp","href":"https:\/\/api.w.org\/{rel}","templated":true}]}}