{"id":24846,"date":"2020-12-24T09:27:35","date_gmt":"2020-12-24T08:27:35","guid":{"rendered":"https:\/\/www.interbusinesschamber.com\/produit\/pediakid-balepou-spray\/"},"modified":"2020-12-25T17:06:54","modified_gmt":"2020-12-25T16:06:54","slug":"pediakid-balepou-spray","status":"publish","type":"product","link":"https:\/\/www.sopha-sahara.com\/en\/product\/pediakid-balepou-spray\/","title":{"rendered":"PEDIAKID BAL\u00c9POU SPRAY"},"content":{"rendered":"<p><strong>Flacon de 100 ml, d\u00e9licatement parfum\u00e9 \u00e0 la lavande<\/strong><\/p>\n<p>BALEPOU\u00ae est un spray r\u00e9pulsif \u00e0 action pr\u00e9ventive qui agit de mani\u00e8re douce et efficace.<br \/>Il permet de lutter contre la contamination de mani\u00e8re douce\u00a0et efficace.\u00a0<strong>Sa formule exclusive \u00a0<\/strong><strong>associe\u00a0de l\u2019eau florale de lavandin issue de l\u2019agriculture biologique,\u00a0des huiles essentielles\u00a0<\/strong>100% pures et naturelles (C\u00e8dre, G\u00e9ranium, Ravensare, Lavande, Orange douce,\u2026) et du G\u00e9raniol\u00ae.\u00a0<strong>Sans paraben ni ph\u00e9noxyethanol,\u00a0<\/strong><strong>sans alcool<\/strong>\u00a0et d\u00e9licatement parfum\u00e9 \u00e0 la lavande, Bal\u00e9pou\u00ae\u00a0Spray\u00a0assure une protection\u00a0de la chevelure des enfants\u00a0au quotidien. Il s\u2019utilise aussi souvent que n\u00e9cessaire sans agression pour le cuir chevelu, ni les cheveux fragiles des enfants. Tr\u00e8s facile d\u2019utilisation, Bal\u00e9pou\u00a0Spray\u00a0peut \u00eatre utilis\u00e9 pendant toute la p\u00e9riode scolaire.<\/p>\n<p>&nbsp;<\/p>\n<p><strong>Ingr\u00e9dients :\u00a0<\/strong>AQUA, LAVANDULA HYBRIDA FLOWER WATER, LAURYL GLUCOSIDE,\u00a0POLYGLYCERYL-2 DIPOLYHYDROXYSTEARATE, BENZYL ALCOHOL, GLYCERIN,\u00a0LAVANDULA ANGUSTIFOLIA OIL, DEHYDROACETIC ACID, CEDRUS ATLANTICA BARK\u00a0OIL, CITRUS AURANTIUM DULCIS PEEL OIL, PELARGONIUM GRAVEOLENS FLOWER OIL,<br \/>MELALEUCA ALTERNIFOLIA LEAF OIL, SODIUM HYDROXIDE, GERANIOL 0.022% (M\/M)\u00a0(CAS 106-24-1), RAVENSARA AROMATICA LEAF OIL.<\/p>\n<p>Contient de l\u2019eau florale biologique de lavandin, du g\u00e9raniol et des huiles\u00a0essentielles naturelles : C\u00e8dre, G\u00e9ranium, Ravensare, Lavande, Orange douce,\u00a0Melaleuca.<\/p>\n<p>&nbsp;<\/p>\n<p><strong>Conseils d\u2019utilisation :\u00a0<\/strong>Bien agiter avant emploi. Vaporiser le Spray\u00a0Bal\u00e9pou\u00ae abondamment sur l\u2019ensemble de la chevelure (environ 8\u00a0pulv\u00e9risations soit 1 ml) et masser l\u00e9g\u00e8rement pendant 3 minutes pour\u00a0r\u00e9partir uniform\u00e9ment le produit. Ne pas rincer, ni essuyer. Recommencer\u00a0l\u2019application apr\u00e8s le coiage comme une laque directement sur les cheveux\u00a0(environ 4 pulv\u00e9risations soit 0.5 ml) ainsi que sur tous les textiles susceptibles\u00a0d\u2019\u00eatre contamin\u00e9s (barrettes, cols de veste, \u00e9charpes, bonnets\u2026). Peut \u00eatre\u00a0utilis\u00e9 quotidiennement. Pour une ecacit\u00e9 maximale, utiliser en\u00a0compl\u00e9ment Bal\u00e9pou\u00ae Shampoing .<\/p>\n<p><strong>Recommandations :<\/strong>\u00a0Utilisez les produits biocides avec pr\u00e9caution. Avant toute utilisation, lisez l\u2019\u00e9tiquette et les informations concernant le produit. Se laver les mains soigneusement apr\u00e8s manipulation. Provoque une s\u00e9v\u00e8re irritation des yeux. Ne pas pulv\u00e9riser en direction du visage. En cas de contact avec les yeux : rincer avec pr\u00e9caution \u00e0 l\u2019eau claire pendant plusieurs minutes. Enlever les lentilles de contact si la personne en porte et si elles peuvent facilement \u00eatre enlev\u00e9es. Continuer \u00e0 rincer. Si l\u2019irritation oculaire persiste : consulter un m\u00e9decin. A conserver hors de la port\u00e9e des enfants, de la chaleur et de l\u2019humidit\u00e9. Ne convient pas aux enfants de moins de 36 mois. D\u00e9conseill\u00e9 aux femmes enceintes et allaitantes. A utiliser sous la surveillance d\u2019un adulte. Ne pas avaler. Usage externe seulement. Ne pas appliquer sur des plaies ou une peau tr\u00e8s irrit\u00e9e.<\/p>","protected":false},"excerpt":{"rendered":"<div class=\"slogan-reviews\"><span class=\"product-slogan\">Le r\u00e9flexe naturel pour lutter efficacement contre les poux<\/span><span class=\"product-insidecontent\">Spray de 100 ml<\/span><\/div>\n<div id=\"short_description_block\" class=\"short_description\">\n<div id=\"short_description_content\" class=\"rte\">\n<ul>\n<li>Spray aux huiles essentielles biologiques<\/li>\n<li>Repousse les poux<\/li>\n<li>Doux pour le cuir chevelu<\/li>\n<\/ul>\n<p>&nbsp;<\/p>\n<p><strong>Le + produit :\u00a0<\/strong><\/p>\n<p>Formule<strong>\u00a0<\/strong>exclusive, non agressive, sans alcool.\u00a0Sans paraben ni ph\u00e9noxyethanol.<\/p>\n<\/div>\n<\/div>","protected":false},"featured_media":24878,"template":"","meta":{"arc_restricted_post":false},"product_cat":[49,345],"product_tag":[],"_links":{"self":[{"href":"https:\/\/www.sopha-sahara.com\/en\/wp-json\/wp\/v2\/product\/24846"}],"collection":[{"href":"https:\/\/www.sopha-sahara.com\/en\/wp-json\/wp\/v2\/product"}],"about":[{"href":"https:\/\/www.sopha-sahara.com\/en\/wp-json\/wp\/v2\/types\/product"}],"wp:featuredmedia":[{"embeddable":true,"href":"https:\/\/www.sopha-sahara.com\/en\/wp-json\/wp\/v2\/media\/24878"}],"wp:attachment":[{"href":"https:\/\/www.sopha-sahara.com\/en\/wp-json\/wp\/v2\/media?parent=24846"}],"wp:term":[{"taxonomy":"product_cat","embeddable":true,"href":"https:\/\/www.sopha-sahara.com\/en\/wp-json\/wp\/v2\/product_cat?post=24846"},{"taxonomy":"product_tag","embeddable":true,"href":"https:\/\/www.sopha-sahara.com\/en\/wp-json\/wp\/v2\/product_tag?post=24846"}],"curies":[{"name":"wp","href":"https:\/\/api.w.org\/{rel}","templated":true}]}}