{"id":24845,"date":"2020-12-24T09:27:34","date_gmt":"2020-12-24T08:27:34","guid":{"rendered":"https:\/\/www.interbusinesschamber.com\/produit\/pediakid-bouclier-insect\/"},"modified":"2020-12-25T17:09:07","modified_gmt":"2020-12-25T16:09:07","slug":"pediakid-bouclier-insect","status":"publish","type":"product","link":"https:\/\/www.sopha-sahara.com\/en\/product\/pediakid-bouclier-insect\/","title":{"rendered":"PEDIAKID BOUCLIER INSECT"},"content":{"rendered":"<p><strong>Le spray Bouclier Insect\u2019 PEDIAKID\u00ae<\/strong>\u00a0a \u00e9t\u00e9 sp\u00e9cialement con\u00e7u pour la peau fragile des enfants. Ce spray \u00e0 action pr\u00e9ventive \u00e9loigne les moustiques et autres insectes piqueurs. Il se compose d\u2019une combinaison particuli\u00e8re d\u2019eau florale de lavandin biologique,\u00a0de G\u00e9raniol\u00ae (actif d\u2019actif d\u2019origine naturelle aux effets r\u00e9pulsifs d\u00e9montr\u00e9s)\u00a0et d\u2019huiles essentielles 100% pures et naturelles r\u00e9put\u00e9es pour leurs propri\u00e9t\u00e9s.\u00a0Sans paraben ni ph\u00e9noxy\u00e9thanol, il contient de l\u2019huile essentielle d\u2019orange, pour un parfum doux, frais et agr\u00e9able. En cas de piq\u00fbre, il apaise la peau et r\u00e9duit les d\u00e9mangeaisons.<\/p>\n<p><strong>Flacon de 100 ml, Parfum frais et\u00a0<\/strong><b>agr\u00e9able<\/b><\/p>\n<p>&nbsp;<\/p>\n<p><strong>Ingr\u00e9dients :<\/strong>\u00a0AQUA, LAVANDULA HYBRIDA FLOWER WATER, LAURYL GLUCOSIDE,\u00a0POLYGLYCERYL-2 DIPOLYHYDROXYSTEARATE, BENZYL ALCOHOL, GLYCERIN,\u00a0CINNAMOMUM CAMPHORA LINALOOLIFERUM LEAF OIL,CITRUS AURANTIUM\u00a0AMARA LEAF\/TWIG OIL, CITRUS AURANTIUM DULCIS PEEL OIL, CYMBOPOGON\u00a0WINTERIANUS HERB OIL, LEPTOSPERMUM SCOPARIUM BRANCH\/ LEAF OIL, LITSEA\u00a0CUBEBA FRUIT OIL, PELARGONIUM GRAVEOLENS FLOWER OIL, DEHYDROACETIC ACID,\u00a0GERANIOL 0.04% (M\/M) (CAS 106-24-1), SODIUM HYDROXIDE, MELALEUCA\u00a0ALTERNIFOLIA LEAF OIL, KUNZEA ERICOIDES LEAF OIL.<\/p>\n<p>Contient de l\u2019eau florale biologique de lavandin, du g\u00e9raniol et des huiles\u00a0essentielles .<\/p>\n<p>&nbsp;<\/p>\n<p><strong>Conseils d'utilisation :\u00a0<\/strong>Bien agiter avant emploi. Pulv\u00e9riser Bouclier\u00a0Insect\u2019\u00ae dans la paume de la main (2 pulv\u00e9risations = 0.25 ml) avant d\u2019\u00e9taler\u00a0sur le visage (en \u00e9vitant les yeux, le nez et la bouche) ou vaporiser\u00a0directement sur la peau d\u00e9couverte: bras, jambes\u2026 (10 pulv\u00e9risations =\u00a01.25 ml) Bien r\u00e9partir uniform\u00e9ment. Protection de 8 heures. A renouveler si\u00a0n\u00e9cessaire.<\/p>\n<p><strong>Recommandations :<\/strong>\u00a0Utilisez les produits biocides avec pr\u00e9caution. Avant toute utilisation, lisez l\u2019\u00e9tiquette et les informations concernant le produit. Se laver les mains soigneusement apr\u00e8s manipulation. Peut provoquer une forte irritation des yeux. En cas de contact avec les yeux\u00a0: rincer avec pr\u00e9caution \u00e0 l\u2019eau claire pendant plusieurs minutes. Enlever les lentilles de contact si la personne en porte et si elles peuvent facilement \u00eatre enlev\u00e9es. Continuer \u00e0 rincer. Si l\u2019irritation oculaire persiste\u00a0: consulter un m\u00e9decin. Nocif pour les organismes aquatiques, \u00e9viter le rejet dans l\u2019environnement, entra\u00eene des effets n\u00e9fastes \u00e0 long terme. Contient LIMONENE (5989-27-5), GERANIOL(106-24-1), CITRAL(5392-40-5). Peut produire une r\u00e9action allergique. A conserver hors de la port\u00e9e des enfants, de la chaleur et de l\u2019humidit\u00e9. D\u00e9conseill\u00e9 aux femmes enceintes et allaitantes. Contient des huiles essentielles : ne pas utiliser chez les enfants ayant des ant\u00e9c\u00e9dents de convulsions f\u00e9briles. A utiliser sous la surveillance d\u2019un adulte. Ne pas avaler, usage externe seulement. Ne pas appliquer sur des plaies ou une peau tr\u00e8s irrit\u00e9e. Ne pas s\u2019exposer au soleil apr\u00e8s utilisation.\u00a0<\/p>","protected":false},"excerpt":{"rendered":"<div class=\"slogan-reviews\"><span class=\"product-slogan\">La r\u00e9f\u00e9rence de saison<\/span><span class=\"product-insidecontent\">Spray de 100 ml<\/span><\/div>\n<div id=\"short_description_block\" class=\"short_description\">\n<div id=\"short_description_content\" class=\"rte\">\n<ul>\n<li>Spray r\u00e9pulsif \u00e0 action pr\u00e9ventive<\/li>\n<li>\u00c9loigne les moustiques et autres insectes piqueurs<\/li>\n<li>Doux et apaisant pour la peau<\/li>\n<\/ul>\n<p>&nbsp;<\/p>\n<p><strong>Le + produit :\u00a0<\/strong><\/p>\n<p>Formule exclusive non agressive et non chimique. LA r\u00e9f\u00e9rence de saison.<\/p>\n<\/div>\n<\/div>","protected":false},"featured_media":24880,"template":"","meta":{"arc_restricted_post":false},"product_cat":[49,345],"product_tag":[],"_links":{"self":[{"href":"https:\/\/www.sopha-sahara.com\/en\/wp-json\/wp\/v2\/product\/24845"}],"collection":[{"href":"https:\/\/www.sopha-sahara.com\/en\/wp-json\/wp\/v2\/product"}],"about":[{"href":"https:\/\/www.sopha-sahara.com\/en\/wp-json\/wp\/v2\/types\/product"}],"wp:featuredmedia":[{"embeddable":true,"href":"https:\/\/www.sopha-sahara.com\/en\/wp-json\/wp\/v2\/media\/24880"}],"wp:attachment":[{"href":"https:\/\/www.sopha-sahara.com\/en\/wp-json\/wp\/v2\/media?parent=24845"}],"wp:term":[{"taxonomy":"product_cat","embeddable":true,"href":"https:\/\/www.sopha-sahara.com\/en\/wp-json\/wp\/v2\/product_cat?post=24845"},{"taxonomy":"product_tag","embeddable":true,"href":"https:\/\/www.sopha-sahara.com\/en\/wp-json\/wp\/v2\/product_tag?post=24845"}],"curies":[{"name":"wp","href":"https:\/\/api.w.org\/{rel}","templated":true}]}}