{"id":24798,"date":"2020-12-23T17:19:57","date_gmt":"2020-12-23T16:19:57","guid":{"rendered":"https:\/\/www.interbusinesschamber.com\/produit\/dermasept-creme\/"},"modified":"2020-12-28T11:21:37","modified_gmt":"2020-12-28T10:21:37","slug":"dermasept-creme","status":"publish","type":"product","link":"https:\/\/www.sopha-sahara.com\/en\/product\/dermasept-creme\/","title":{"rendered":"DERMASEPT\u00ae CR\u00c8ME"},"content":{"rendered":"<h4 class=\"yikes-custom-woo-tab-title yikes-custom-woo-tab-title-forme-et-presentation\">FORME ET PR\u00c9SENTATION<\/h4>\n<p>Cr\u00e8me dermique : tube de 30g.<\/p>\n<p>COMPOSITION<br \/>Aqua, glycerin, cetearyl alcohol, sorbitol, ceteareth-25, glyceryl stearate, butyrospermum parkii butter, persea gratissima oil, vitis vinifera seed oil, prunus amygdalus dulcis oil, allantoin, centella asiatica extract, propylene glycol, dimethicone, chlorhexidine digluconate, benzalkonium chlorure, parfum, benzyl alcohol, dehydroacetic acid.<\/p>\n<h4 class=\"yikes-custom-woo-tab-title yikes-custom-woo-tab-title-proprietes-et-utilisations\">UTILISATIONS<\/h4>\n<p><strong>Dermasept\u00a0<sup>\u00ae<\/sup><\/strong>cr\u00e8me peut \u00eatre utilis\u00e9 dans plusieurs champs d\u2019application: en dermatologie, en chirurgie, en gyn\u00e9cologie et en proctologie.<\/p>\n<h4 class=\"yikes-custom-woo-tab-title yikes-custom-woo-tab-title-precautions-demploi\">PR\u00c9CAUTIONS D\u2019EMPLOI<\/h4>\n<p>\u2013 Usage externe \u2013 Ne pas avaler.<br \/>\u2013 Tenir hors de la port\u00e9e des enfants.<br \/>\u2013 Ne pas utiliser Dermasept cr\u00e8me en cas d\u2019allergie connue \u00e0 l\u2019un de ses constituants.<br \/>\u2013 Conserver \u00e0 une temp\u00e9rature ambiante.<br \/>\u2013 Eviter tout contact avec les yeux. En cas de contact, laver abondamment \u00e0 l\u2019eau.<br \/>\u2013 Ne pas associer Dermasept cr\u00e8me \u00e0 d\u2019autres antiseptiques.<\/p>","protected":false},"excerpt":{"rendered":"<p><strong>Dermasept<sup>\u00ae<\/sup><\/strong>\u00a0cr\u00e8me est recommand\u00e9 pour aseptiser et favoriser la cicatrisation des l\u00e9sions dermatologiques superficielles infect\u00e9es ou expos\u00e9es \u00e0 un risque d\u2019infection.<\/p>\n<p>&nbsp;<\/p>","protected":false},"featured_media":24810,"template":"","meta":{"arc_restricted_post":false},"product_cat":[49,344],"product_tag":[],"_links":{"self":[{"href":"https:\/\/www.sopha-sahara.com\/en\/wp-json\/wp\/v2\/product\/24798"}],"collection":[{"href":"https:\/\/www.sopha-sahara.com\/en\/wp-json\/wp\/v2\/product"}],"about":[{"href":"https:\/\/www.sopha-sahara.com\/en\/wp-json\/wp\/v2\/types\/product"}],"wp:featuredmedia":[{"embeddable":true,"href":"https:\/\/www.sopha-sahara.com\/en\/wp-json\/wp\/v2\/media\/24810"}],"wp:attachment":[{"href":"https:\/\/www.sopha-sahara.com\/en\/wp-json\/wp\/v2\/media?parent=24798"}],"wp:term":[{"taxonomy":"product_cat","embeddable":true,"href":"https:\/\/www.sopha-sahara.com\/en\/wp-json\/wp\/v2\/product_cat?post=24798"},{"taxonomy":"product_tag","embeddable":true,"href":"https:\/\/www.sopha-sahara.com\/en\/wp-json\/wp\/v2\/product_tag?post=24798"}],"curies":[{"name":"wp","href":"https:\/\/api.w.org\/{rel}","templated":true}]}}