{"id":24788,"date":"2020-12-23T17:19:42","date_gmt":"2020-12-23T16:19:42","guid":{"rendered":"https:\/\/www.interbusinesschamber.com\/produit\/apenat\/"},"modified":"2021-02-22T15:50:49","modified_gmt":"2021-02-22T14:50:49","slug":"apenat","status":"publish","type":"product","link":"https:\/\/www.sopha-sahara.com\/en\/product\/apenat\/","title":{"rendered":"APENAT\u00ae"},"content":{"rendered":"<p>COMPOSITION :<br \/>Eau d\u00e9min\u00e9ralis\u00e9e, sirop de fructose, Miel de Mille Fleurs, Fenugrec ( Trigonella Foenum-Graecum) extrait hydroglyc\u00e9rique, Fenugrec (Trigonella Foenum-Graecum) extrait sec, Vitamine A, Vitamine B1, Vitamine B2, Vitamine B3, Vitamine B5, Vitamine B6, Vitamine B8, Vitamine B9, Vitamine B12, Vitamine C, Vitamine D3, Vitamine E, Tween 80 polysorbate.<\/p>\n<h4 class=\"yikes-custom-woo-tab-title yikes-custom-woo-tab-title-mode-et-conseils-dutilisation\">MODE ET CONSEILS D\u2019UTILISATION<\/h4>\n<p><strong>\u2013 Solution buvable :<\/strong><br \/>\u00a0-Enfants moins de 5 ans: 1\/2 cuill\u00e8re \u00e0 caf\u00e9\/jour.<br \/>\u00a0-Enfants de 5 \u00e0 12 ans: 1 cuill\u00e8re \u00e0 caf\u00e9\/jour.<br \/>\u00a0-Adultes : 2 cuill\u00e8res \u00e0 caf\u00e9\/jour.<br \/>\u00a0-A prendre de pr\u00e9f\u00e9rence avant les repas.<\/p>\n<p><strong>\u2013 Comprim\u00e9 :<\/strong><br \/>-Adultes : 1 \u00e0 2 comprim\u00e9s par jour.<br \/>A prendre de pr\u00e9f\u00e9rence avant les repas.<\/p>","protected":false},"excerpt":{"rendered":"<p>Solution buvable-flacon 200ml.<br \/>Comprim\u00e9, Boite de 30 et 15 comprim\u00e9s.<\/p>","protected":false},"featured_media":30615,"template":"","meta":{"arc_restricted_post":false},"product_cat":[49,344],"product_tag":[],"_links":{"self":[{"href":"https:\/\/www.sopha-sahara.com\/en\/wp-json\/wp\/v2\/product\/24788"}],"collection":[{"href":"https:\/\/www.sopha-sahara.com\/en\/wp-json\/wp\/v2\/product"}],"about":[{"href":"https:\/\/www.sopha-sahara.com\/en\/wp-json\/wp\/v2\/types\/product"}],"wp:featuredmedia":[{"embeddable":true,"href":"https:\/\/www.sopha-sahara.com\/en\/wp-json\/wp\/v2\/media\/30615"}],"wp:attachment":[{"href":"https:\/\/www.sopha-sahara.com\/en\/wp-json\/wp\/v2\/media?parent=24788"}],"wp:term":[{"taxonomy":"product_cat","embeddable":true,"href":"https:\/\/www.sopha-sahara.com\/en\/wp-json\/wp\/v2\/product_cat?post=24788"},{"taxonomy":"product_tag","embeddable":true,"href":"https:\/\/www.sopha-sahara.com\/en\/wp-json\/wp\/v2\/product_tag?post=24788"}],"curies":[{"name":"wp","href":"https:\/\/api.w.org\/{rel}","templated":true}]}}