{"id":24784,"date":"2020-12-23T17:19:38","date_gmt":"2020-12-23T16:19:38","guid":{"rendered":"https:\/\/www.interbusinesschamber.com\/produit\/ansiovit\/"},"modified":"2020-12-28T11:15:33","modified_gmt":"2020-12-28T10:15:33","slug":"ansiovit","status":"publish","type":"product","link":"https:\/\/www.sopha-sahara.com\/en\/product\/ansiovit\/","title":{"rendered":"Ansiovit\u00ae"},"content":{"rendered":"<h4 class=\"yikes-custom-woo-tab-title yikes-custom-woo-tab-title-forme-et-presentation\">FORME ET PR\u00c9SENTATION<\/h4>\n<p>Comprim\u00e9, bo\u00eete de 30.<\/p>\n<p>COMPOSITION (par comprim\u00e9)<br \/>Passiflore (Passiflora incarnata) extrait sec, Rhodiole (Rhodila rosea) extrait sec, Cellulose, Scutellaire (Scrutelaria baicalensis) extrait sec, magn\u00e9sium st\u00e9arate, anti-agglom\u00e9rant : dioxyde de silice.<\/p>\n<h4 class=\"yikes-custom-woo-tab-title yikes-custom-woo-tab-title-utilisation\">UTILISATION<\/h4>\n<p><strong>Ansiovit<sup>\u00ae<\/sup><\/strong>\u00a0est recommand\u00e9 en cas d\u2019anxi\u00e9t\u00e9, de nervosit\u00e9, d\u2019irritabilit\u00e9 ou de stress.<\/p>\n<h4 class=\"yikes-custom-woo-tab-title yikes-custom-woo-tab-title-conseils-dutilisation\">CONSEILS D\u2019UTILISATION<\/h4>\n<p>\u2022 1 comprim\u00e9 2 fois par jour, avec un verre d\u2019eau avant les repas.<br \/>\u2022 \u00e0 utiliser en compl\u00e9m\u00e9nt d\u2019une alimentation vari\u00e9e.<br \/>\u2022 Respecter la dose jounali\u00e8re conseill\u00e9e.<br \/>\u2022 Tenir hors de port\u00e9e des jeunes enfants.<br \/>Compl\u00e9ment alimentaire, ce n\u2019est pas un m\u00e9dicament.<\/p>","protected":false},"excerpt":{"rendered":"<p><strong>Ansiovit<sup>\u00ae<\/sup><\/strong>\u00a0(\u00e0 base d\u2019actifs naturels v\u00e9g\u00e9taux) procure une activit\u00e9e physiologique relaxante et apaisante.<\/p>","protected":false},"featured_media":24833,"template":"","meta":{"arc_restricted_post":false},"product_cat":[49,344],"product_tag":[],"_links":{"self":[{"href":"https:\/\/www.sopha-sahara.com\/en\/wp-json\/wp\/v2\/product\/24784"}],"collection":[{"href":"https:\/\/www.sopha-sahara.com\/en\/wp-json\/wp\/v2\/product"}],"about":[{"href":"https:\/\/www.sopha-sahara.com\/en\/wp-json\/wp\/v2\/types\/product"}],"wp:featuredmedia":[{"embeddable":true,"href":"https:\/\/www.sopha-sahara.com\/en\/wp-json\/wp\/v2\/media\/24833"}],"wp:attachment":[{"href":"https:\/\/www.sopha-sahara.com\/en\/wp-json\/wp\/v2\/media?parent=24784"}],"wp:term":[{"taxonomy":"product_cat","embeddable":true,"href":"https:\/\/www.sopha-sahara.com\/en\/wp-json\/wp\/v2\/product_cat?post=24784"},{"taxonomy":"product_tag","embeddable":true,"href":"https:\/\/www.sopha-sahara.com\/en\/wp-json\/wp\/v2\/product_tag?post=24784"}],"curies":[{"name":"wp","href":"https:\/\/api.w.org\/{rel}","templated":true}]}}