{"id":24779,"date":"2020-12-23T17:19:35","date_gmt":"2020-12-23T16:19:35","guid":{"rendered":"https:\/\/www.interbusinesschamber.com\/produit\/apixolspray\/"},"modified":"2020-12-28T11:17:02","modified_gmt":"2020-12-28T10:17:02","slug":"apixolspray","status":"publish","type":"product","link":"https:\/\/www.sopha-sahara.com\/en\/product\/apixolspray\/","title":{"rendered":"Apixol\u00aeSpray"},"content":{"rendered":"<h4 class=\"yikes-custom-woo-tab-title yikes-custom-woo-tab-title-formes-et-presentations\">FORMES ET PR\u00c9SENTATIONS<\/h4>\n<p><strong>Apixol<\/strong>\u00ae<strong>\u00a0 Spray gorge Adulte,\u00a0<\/strong>flacon de 30 ml<br \/><strong>Apixol<\/strong>\u00ae<strong>\u00a0\u00a0\u00a0Spray gorge Enfant,\u00a0<\/strong>flacon de 30 ml.<\/p>\n<h4 class=\"yikes-custom-woo-tab-title yikes-custom-woo-tab-title-utilisation\">UTILISATION<\/h4>\n<p>Irritation et mal de gorge.<br \/>Aphtose oro-pharyng\u00e9e.<\/p>\n<h4 class=\"yikes-custom-woo-tab-title yikes-custom-woo-tab-title-conseils-dutilisation\">CONSEILS D\u2019UTILISATION<\/h4>\n<p><strong>Apixol<\/strong><sup>\u00ae<\/sup>\u00a0Spray gorge Adulte :<br \/>Introduire l\u2019embout pulv\u00e9risateur dans la gorge.<br \/>Administrer 2 \u00e0 3 pulv\u00e9risations.<br \/>R\u00e9p\u00e9tez l\u2019op\u00e9ration 3 \u00e0 4 fois durant la journ\u00e9e si n\u00e9cessaire.<br \/><strong>Apixol<\/strong><sup>\u00ae<\/sup>\u00a0Spray gorge Enfant \u00e0 partir de 3 ans :<br \/>Introduire l\u2019embout pulv\u00e9risateur dans la gorge.<br \/>Administrer 2 \u00e0 3 pulv\u00e9risations.<br \/>R\u00e9p\u00e9tez l\u2019op\u00e9ration 3 \u00e0 4 fois durant la journ\u00e9esi n\u00e9cessaire.<\/p>","protected":false},"excerpt":{"rendered":"<p><strong>Apixol<\/strong>\u00ae\u00a0 Spray gorge est \u00e0 base de propolis, de sauge, de thym et de vitamine C ainsi que d\u2019autres actifs destin\u00e9s au traitement des \u00e9tats inflammatoires de la gorge.<br \/><strong>Apixol<\/strong>\u00ae Spray gorge soulage les sympt\u00f4mes accompagnateurs tels qu\u2019une s\u00e9cheresse de la gorge, des picotements, une douleur ou une difficult\u00e9 \u00e0 d\u00e9glutir.<\/p>","protected":false},"featured_media":24804,"template":"","meta":{"arc_restricted_post":false},"product_cat":[49,344],"product_tag":[],"_links":{"self":[{"href":"https:\/\/www.sopha-sahara.com\/en\/wp-json\/wp\/v2\/product\/24779"}],"collection":[{"href":"https:\/\/www.sopha-sahara.com\/en\/wp-json\/wp\/v2\/product"}],"about":[{"href":"https:\/\/www.sopha-sahara.com\/en\/wp-json\/wp\/v2\/types\/product"}],"wp:featuredmedia":[{"embeddable":true,"href":"https:\/\/www.sopha-sahara.com\/en\/wp-json\/wp\/v2\/media\/24804"}],"wp:attachment":[{"href":"https:\/\/www.sopha-sahara.com\/en\/wp-json\/wp\/v2\/media?parent=24779"}],"wp:term":[{"taxonomy":"product_cat","embeddable":true,"href":"https:\/\/www.sopha-sahara.com\/en\/wp-json\/wp\/v2\/product_cat?post=24779"},{"taxonomy":"product_tag","embeddable":true,"href":"https:\/\/www.sopha-sahara.com\/en\/wp-json\/wp\/v2\/product_tag?post=24779"}],"curies":[{"name":"wp","href":"https:\/\/api.w.org\/{rel}","templated":true}]}}