{"id":24777,"date":"2020-12-23T17:19:34","date_gmt":"2020-12-23T16:19:34","guid":{"rendered":"https:\/\/www.interbusinesschamber.com\/produit\/zetalax\/"},"modified":"2021-02-18T14:35:31","modified_gmt":"2021-02-18T13:35:31","slug":"zetalax","status":"publish","type":"product","link":"https:\/\/www.sopha-sahara.com\/en\/product\/zetalax\/","title":{"rendered":"ZETALAX\u00ae"},"content":{"rendered":"<h4 class=\"yikes-custom-woo-tab-title yikes-custom-woo-tab-title-composition\">COMPOSITION<\/h4>\n<p>Glyc\u00e9rol, amidon, camomille extrait fluide, mauve extrait fluide, eau.<\/p>\n<h4 class=\"yikes-custom-woo-tab-title yikes-custom-woo-tab-title-utilisation\">UTILISATION<\/h4>\n<p><strong>ZETALAX<sup>\u00ae<\/sup><\/strong>\u00a0DM microlavement\u00a0 s\u2019utilise en cas de constipation. La constipation consiste en l\u2019alt\u00e9ration du rythme normal d\u2019\u00e9vacuation; elle peut \u00eatre li\u00e9e \u00e0 des facteurs comme un changement du style de vie, des habitudes alimentaires, etc.<br \/>En cas de constipation chronique, il est conseill\u00e9 de consulter un m\u00e9decin.\u00a0<strong>ZETALAX<sup>\u00ae<\/sup><\/strong>\u00a0DM microlavement\u00a0 agit m\u00e9caniquement au niveau du rectum et stimule le processus d\u2019expulsion des mati\u00e8res f\u00e9cales. L\u2019action locale garantit la s\u00e9curit\u00e9 du produit, qui n\u2019a pas d\u2019interaction avec les processus physiologiques du tube digestif et n\u2019a donc aucun effet collat\u00e9ral sur le syst\u00e8me.<\/p>\n<p>COMMENT UTILISER CE PRODUIT<\/p>\n<p>Ouvrir l\u2019emballage.<br \/>Enlever le bouchon du microlavement et lubrifier la canule avec une goutte du produit.<br \/>Introduire d\u00e9licatement la canule dans le rectum, sans presser le tube.<br \/>Appuyer \u00e0 fond sur le microlavement.<br \/>Extraire la canule sans rel\u00e2cher la pression sur le tube, pour ne pas aspirer \u00e0 nouveau le liquide. Il est conseill\u00e9 d\u2019appliquer un ou deux microlavements par jour.<\/p>\n<p>CAS DANS LESQUELS IL NE FAUT PAS UTILISER LE PRODUIT<\/p>\n<p><strong>ZETALAX<sup>\u00ae<\/sup>\u00a0<\/strong>DM microlavement\u00a0 ne doit pas \u00eatre utilis\u00e9 en cas de douleur abdominale aigu\u00eb, naus\u00e9e, vomissement, obstruction intestinale, saignement rectal d\u2019origine inconnue, grave \u00e9tat de d\u00e9shydratation, rectocolite h\u00e9morragique et inflammation h\u00e9morro\u00efdale. Ne pas utiliser en cas d\u2019hypersensibilit\u00e9 aux ingr\u00e9dients contenus dans le produit.<br \/>GROSSESSE ET ALLAITEMENT : Avant d\u2019utiliser le produit, demander conseil au m\u00e9decin ou au pharmacien.<\/p>\n<h4 class=\"yikes-custom-woo-tab-title yikes-custom-woo-tab-title-precautions-demploi\">PR\u00c9CAUTIONS D\u2019EMPLOI<\/h4>\n<p>Ne pas utiliser chez les enfants de moins de 12 ans. Suivre attentivement le mode d\u2019emploi. Conserver hors de port\u00e9e des enfants.<\/p>\n<p>Dispositif m\u00e9dical classe 1. Autorisation minist\u00e8re de la sant\u00e9 n\u00b0 : 860\/16116\/2016\/ DMP\/20\/DM.<\/p>","protected":false},"excerpt":{"rendered":"<p>ZETALAX\u00ae<\/p>","protected":false},"featured_media":30255,"template":"","meta":{"arc_restricted_post":false},"product_cat":[49,344],"product_tag":[],"_links":{"self":[{"href":"https:\/\/www.sopha-sahara.com\/en\/wp-json\/wp\/v2\/product\/24777"}],"collection":[{"href":"https:\/\/www.sopha-sahara.com\/en\/wp-json\/wp\/v2\/product"}],"about":[{"href":"https:\/\/www.sopha-sahara.com\/en\/wp-json\/wp\/v2\/types\/product"}],"wp:featuredmedia":[{"embeddable":true,"href":"https:\/\/www.sopha-sahara.com\/en\/wp-json\/wp\/v2\/media\/30255"}],"wp:attachment":[{"href":"https:\/\/www.sopha-sahara.com\/en\/wp-json\/wp\/v2\/media?parent=24777"}],"wp:term":[{"taxonomy":"product_cat","embeddable":true,"href":"https:\/\/www.sopha-sahara.com\/en\/wp-json\/wp\/v2\/product_cat?post=24777"},{"taxonomy":"product_tag","embeddable":true,"href":"https:\/\/www.sopha-sahara.com\/en\/wp-json\/wp\/v2\/product_tag?post=24777"}],"curies":[{"name":"wp","href":"https:\/\/api.w.org\/{rel}","templated":true}]}}