{"id":24587,"date":"2020-12-18T17:10:40","date_gmt":"2020-12-18T16:10:40","guid":{"rendered":"https:\/\/www.interbusinesschamber.com\/produit\/mielii-spiruline\/"},"modified":"2020-12-29T09:57:30","modified_gmt":"2020-12-29T08:57:30","slug":"mielii-spiruline","status":"publish","type":"product","link":"https:\/\/www.sopha-sahara.com\/en\/product\/mielii-spiruline\/","title":{"rendered":"Mielii Spiruline"},"content":{"rendered":"<p>Ingr\u00e9dients : miel de chardon marie 95%, extrait de spiruline sur base de 5%<\/p>","protected":false},"excerpt":{"rendered":"<p>Miel &amp; spiruline :faites le plein d&rsquo;energie D\u00e9licieusement La spiruline est une micro algue d\u2019eau douce de couleur bleu-vert qualifi\u00e9e de super aliment et reconnue pour ses propri\u00e9t\u00e9s antioxydants.<\/p>\n<p>Il est conseill\u00e9 de consommer l\u2019\u00e9quivalent d\u2019une cuiller\u00e9e \u00e0 caf\u00e9 de miel &amp; spiruline par jour de pr\u00e9f\u00e9rence le matin, id\u00e9alement pendant un mois afin de profiter de tous les bienfaits.<\/p>\n<p><\/p>","protected":false},"featured_media":24599,"template":"","meta":{"arc_restricted_post":false},"product_cat":[49,341],"product_tag":[],"_links":{"self":[{"href":"https:\/\/www.sopha-sahara.com\/en\/wp-json\/wp\/v2\/product\/24587"}],"collection":[{"href":"https:\/\/www.sopha-sahara.com\/en\/wp-json\/wp\/v2\/product"}],"about":[{"href":"https:\/\/www.sopha-sahara.com\/en\/wp-json\/wp\/v2\/types\/product"}],"wp:featuredmedia":[{"embeddable":true,"href":"https:\/\/www.sopha-sahara.com\/en\/wp-json\/wp\/v2\/media\/24599"}],"wp:attachment":[{"href":"https:\/\/www.sopha-sahara.com\/en\/wp-json\/wp\/v2\/media?parent=24587"}],"wp:term":[{"taxonomy":"product_cat","embeddable":true,"href":"https:\/\/www.sopha-sahara.com\/en\/wp-json\/wp\/v2\/product_cat?post=24587"},{"taxonomy":"product_tag","embeddable":true,"href":"https:\/\/www.sopha-sahara.com\/en\/wp-json\/wp\/v2\/product_tag?post=24587"}],"curies":[{"name":"wp","href":"https:\/\/api.w.org\/{rel}","templated":true}]}}