{"id":24585,"date":"2020-12-18T17:10:39","date_gmt":"2020-12-18T16:10:39","guid":{"rendered":"https:\/\/www.interbusinesschamber.com\/produit\/miel-gelee-royal\/"},"modified":"2020-12-29T09:56:33","modified_gmt":"2020-12-29T08:56:33","slug":"miel-gelee-royal","status":"publish","type":"product","link":"https:\/\/www.sopha-sahara.com\/en\/product\/miel-gelee-royal\/","title":{"rendered":"Miel &#038; gel\u00e9e royal"},"content":{"rendered":"<p>une cuill\u00e8re \u00e0 caf\u00e9 de gel\u00e9e royale Mielii avant chaque petit-d\u00e9jeuner, pendant 4 \u00e0 6 semaines ....<\/p>\n<div class=\"o9v6fnle cxmmr5t8 oygrvhab hcukyx3x c1et5uql ii04i59q\">\n<h4 dir=\"auto\">Vertus :<\/h4>\n<\/div>\n<div class=\"o9v6fnle cxmmr5t8 oygrvhab hcukyx3x c1et5uql ii04i59q\">\n<div dir=\"auto\">- stimulant g\u00e9n\u00e9ral de l'organisme.<\/div>\n<\/div>\n<div class=\"o9v6fnle cxmmr5t8 oygrvhab hcukyx3x c1et5uql ii04i59q\">\n<div dir=\"auto\">- producteur d'\u00e9nergie et comble aussi les carences de l'organisme<\/div>\n<\/div>\n<div class=\"o9v6fnle cxmmr5t8 oygrvhab hcukyx3x c1et5uql ii04i59q\">\n<div dir=\"auto\">- contre l'\u00e9tat d\u00e9pressif.<\/div>\n<\/div>\n<div class=\"o9v6fnle cxmmr5t8 oygrvhab hcukyx3x c1et5uql ii04i59q\">\n<div dir=\"auto\">- ag\u00eet contre le vieillissement de la peau, notamment sur les rides.<\/div>\n<\/div>\n<div class=\"o9v6fnle cxmmr5t8 oygrvhab hcukyx3x c1et5uql ii04i59q\">\n<div dir=\"auto\">- lutte contre l'impuissance sexuelle (vigueur sexuelle ), la frigidit\u00e9 ou encore la perte de m\u00e9moire.<\/div>\n<\/div>\n<div class=\"o9v6fnle cxmmr5t8 oygrvhab hcukyx3x c1et5uql ii04i59q\">\n<div dir=\"auto\">- Elle soutient les personnesen convalescence .<\/div>\n<\/div>\n<div class=\"o9v6fnle cxmmr5t8 oygrvhab hcukyx3x c1et5uql ii04i59q\">\n<div dir=\"auto\">- contre le stress<\/div>\n<\/div>\n<div class=\"o9v6fnle cxmmr5t8 oygrvhab hcukyx3x c1et5uql ii04i59q\">\n<div dir=\"auto\">- r\u00e9gulation hormonale (p\u00e9riode de m\u00e9nopause,troubles de menstruation)<\/div>\n<\/div>\n<div class=\"o9v6fnle cxmmr5t8 oygrvhab hcukyx3x c1et5uql ii04i59q\">\n<h4 dir=\"auto\">Conseils d\u2019utilisation :<\/h4>\n<\/div>\n<div class=\"o9v6fnle cxmmr5t8 oygrvhab hcukyx3x c1et5uql ii04i59q\">\n<div dir=\"auto\">A mettre au r\u00e9frig\u00e9rateur apr\u00e8s ouverture. Il est recommand\u00e9 de prendre.<\/div>\n<\/div>","protected":false},"excerpt":{"rendered":"<div class=\"kvgmc6g5 cxmmr5t8 oygrvhab hcukyx3x c1et5uql ii04i59q\">\n<div dir=\"auto\">-Miel de Gel\u00e9e royale-<\/div>\n<div dir=\"auto\">La gel\u00e9e royale est r\u00e9put\u00e9e pour ses nombreux effets b\u00e9n\u00e9fiques.<\/div>\n<div dir=\"auto\">Elle est un v\u00e9ritable stimulant et fortifiant pour les d\u00e9fenses immunitaires.<\/div>\n<div dir=\"auto\">Elle pr\u00e9vient des maladies d\u00e9g\u00e9n\u00e9ratives.<\/div>\n<div dir=\"auto\">Cette substance traite \u00e9galement des troubles digestifs et peut agir comme antianorexique.<\/div>\n<\/div>\n<div class=\"o9v6fnle cxmmr5t8 oygrvhab hcukyx3x c1et5uql ii04i59q\">\u00a0<\/div>\n<div class=\"o9v6fnle cxmmr5t8 oygrvhab hcukyx3x c1et5uql ii04i59q\">\n<div dir=\"auto\">\u00a0<\/div>\n<\/div>","protected":false},"featured_media":24591,"template":"","meta":{"arc_restricted_post":false},"product_cat":[49,341],"product_tag":[],"_links":{"self":[{"href":"https:\/\/www.sopha-sahara.com\/en\/wp-json\/wp\/v2\/product\/24585"}],"collection":[{"href":"https:\/\/www.sopha-sahara.com\/en\/wp-json\/wp\/v2\/product"}],"about":[{"href":"https:\/\/www.sopha-sahara.com\/en\/wp-json\/wp\/v2\/types\/product"}],"wp:featuredmedia":[{"embeddable":true,"href":"https:\/\/www.sopha-sahara.com\/en\/wp-json\/wp\/v2\/media\/24591"}],"wp:attachment":[{"href":"https:\/\/www.sopha-sahara.com\/en\/wp-json\/wp\/v2\/media?parent=24585"}],"wp:term":[{"taxonomy":"product_cat","embeddable":true,"href":"https:\/\/www.sopha-sahara.com\/en\/wp-json\/wp\/v2\/product_cat?post=24585"},{"taxonomy":"product_tag","embeddable":true,"href":"https:\/\/www.sopha-sahara.com\/en\/wp-json\/wp\/v2\/product_tag?post=24585"}],"curies":[{"name":"wp","href":"https:\/\/api.w.org\/{rel}","templated":true}]}}